{"id":982,"date":"2024-04-05T05:11:14","date_gmt":"2024-04-05T05:11:14","guid":{"rendered":"https:\/\/belovedlabel.com\/sk\/product\/bezicni-grudnjak-s-cipkom-audrey-bijeli\/"},"modified":"2025-08-12T13:49:53","modified_gmt":"2025-08-12T11:49:53","slug":"bezdrotova-podprsenka-s-cipkou-audrey-biela","status":"publish","type":"product","link":"https:\/\/belovedlabel.com\/sk\/product\/bezdrotova-podprsenka-s-cipkou-audrey-biela\/","title":{"rendered":"Bezdr\u00f4tov\u00e1 podprsenka s \u010dipkou AUDREY biela"},"content":{"rendered":"<ul>\n<li><a href=\"https:\/\/belovedlingerie.com\/si\/kategorija\/back-to-basics-kolekcija\/nedrcki\/\" target=\"_blank\" rel=\"noopener\">Bezdr\u00f4tov\u00e1 podprsenka s \u010dipkou<\/a> z pohodln\u00fdch materi\u00e1lov.<\/li>\n<li>Ke\u010f\u017ee neobsahuje podporn\u00fd dr\u00f4t, je pohodln\u00e1 na ka\u017edodenn\u00e9 nosenie a nevidite\u013en\u00e1 pod oble\u010den\u00edm.<\/li>\n<li><a href=\"https:\/\/www.beloved.si\/back-to-basics-comfortable-brezsivno-spodnje-perilo-za-vsakdanje-udobje\/\" target=\"_blank\" rel=\"noopener\"> Pohodln\u00e1<\/a> a elegantn\u00e1.<\/li>\n<li>Nastavite\u013en\u00e9 ramienka.<\/li>\n<li>Vystu\u017een\u00e9 vank\u00fa\u0161iky.<\/li>\n<li>Mo\u017enos\u0165 nastavenia objemu podprsenky a p\u00e1su pomocou rukov\u00e4t\u00ed.<\/li>\n<li>Zatv\u00e1ranie na h\u00e1\u010dik.<\/li>\n<li>Kr\u00e1sne \u010dipkov\u00e9 detaily.<\/li>\n<li>Farba: biela.<\/li>\n<li>Vyroben\u00e9 z m\u00e4kk\u00fdch materi\u00e1lov pr\u00edjemn\u00fdch na poko\u017eku.<\/li>\n<li>Modelka nos\u00ed odev ve\u013ekosti S.<\/li>\n<li>Farby <a href=\"https:\/\/belovedlingerie.com\/si\/kategorija\/back-to-basics-kolekcija\/nedrcki\/\">spodnej bielizne<\/a> na obr\u00e1zkoch sa m\u00f4\u017eu mierne l\u00ed\u0161i\u0165 od skuto\u010dn\u00fdch farieb, kv\u00f4li nastaveniam telef\u00f3nu alebo po\u010d\u00edta\u010da.<\/li>\n<li>Zlo\u017eenie: Vank\u00fa\u0161ik: 82% nylon, 18% spandex; Vonkaj\u0161ia \u010das\u0165 1: 90% modal, 10% spandex, vonkaj\u0161ia \u010das\u0165 2: 83% nylon, 17% spandex.<\/li>\n<\/ul>\n","protected":false},"excerpt":{"rendered":"<p>Bezdr\u00f4tov\u00e1 podprsenka s \u010dipkou z pohodln\u00fdch materi\u00e1lov. Ke\u010f\u017ee neobsahuje podporn\u00fd dr\u00f4t, je pohodln\u00e1 na ka\u017edodenn\u00e9 nosenie a nevidite\u013en\u00e1 pod oble\u010den\u00edm. Pohodln\u00e1 a elegantn\u00e1. Nastavite\u013en\u00e9 ramienka. Vystu\u017een\u00e9 vank\u00fa\u0161iky. Mo\u017enos\u0165 nastavenia objemu podprsenky a p\u00e1su pomocou rukov\u00e4t\u00ed. Zatv\u00e1ranie na h\u00e1\u010dik. Kr\u00e1sne \u010dipkov\u00e9 detaily. Farba: biela. Vyroben\u00e9 z m\u00e4kk\u00fdch materi\u00e1lov pr\u00edjemn\u00fdch na poko\u017eku. Modelka nos\u00ed odev ve\u013ekosti S. [&#8230;]\n","protected":false},"featured_media":983,"comment_status":"closed","ping_status":"closed","template":"","meta":{"_acf_changed":false},"product_brand":[],"product_cat":[44,45,46,47],"product_tag":[],"class_list":{"0":"post-982","1":"product","2":"type-product","3":"status-publish","4":"has-post-thumbnail","6":"product_cat-back-to-basics","7":"product_cat-podprsenky","8":"product_cat-bezsvova-spodna-bielizen","9":"product_cat-podprsenky-bezsvova-spodna-bielizen","10":"pa_velkost-s","11":"pa_velkost-m","12":"pa_velkost-l","13":"pa_velkost-xl","15":"first","16":"instock","17":"taxable","18":"shipping-taxable","19":"purchasable","20":"product-type-variable"},"acf":[],"yoast_head":"<!-- This site is optimized with the Yoast SEO plugin v25.6 - https:\/\/yoast.com\/wordpress\/plugins\/seo\/ -->\n<title>Bezdr\u00f4tov\u00e1 podprsenka s \u010dipkou AUDREY biela - Beloved Label<\/title>\n<meta name=\"robots\" content=\"index, follow, max-snippet:-1, max-image-preview:large, max-video-preview:-1\" \/>\n<link rel=\"canonical\" href=\"https:\/\/belovedlabel.com\/sk\/product\/bezdrotova-podprsenka-s-cipkou-audrey-biela\/\" \/>\n<meta property=\"og:locale\" content=\"sk_SK\" \/>\n<meta property=\"og:type\" content=\"article\" \/>\n<meta property=\"og:title\" content=\"Bezdr\u00f4tov\u00e1 podprsenka s \u010dipkou AUDREY biela - Beloved Label\" \/>\n<meta property=\"og:description\" content=\"Bezdr\u00f4tov\u00e1 podprsenka s \u010dipkou z pohodln\u00fdch materi\u00e1lov. Ke\u010f\u017ee neobsahuje podporn\u00fd dr\u00f4t, je pohodln\u00e1 na ka\u017edodenn\u00e9 nosenie a nevidite\u013en\u00e1 pod oble\u010den\u00edm. Pohodln\u00e1 a elegantn\u00e1. Nastavite\u013en\u00e9 ramienka. Vystu\u017een\u00e9 vank\u00fa\u0161iky. Mo\u017enos\u0165 nastavenia objemu podprsenky a p\u00e1su pomocou rukov\u00e4t\u00ed. Zatv\u00e1ranie na h\u00e1\u010dik. Kr\u00e1sne \u010dipkov\u00e9 detaily. Farba: biela. Vyroben\u00e9 z m\u00e4kk\u00fdch materi\u00e1lov pr\u00edjemn\u00fdch na poko\u017eku. Modelka nos\u00ed odev ve\u013ekosti S. [...]\" \/>\n<meta property=\"og:url\" content=\"https:\/\/belovedlabel.com\/sk\/product\/bezdrotova-podprsenka-s-cipkou-audrey-biela\/\" \/>\n<meta property=\"og:site_name\" content=\"Beloved Label\" \/>\n<meta property=\"article:publisher\" content=\"https:\/\/www.facebook.com\/belovedlingerie\" \/>\n<meta property=\"article:modified_time\" content=\"2025-08-12T11:49:53+00:00\" \/>\n<meta property=\"og:image\" content=\"https:\/\/belovedlabel.com\/sk\/wp-content\/uploads\/2025\/03\/Brezzicni-nedrcek-s-cipko-AUDREY-bel-13.jpg\" \/>\n\t<meta property=\"og:image:width\" content=\"1568\" \/>\n\t<meta property=\"og:image:height\" content=\"2352\" \/>\n\t<meta property=\"og:image:type\" content=\"image\/jpeg\" \/>\n<meta name=\"twitter:card\" content=\"summary_large_image\" \/>\n<meta name=\"twitter:label1\" content=\"Predpokladan\u00fd \u010das \u010d\u00edtania\" \/>\n\t<meta name=\"twitter:data1\" content=\"1 min\u00fata\" \/>\n<script type=\"application\/ld+json\" class=\"yoast-schema-graph\">{\"@context\":\"https:\/\/schema.org\",\"@graph\":[{\"@type\":\"WebPage\",\"@id\":\"https:\/\/belovedlabel.com\/sk\/product\/bezdrotova-podprsenka-s-cipkou-audrey-biela\/\",\"url\":\"https:\/\/belovedlabel.com\/sk\/product\/bezdrotova-podprsenka-s-cipkou-audrey-biela\/\",\"name\":\"Bezdr\u00f4tov\u00e1 podprsenka s \u010dipkou AUDREY biela - Beloved Label\",\"isPartOf\":{\"@id\":\"https:\/\/belovedlabel.com\/sk\/#website\"},\"primaryImageOfPage\":{\"@id\":\"https:\/\/belovedlabel.com\/sk\/product\/bezdrotova-podprsenka-s-cipkou-audrey-biela\/#primaryimage\"},\"image\":{\"@id\":\"https:\/\/belovedlabel.com\/sk\/product\/bezdrotova-podprsenka-s-cipkou-audrey-biela\/#primaryimage\"},\"thumbnailUrl\":\"https:\/\/belovedlabel.com\/sk\/wp-content\/uploads\/2025\/03\/Brezzicni-nedrcek-s-cipko-AUDREY-bel-13.jpg\",\"datePublished\":\"2024-04-05T05:11:14+00:00\",\"dateModified\":\"2025-08-12T11:49:53+00:00\",\"breadcrumb\":{\"@id\":\"https:\/\/belovedlabel.com\/sk\/product\/bezdrotova-podprsenka-s-cipkou-audrey-biela\/#breadcrumb\"},\"inLanguage\":\"sk-SK\",\"potentialAction\":[{\"@type\":\"ReadAction\",\"target\":[\"https:\/\/belovedlabel.com\/sk\/product\/bezdrotova-podprsenka-s-cipkou-audrey-biela\/\"]}]},{\"@type\":\"ImageObject\",\"inLanguage\":\"sk-SK\",\"@id\":\"https:\/\/belovedlabel.com\/sk\/product\/bezdrotova-podprsenka-s-cipkou-audrey-biela\/#primaryimage\",\"url\":\"https:\/\/belovedlabel.com\/sk\/wp-content\/uploads\/2025\/03\/Brezzicni-nedrcek-s-cipko-AUDREY-bel-13.jpg\",\"contentUrl\":\"https:\/\/belovedlabel.com\/sk\/wp-content\/uploads\/2025\/03\/Brezzicni-nedrcek-s-cipko-AUDREY-bel-13.jpg\",\"width\":1568,\"height\":2352},{\"@type\":\"BreadcrumbList\",\"@id\":\"https:\/\/belovedlabel.com\/sk\/product\/bezdrotova-podprsenka-s-cipkou-audrey-biela\/#breadcrumb\",\"itemListElement\":[{\"@type\":\"ListItem\",\"position\":1,\"name\":\"Po\u010detna\",\"item\":\"https:\/\/belovedlabel.com\/sk\/\"},{\"@type\":\"ListItem\",\"position\":2,\"name\":\"Shop\",\"item\":\"https:\/\/belovedlabel.com\/sk\/shop\/\"},{\"@type\":\"ListItem\",\"position\":3,\"name\":\"Bezdr\u00f4tov\u00e1 podprsenka s \u010dipkou AUDREY biela\"}]},{\"@type\":\"WebSite\",\"@id\":\"https:\/\/belovedlabel.com\/sk\/#website\",\"url\":\"https:\/\/belovedlabel.com\/sk\/\",\"name\":\"Beloved Lingerie\",\"description\":\"Your beloved store!\",\"publisher\":{\"@id\":\"https:\/\/belovedlabel.com\/sk\/#organization\"},\"potentialAction\":[{\"@type\":\"SearchAction\",\"target\":{\"@type\":\"EntryPoint\",\"urlTemplate\":\"https:\/\/belovedlabel.com\/sk\/?s={search_term_string}\"},\"query-input\":{\"@type\":\"PropertyValueSpecification\",\"valueRequired\":true,\"valueName\":\"search_term_string\"}}],\"inLanguage\":\"sk-SK\"},{\"@type\":\"Organization\",\"@id\":\"https:\/\/belovedlabel.com\/sk\/#organization\",\"name\":\"Beloved Lingerie\",\"url\":\"https:\/\/belovedlabel.com\/sk\/\",\"logo\":{\"@type\":\"ImageObject\",\"inLanguage\":\"sk-SK\",\"@id\":\"https:\/\/belovedlabel.com\/sk\/#\/schema\/logo\/image\/\",\"url\":\"https:\/\/belovedlabel.com\/sk\/wp-content\/uploads\/2025\/03\/beloved-logo.png\",\"contentUrl\":\"https:\/\/belovedlabel.com\/sk\/wp-content\/uploads\/2025\/03\/beloved-logo.png\",\"width\":1400,\"height\":544,\"caption\":\"Beloved Lingerie\"},\"image\":{\"@id\":\"https:\/\/belovedlabel.com\/sk\/#\/schema\/logo\/image\/\"},\"sameAs\":[\"https:\/\/www.facebook.com\/belovedlingerie\",\"https:\/\/www.instagram.com\/yourbelovedlingerie\/\",\"https:\/\/www.tiktok.com\/@belovedfashion\"]}]}<\/script>\n<!-- \/ Yoast SEO plugin. -->","yoast_head_json":{"title":"Bezdr\u00f4tov\u00e1 podprsenka s \u010dipkou AUDREY biela - Beloved Label","robots":{"index":"index","follow":"follow","max-snippet":"max-snippet:-1","max-image-preview":"max-image-preview:large","max-video-preview":"max-video-preview:-1"},"canonical":"https:\/\/belovedlabel.com\/sk\/product\/bezdrotova-podprsenka-s-cipkou-audrey-biela\/","og_locale":"sk_SK","og_type":"article","og_title":"Bezdr\u00f4tov\u00e1 podprsenka s \u010dipkou AUDREY biela - Beloved Label","og_description":"Bezdr\u00f4tov\u00e1 podprsenka s \u010dipkou z pohodln\u00fdch materi\u00e1lov. Ke\u010f\u017ee neobsahuje podporn\u00fd dr\u00f4t, je pohodln\u00e1 na ka\u017edodenn\u00e9 nosenie a nevidite\u013en\u00e1 pod oble\u010den\u00edm. Pohodln\u00e1 a elegantn\u00e1. Nastavite\u013en\u00e9 ramienka. Vystu\u017een\u00e9 vank\u00fa\u0161iky. Mo\u017enos\u0165 nastavenia objemu podprsenky a p\u00e1su pomocou rukov\u00e4t\u00ed. Zatv\u00e1ranie na h\u00e1\u010dik. Kr\u00e1sne \u010dipkov\u00e9 detaily. Farba: biela. Vyroben\u00e9 z m\u00e4kk\u00fdch materi\u00e1lov pr\u00edjemn\u00fdch na poko\u017eku. Modelka nos\u00ed odev ve\u013ekosti S. [...]","og_url":"https:\/\/belovedlabel.com\/sk\/product\/bezdrotova-podprsenka-s-cipkou-audrey-biela\/","og_site_name":"Beloved Label","article_publisher":"https:\/\/www.facebook.com\/belovedlingerie","article_modified_time":"2025-08-12T11:49:53+00:00","og_image":[{"width":1568,"height":2352,"url":"https:\/\/belovedlabel.com\/sk\/wp-content\/uploads\/2025\/03\/Brezzicni-nedrcek-s-cipko-AUDREY-bel-13.jpg","type":"image\/jpeg"}],"twitter_card":"summary_large_image","twitter_misc":{"Predpokladan\u00fd \u010das \u010d\u00edtania":"1 min\u00fata"},"schema":{"@context":"https:\/\/schema.org","@graph":[{"@type":"WebPage","@id":"https:\/\/belovedlabel.com\/sk\/product\/bezdrotova-podprsenka-s-cipkou-audrey-biela\/","url":"https:\/\/belovedlabel.com\/sk\/product\/bezdrotova-podprsenka-s-cipkou-audrey-biela\/","name":"Bezdr\u00f4tov\u00e1 podprsenka s \u010dipkou AUDREY biela - Beloved Label","isPartOf":{"@id":"https:\/\/belovedlabel.com\/sk\/#website"},"primaryImageOfPage":{"@id":"https:\/\/belovedlabel.com\/sk\/product\/bezdrotova-podprsenka-s-cipkou-audrey-biela\/#primaryimage"},"image":{"@id":"https:\/\/belovedlabel.com\/sk\/product\/bezdrotova-podprsenka-s-cipkou-audrey-biela\/#primaryimage"},"thumbnailUrl":"https:\/\/belovedlabel.com\/sk\/wp-content\/uploads\/2025\/03\/Brezzicni-nedrcek-s-cipko-AUDREY-bel-13.jpg","datePublished":"2024-04-05T05:11:14+00:00","dateModified":"2025-08-12T11:49:53+00:00","breadcrumb":{"@id":"https:\/\/belovedlabel.com\/sk\/product\/bezdrotova-podprsenka-s-cipkou-audrey-biela\/#breadcrumb"},"inLanguage":"sk-SK","potentialAction":[{"@type":"ReadAction","target":["https:\/\/belovedlabel.com\/sk\/product\/bezdrotova-podprsenka-s-cipkou-audrey-biela\/"]}]},{"@type":"ImageObject","inLanguage":"sk-SK","@id":"https:\/\/belovedlabel.com\/sk\/product\/bezdrotova-podprsenka-s-cipkou-audrey-biela\/#primaryimage","url":"https:\/\/belovedlabel.com\/sk\/wp-content\/uploads\/2025\/03\/Brezzicni-nedrcek-s-cipko-AUDREY-bel-13.jpg","contentUrl":"https:\/\/belovedlabel.com\/sk\/wp-content\/uploads\/2025\/03\/Brezzicni-nedrcek-s-cipko-AUDREY-bel-13.jpg","width":1568,"height":2352},{"@type":"BreadcrumbList","@id":"https:\/\/belovedlabel.com\/sk\/product\/bezdrotova-podprsenka-s-cipkou-audrey-biela\/#breadcrumb","itemListElement":[{"@type":"ListItem","position":1,"name":"Po\u010detna","item":"https:\/\/belovedlabel.com\/sk\/"},{"@type":"ListItem","position":2,"name":"Shop","item":"https:\/\/belovedlabel.com\/sk\/shop\/"},{"@type":"ListItem","position":3,"name":"Bezdr\u00f4tov\u00e1 podprsenka s \u010dipkou AUDREY biela"}]},{"@type":"WebSite","@id":"https:\/\/belovedlabel.com\/sk\/#website","url":"https:\/\/belovedlabel.com\/sk\/","name":"Beloved Lingerie","description":"Your beloved store!","publisher":{"@id":"https:\/\/belovedlabel.com\/sk\/#organization"},"potentialAction":[{"@type":"SearchAction","target":{"@type":"EntryPoint","urlTemplate":"https:\/\/belovedlabel.com\/sk\/?s={search_term_string}"},"query-input":{"@type":"PropertyValueSpecification","valueRequired":true,"valueName":"search_term_string"}}],"inLanguage":"sk-SK"},{"@type":"Organization","@id":"https:\/\/belovedlabel.com\/sk\/#organization","name":"Beloved Lingerie","url":"https:\/\/belovedlabel.com\/sk\/","logo":{"@type":"ImageObject","inLanguage":"sk-SK","@id":"https:\/\/belovedlabel.com\/sk\/#\/schema\/logo\/image\/","url":"https:\/\/belovedlabel.com\/sk\/wp-content\/uploads\/2025\/03\/beloved-logo.png","contentUrl":"https:\/\/belovedlabel.com\/sk\/wp-content\/uploads\/2025\/03\/beloved-logo.png","width":1400,"height":544,"caption":"Beloved Lingerie"},"image":{"@id":"https:\/\/belovedlabel.com\/sk\/#\/schema\/logo\/image\/"},"sameAs":["https:\/\/www.facebook.com\/belovedlingerie","https:\/\/www.instagram.com\/yourbelovedlingerie\/","https:\/\/www.tiktok.com\/@belovedfashion"]}]}},"_links":{"self":[{"href":"https:\/\/belovedlabel.com\/sk\/wp-json\/wp\/v2\/product\/982","targetHints":{"allow":["GET"]}}],"collection":[{"href":"https:\/\/belovedlabel.com\/sk\/wp-json\/wp\/v2\/product"}],"about":[{"href":"https:\/\/belovedlabel.com\/sk\/wp-json\/wp\/v2\/types\/product"}],"replies":[{"embeddable":true,"href":"https:\/\/belovedlabel.com\/sk\/wp-json\/wp\/v2\/comments?post=982"}],"wp:featuredmedia":[{"embeddable":true,"href":"https:\/\/belovedlabel.com\/sk\/wp-json\/wp\/v2\/media\/983"}],"wp:attachment":[{"href":"https:\/\/belovedlabel.com\/sk\/wp-json\/wp\/v2\/media?parent=982"}],"wp:term":[{"taxonomy":"product_brand","embeddable":true,"href":"https:\/\/belovedlabel.com\/sk\/wp-json\/wp\/v2\/product_brand?post=982"},{"taxonomy":"product_cat","embeddable":true,"href":"https:\/\/belovedlabel.com\/sk\/wp-json\/wp\/v2\/product_cat?post=982"},{"taxonomy":"product_tag","embeddable":true,"href":"https:\/\/belovedlabel.com\/sk\/wp-json\/wp\/v2\/product_tag?post=982"}],"curies":[{"name":"wp","href":"https:\/\/api.w.org\/{rel}","templated":true}]}}