{"id":695,"date":"2023-03-07T21:41:08","date_gmt":"2023-03-07T21:41:08","guid":{"rendered":"https:\/\/belovedlabel.com\/sk\/?post_type=product&#038;p=695"},"modified":"2025-08-12T13:49:35","modified_gmt":"2025-08-12T11:49:35","slug":"pyzamo-patricia-bezove","status":"publish","type":"product","link":"https:\/\/belovedlabel.com\/sk\/product\/pyzamo-patricia-bezove\/","title":{"rendered":"Py\u017eamo Patricia b\u00e9\u017eov\u00e9"},"content":{"rendered":"<ul>\n<li>Dvojdielne py\u017eamo.<\/li>\n<li>Zah\u0155\u0148a tielko a kr\u00e1tke nohavice.<\/li>\n<li>Materi\u00e1l s hodv\u00e1bnym vzh\u013eadom.<\/li>\n<li>Jemn\u00e9, \u017eensk\u00e9 a zvodn\u00e9 \u010dipkovan\u00e9 detaily.<\/li>\n<li>Nastavite\u013en\u00e9 ramienka.<\/li>\n<li>Kr\u00e1tke nohavice s elastick\u00fdm p\u00e1som.<\/li>\n<li>Farba: b\u00e9\u017eov\u00e1.<\/li>\n<li>Univerz\u00e1lna ve\u013ekos\u0165, vhodn\u00e1 pre ve\u013ekosti od XS do M.<\/li>\n<li>Farby spodnej bielizne na obr\u00e1zkoch sa m\u00f4\u017eu mierne l\u00ed\u0161i\u0165 od skuto\u010dn\u00fdch farieb kv\u00f4li nastaveniam v\u00e1\u0161ho mobiln\u00e9ho telef\u00f3nu alebo po\u010d\u00edta\u010da.<\/li>\n<li>Zlo\u017eenie: 95 % polyester, 5 % elastan.<\/li>\n<\/ul>\n","protected":false},"excerpt":{"rendered":"<p>Dvojdielne py\u017eamo. Zah\u0155\u0148a tielko a kr\u00e1tke nohavice. Materi\u00e1l s hodv\u00e1bnym vzh\u013eadom. Jemn\u00e9, \u017eensk\u00e9 a zvodn\u00e9 \u010dipkovan\u00e9 detaily. Nastavite\u013en\u00e9 ramienka. Kr\u00e1tke nohavice s elastick\u00fdm p\u00e1som. Farba: b\u00e9\u017eov\u00e1. Univerz\u00e1lna ve\u013ekos\u0165, vhodn\u00e1 pre ve\u013ekosti od XS do M. Farby spodnej bielizne na obr\u00e1zkoch sa m\u00f4\u017eu mierne l\u00ed\u0161i\u0165 od skuto\u010dn\u00fdch farieb kv\u00f4li nastaveniam v\u00e1\u0161ho mobiln\u00e9ho telef\u00f3nu alebo po\u010d\u00edta\u010da. Zlo\u017eenie: [&#8230;]\n","protected":false},"featured_media":696,"comment_status":"closed","ping_status":"closed","template":"","meta":{"_acf_changed":false},"product_brand":[],"product_cat":[15],"product_tag":[],"class_list":{"0":"post-695","1":"product","2":"type-product","3":"status-publish","4":"has-post-thumbnail","6":"product_cat-uncategorized","7":"pa_farba-bezova","8":"pa_velkost-uni","10":"first","11":"outofstock","12":"taxable","13":"shipping-taxable","14":"purchasable","15":"product-type-variable"},"acf":[],"yoast_head":"<!-- This site is optimized with the Yoast SEO plugin v25.6 - https:\/\/yoast.com\/wordpress\/plugins\/seo\/ -->\n<title>Py\u017eamo Patricia b\u00e9\u017eov\u00e9 - Beloved Label<\/title>\n<meta name=\"robots\" content=\"index, follow, max-snippet:-1, max-image-preview:large, max-video-preview:-1\" \/>\n<link rel=\"canonical\" href=\"https:\/\/belovedlabel.com\/sk\/product\/pyzamo-patricia-bezove\/\" \/>\n<meta property=\"og:locale\" content=\"sk_SK\" \/>\n<meta property=\"og:type\" content=\"article\" \/>\n<meta property=\"og:title\" content=\"Py\u017eamo Patricia b\u00e9\u017eov\u00e9 - Beloved Label\" \/>\n<meta property=\"og:description\" content=\"Dvojdielne py\u017eamo. Zah\u0155\u0148a tielko a kr\u00e1tke nohavice. Materi\u00e1l s hodv\u00e1bnym vzh\u013eadom. Jemn\u00e9, \u017eensk\u00e9 a zvodn\u00e9 \u010dipkovan\u00e9 detaily. Nastavite\u013en\u00e9 ramienka. Kr\u00e1tke nohavice s elastick\u00fdm p\u00e1som. Farba: b\u00e9\u017eov\u00e1. Univerz\u00e1lna ve\u013ekos\u0165, vhodn\u00e1 pre ve\u013ekosti od XS do M. Farby spodnej bielizne na obr\u00e1zkoch sa m\u00f4\u017eu mierne l\u00ed\u0161i\u0165 od skuto\u010dn\u00fdch farieb kv\u00f4li nastaveniam v\u00e1\u0161ho mobiln\u00e9ho telef\u00f3nu alebo po\u010d\u00edta\u010da. Zlo\u017eenie: [...]\" \/>\n<meta property=\"og:url\" content=\"https:\/\/belovedlabel.com\/sk\/product\/pyzamo-patricia-bezove\/\" \/>\n<meta property=\"og:site_name\" content=\"Beloved Label\" \/>\n<meta property=\"article:publisher\" content=\"https:\/\/www.facebook.com\/belovedlingerie\" \/>\n<meta property=\"article:modified_time\" content=\"2025-08-12T11:49:35+00:00\" \/>\n<meta property=\"og:image\" content=\"https:\/\/belovedlabel.com\/sk\/wp-content\/uploads\/2025\/03\/DSC06174-2-e1678260926831.jpg\" \/>\n\t<meta property=\"og:image:width\" content=\"1351\" \/>\n\t<meta property=\"og:image:height\" content=\"1955\" \/>\n\t<meta property=\"og:image:type\" content=\"image\/jpeg\" \/>\n<meta name=\"twitter:card\" content=\"summary_large_image\" \/>\n<meta name=\"twitter:label1\" content=\"Predpokladan\u00fd \u010das \u010d\u00edtania\" \/>\n\t<meta name=\"twitter:data1\" content=\"1 min\u00fata\" \/>\n<script type=\"application\/ld+json\" class=\"yoast-schema-graph\">{\"@context\":\"https:\/\/schema.org\",\"@graph\":[{\"@type\":\"WebPage\",\"@id\":\"https:\/\/belovedlabel.com\/sk\/product\/pyzamo-patricia-bezove\/\",\"url\":\"https:\/\/belovedlabel.com\/sk\/product\/pyzamo-patricia-bezove\/\",\"name\":\"Py\u017eamo Patricia b\u00e9\u017eov\u00e9 - Beloved Label\",\"isPartOf\":{\"@id\":\"https:\/\/belovedlabel.com\/sk\/#website\"},\"primaryImageOfPage\":{\"@id\":\"https:\/\/belovedlabel.com\/sk\/product\/pyzamo-patricia-bezove\/#primaryimage\"},\"image\":{\"@id\":\"https:\/\/belovedlabel.com\/sk\/product\/pyzamo-patricia-bezove\/#primaryimage\"},\"thumbnailUrl\":\"https:\/\/belovedlabel.com\/sk\/wp-content\/uploads\/2025\/03\/DSC06174-2-e1678260926831.jpg\",\"datePublished\":\"2023-03-07T21:41:08+00:00\",\"dateModified\":\"2025-08-12T11:49:35+00:00\",\"breadcrumb\":{\"@id\":\"https:\/\/belovedlabel.com\/sk\/product\/pyzamo-patricia-bezove\/#breadcrumb\"},\"inLanguage\":\"sk-SK\",\"potentialAction\":[{\"@type\":\"ReadAction\",\"target\":[\"https:\/\/belovedlabel.com\/sk\/product\/pyzamo-patricia-bezove\/\"]}]},{\"@type\":\"ImageObject\",\"inLanguage\":\"sk-SK\",\"@id\":\"https:\/\/belovedlabel.com\/sk\/product\/pyzamo-patricia-bezove\/#primaryimage\",\"url\":\"https:\/\/belovedlabel.com\/sk\/wp-content\/uploads\/2025\/03\/DSC06174-2-e1678260926831.jpg\",\"contentUrl\":\"https:\/\/belovedlabel.com\/sk\/wp-content\/uploads\/2025\/03\/DSC06174-2-e1678260926831.jpg\",\"width\":1351,\"height\":1955},{\"@type\":\"BreadcrumbList\",\"@id\":\"https:\/\/belovedlabel.com\/sk\/product\/pyzamo-patricia-bezove\/#breadcrumb\",\"itemListElement\":[{\"@type\":\"ListItem\",\"position\":1,\"name\":\"Po\u010detna\",\"item\":\"https:\/\/belovedlabel.com\/sk\/\"},{\"@type\":\"ListItem\",\"position\":2,\"name\":\"Shop\",\"item\":\"https:\/\/belovedlabel.com\/sk\/shop\/\"},{\"@type\":\"ListItem\",\"position\":3,\"name\":\"Py\u017eamo Patricia b\u00e9\u017eov\u00e9\"}]},{\"@type\":\"WebSite\",\"@id\":\"https:\/\/belovedlabel.com\/sk\/#website\",\"url\":\"https:\/\/belovedlabel.com\/sk\/\",\"name\":\"Beloved Lingerie\",\"description\":\"Your beloved store!\",\"publisher\":{\"@id\":\"https:\/\/belovedlabel.com\/sk\/#organization\"},\"potentialAction\":[{\"@type\":\"SearchAction\",\"target\":{\"@type\":\"EntryPoint\",\"urlTemplate\":\"https:\/\/belovedlabel.com\/sk\/?s={search_term_string}\"},\"query-input\":{\"@type\":\"PropertyValueSpecification\",\"valueRequired\":true,\"valueName\":\"search_term_string\"}}],\"inLanguage\":\"sk-SK\"},{\"@type\":\"Organization\",\"@id\":\"https:\/\/belovedlabel.com\/sk\/#organization\",\"name\":\"Beloved Lingerie\",\"url\":\"https:\/\/belovedlabel.com\/sk\/\",\"logo\":{\"@type\":\"ImageObject\",\"inLanguage\":\"sk-SK\",\"@id\":\"https:\/\/belovedlabel.com\/sk\/#\/schema\/logo\/image\/\",\"url\":\"https:\/\/belovedlabel.com\/sk\/wp-content\/uploads\/2025\/03\/beloved-logo.png\",\"contentUrl\":\"https:\/\/belovedlabel.com\/sk\/wp-content\/uploads\/2025\/03\/beloved-logo.png\",\"width\":1400,\"height\":544,\"caption\":\"Beloved Lingerie\"},\"image\":{\"@id\":\"https:\/\/belovedlabel.com\/sk\/#\/schema\/logo\/image\/\"},\"sameAs\":[\"https:\/\/www.facebook.com\/belovedlingerie\",\"https:\/\/www.instagram.com\/yourbelovedlingerie\/\",\"https:\/\/www.tiktok.com\/@belovedfashion\"]}]}<\/script>\n<!-- \/ Yoast SEO plugin. -->","yoast_head_json":{"title":"Py\u017eamo Patricia b\u00e9\u017eov\u00e9 - Beloved Label","robots":{"index":"index","follow":"follow","max-snippet":"max-snippet:-1","max-image-preview":"max-image-preview:large","max-video-preview":"max-video-preview:-1"},"canonical":"https:\/\/belovedlabel.com\/sk\/product\/pyzamo-patricia-bezove\/","og_locale":"sk_SK","og_type":"article","og_title":"Py\u017eamo Patricia b\u00e9\u017eov\u00e9 - Beloved Label","og_description":"Dvojdielne py\u017eamo. Zah\u0155\u0148a tielko a kr\u00e1tke nohavice. Materi\u00e1l s hodv\u00e1bnym vzh\u013eadom. Jemn\u00e9, \u017eensk\u00e9 a zvodn\u00e9 \u010dipkovan\u00e9 detaily. Nastavite\u013en\u00e9 ramienka. Kr\u00e1tke nohavice s elastick\u00fdm p\u00e1som. Farba: b\u00e9\u017eov\u00e1. Univerz\u00e1lna ve\u013ekos\u0165, vhodn\u00e1 pre ve\u013ekosti od XS do M. Farby spodnej bielizne na obr\u00e1zkoch sa m\u00f4\u017eu mierne l\u00ed\u0161i\u0165 od skuto\u010dn\u00fdch farieb kv\u00f4li nastaveniam v\u00e1\u0161ho mobiln\u00e9ho telef\u00f3nu alebo po\u010d\u00edta\u010da. Zlo\u017eenie: [...]","og_url":"https:\/\/belovedlabel.com\/sk\/product\/pyzamo-patricia-bezove\/","og_site_name":"Beloved Label","article_publisher":"https:\/\/www.facebook.com\/belovedlingerie","article_modified_time":"2025-08-12T11:49:35+00:00","og_image":[{"width":1351,"height":1955,"url":"https:\/\/belovedlabel.com\/sk\/wp-content\/uploads\/2025\/03\/DSC06174-2-e1678260926831.jpg","type":"image\/jpeg"}],"twitter_card":"summary_large_image","twitter_misc":{"Predpokladan\u00fd \u010das \u010d\u00edtania":"1 min\u00fata"},"schema":{"@context":"https:\/\/schema.org","@graph":[{"@type":"WebPage","@id":"https:\/\/belovedlabel.com\/sk\/product\/pyzamo-patricia-bezove\/","url":"https:\/\/belovedlabel.com\/sk\/product\/pyzamo-patricia-bezove\/","name":"Py\u017eamo Patricia b\u00e9\u017eov\u00e9 - Beloved Label","isPartOf":{"@id":"https:\/\/belovedlabel.com\/sk\/#website"},"primaryImageOfPage":{"@id":"https:\/\/belovedlabel.com\/sk\/product\/pyzamo-patricia-bezove\/#primaryimage"},"image":{"@id":"https:\/\/belovedlabel.com\/sk\/product\/pyzamo-patricia-bezove\/#primaryimage"},"thumbnailUrl":"https:\/\/belovedlabel.com\/sk\/wp-content\/uploads\/2025\/03\/DSC06174-2-e1678260926831.jpg","datePublished":"2023-03-07T21:41:08+00:00","dateModified":"2025-08-12T11:49:35+00:00","breadcrumb":{"@id":"https:\/\/belovedlabel.com\/sk\/product\/pyzamo-patricia-bezove\/#breadcrumb"},"inLanguage":"sk-SK","potentialAction":[{"@type":"ReadAction","target":["https:\/\/belovedlabel.com\/sk\/product\/pyzamo-patricia-bezove\/"]}]},{"@type":"ImageObject","inLanguage":"sk-SK","@id":"https:\/\/belovedlabel.com\/sk\/product\/pyzamo-patricia-bezove\/#primaryimage","url":"https:\/\/belovedlabel.com\/sk\/wp-content\/uploads\/2025\/03\/DSC06174-2-e1678260926831.jpg","contentUrl":"https:\/\/belovedlabel.com\/sk\/wp-content\/uploads\/2025\/03\/DSC06174-2-e1678260926831.jpg","width":1351,"height":1955},{"@type":"BreadcrumbList","@id":"https:\/\/belovedlabel.com\/sk\/product\/pyzamo-patricia-bezove\/#breadcrumb","itemListElement":[{"@type":"ListItem","position":1,"name":"Po\u010detna","item":"https:\/\/belovedlabel.com\/sk\/"},{"@type":"ListItem","position":2,"name":"Shop","item":"https:\/\/belovedlabel.com\/sk\/shop\/"},{"@type":"ListItem","position":3,"name":"Py\u017eamo Patricia b\u00e9\u017eov\u00e9"}]},{"@type":"WebSite","@id":"https:\/\/belovedlabel.com\/sk\/#website","url":"https:\/\/belovedlabel.com\/sk\/","name":"Beloved Lingerie","description":"Your beloved store!","publisher":{"@id":"https:\/\/belovedlabel.com\/sk\/#organization"},"potentialAction":[{"@type":"SearchAction","target":{"@type":"EntryPoint","urlTemplate":"https:\/\/belovedlabel.com\/sk\/?s={search_term_string}"},"query-input":{"@type":"PropertyValueSpecification","valueRequired":true,"valueName":"search_term_string"}}],"inLanguage":"sk-SK"},{"@type":"Organization","@id":"https:\/\/belovedlabel.com\/sk\/#organization","name":"Beloved Lingerie","url":"https:\/\/belovedlabel.com\/sk\/","logo":{"@type":"ImageObject","inLanguage":"sk-SK","@id":"https:\/\/belovedlabel.com\/sk\/#\/schema\/logo\/image\/","url":"https:\/\/belovedlabel.com\/sk\/wp-content\/uploads\/2025\/03\/beloved-logo.png","contentUrl":"https:\/\/belovedlabel.com\/sk\/wp-content\/uploads\/2025\/03\/beloved-logo.png","width":1400,"height":544,"caption":"Beloved Lingerie"},"image":{"@id":"https:\/\/belovedlabel.com\/sk\/#\/schema\/logo\/image\/"},"sameAs":["https:\/\/www.facebook.com\/belovedlingerie","https:\/\/www.instagram.com\/yourbelovedlingerie\/","https:\/\/www.tiktok.com\/@belovedfashion"]}]}},"_links":{"self":[{"href":"https:\/\/belovedlabel.com\/sk\/wp-json\/wp\/v2\/product\/695","targetHints":{"allow":["GET"]}}],"collection":[{"href":"https:\/\/belovedlabel.com\/sk\/wp-json\/wp\/v2\/product"}],"about":[{"href":"https:\/\/belovedlabel.com\/sk\/wp-json\/wp\/v2\/types\/product"}],"replies":[{"embeddable":true,"href":"https:\/\/belovedlabel.com\/sk\/wp-json\/wp\/v2\/comments?post=695"}],"wp:featuredmedia":[{"embeddable":true,"href":"https:\/\/belovedlabel.com\/sk\/wp-json\/wp\/v2\/media\/696"}],"wp:attachment":[{"href":"https:\/\/belovedlabel.com\/sk\/wp-json\/wp\/v2\/media?parent=695"}],"wp:term":[{"taxonomy":"product_brand","embeddable":true,"href":"https:\/\/belovedlabel.com\/sk\/wp-json\/wp\/v2\/product_brand?post=695"},{"taxonomy":"product_cat","embeddable":true,"href":"https:\/\/belovedlabel.com\/sk\/wp-json\/wp\/v2\/product_cat?post=695"},{"taxonomy":"product_tag","embeddable":true,"href":"https:\/\/belovedlabel.com\/sk\/wp-json\/wp\/v2\/product_tag?post=695"}],"curies":[{"name":"wp","href":"https:\/\/api.w.org\/{rel}","templated":true}]}}