{"id":4093,"date":"2025-04-26T13:00:29","date_gmt":"2025-04-26T11:00:29","guid":{"rendered":"https:\/\/belovedlabel.com\/sk\/product\/dvodelne-kopalke-nissi-oranzne\/"},"modified":"2025-08-12T13:53:35","modified_gmt":"2025-08-12T11:53:35","slug":"dvojdielne-plavky-nissi-oranzove","status":"publish","type":"product","link":"https:\/\/belovedlabel.com\/sk\/product\/dvojdielne-plavky-nissi-oranzove\/","title":{"rendered":"Dvojdielne plavky NISSI oran\u017eov\u00e9"},"content":{"rendered":"<ul>\n<li>M\u00f3dne dvojdielne plavky.<\/li>\n<li>Mo\u017enos\u0165 regul\u00e1cie ramienok.<\/li>\n<li>Scrunch na spodnej \u010dasti, ktor\u00fd zv\u00fdraz\u0148uje zadok.<\/li>\n<li>Vystu\u017een\u00e9 ko\u0161\u00ed\u010dky, ktor\u00e9 je mo\u017en\u00e9 pod\u013ea \u017eelania odstr\u00e1ni\u0165.<\/li>\n<li>Farba: oran\u017eov\u00e1.<\/li>\n<li>Zlo\u017eenie: 80% nylon, 20% spandex.<\/li>\n<\/ul>\n","protected":false},"excerpt":{"rendered":"<p>M\u00f3dne dvojdielne plavky. Mo\u017enos\u0165 regul\u00e1cie ramienok. Scrunch na spodnej \u010dasti, ktor\u00fd zv\u00fdraz\u0148uje zadok. Vystu\u017een\u00e9 ko\u0161\u00ed\u010dky, ktor\u00e9 je mo\u017en\u00e9 pod\u013ea \u017eelania odstr\u00e1ni\u0165. Farba: oran\u017eov\u00e1. Zlo\u017eenie: 80% nylon, 20% spandex.<\/p>\n","protected":false},"featured_media":4094,"comment_status":"closed","ping_status":"closed","template":"","meta":{"_acf_changed":false},"product_brand":[],"product_cat":[140,139],"product_tag":[],"class_list":{"0":"post-4093","1":"product","2":"type-product","3":"status-publish","4":"has-post-thumbnail","6":"product_cat-dvojdielne-plavky","7":"product_cat-plavky","8":"pa_farba-oranzova","9":"pa_velkost-s","10":"pa_velkost-m","11":"pa_velkost-l","13":"first","14":"instock","15":"taxable","16":"shipping-taxable","17":"purchasable","18":"product-type-variable"},"acf":[],"yoast_head":"<!-- This site is optimized with the Yoast SEO plugin v25.6 - https:\/\/yoast.com\/wordpress\/plugins\/seo\/ -->\n<title>Dvojdielne plavky NISSI oran\u017eov\u00e9 - Beloved Label<\/title>\n<meta name=\"robots\" content=\"index, follow, max-snippet:-1, max-image-preview:large, max-video-preview:-1\" \/>\n<link rel=\"canonical\" href=\"https:\/\/belovedlabel.com\/sk\/product\/dvojdielne-plavky-nissi-oranzove\/\" \/>\n<meta property=\"og:locale\" content=\"sk_SK\" \/>\n<meta property=\"og:type\" content=\"article\" \/>\n<meta property=\"og:title\" content=\"Dvojdielne plavky NISSI oran\u017eov\u00e9 - Beloved Label\" \/>\n<meta property=\"og:description\" content=\"M\u00f3dne dvojdielne plavky. Mo\u017enos\u0165 regul\u00e1cie ramienok. Scrunch na spodnej \u010dasti, ktor\u00fd zv\u00fdraz\u0148uje zadok. Vystu\u017een\u00e9 ko\u0161\u00ed\u010dky, ktor\u00e9 je mo\u017en\u00e9 pod\u013ea \u017eelania odstr\u00e1ni\u0165. Farba: oran\u017eov\u00e1. Zlo\u017eenie: 80% nylon, 20% spandex.\" \/>\n<meta property=\"og:url\" content=\"https:\/\/belovedlabel.com\/sk\/product\/dvojdielne-plavky-nissi-oranzove\/\" \/>\n<meta property=\"og:site_name\" content=\"Beloved Label\" \/>\n<meta property=\"article:publisher\" content=\"https:\/\/www.facebook.com\/belovedlingerie\" \/>\n<meta property=\"article:modified_time\" content=\"2025-08-12T11:53:35+00:00\" \/>\n<meta property=\"og:image\" content=\"https:\/\/belovedlabel.com\/sk\/wp-content\/uploads\/2025\/04\/BA006915-0.jpg\" \/>\n\t<meta property=\"og:image:width\" content=\"899\" \/>\n\t<meta property=\"og:image:height\" content=\"1350\" \/>\n\t<meta property=\"og:image:type\" content=\"image\/jpeg\" \/>\n<meta name=\"twitter:card\" content=\"summary_large_image\" \/>\n<script type=\"application\/ld+json\" class=\"yoast-schema-graph\">{\"@context\":\"https:\/\/schema.org\",\"@graph\":[{\"@type\":\"WebPage\",\"@id\":\"https:\/\/belovedlabel.com\/sk\/product\/dvojdielne-plavky-nissi-oranzove\/\",\"url\":\"https:\/\/belovedlabel.com\/sk\/product\/dvojdielne-plavky-nissi-oranzove\/\",\"name\":\"Dvojdielne plavky NISSI oran\u017eov\u00e9 - Beloved Label\",\"isPartOf\":{\"@id\":\"https:\/\/belovedlabel.com\/sk\/#website\"},\"primaryImageOfPage\":{\"@id\":\"https:\/\/belovedlabel.com\/sk\/product\/dvojdielne-plavky-nissi-oranzove\/#primaryimage\"},\"image\":{\"@id\":\"https:\/\/belovedlabel.com\/sk\/product\/dvojdielne-plavky-nissi-oranzove\/#primaryimage\"},\"thumbnailUrl\":\"https:\/\/belovedlabel.com\/sk\/wp-content\/uploads\/2025\/04\/BA006915-0.jpg\",\"datePublished\":\"2025-04-26T11:00:29+00:00\",\"dateModified\":\"2025-08-12T11:53:35+00:00\",\"breadcrumb\":{\"@id\":\"https:\/\/belovedlabel.com\/sk\/product\/dvojdielne-plavky-nissi-oranzove\/#breadcrumb\"},\"inLanguage\":\"sk-SK\",\"potentialAction\":[{\"@type\":\"ReadAction\",\"target\":[\"https:\/\/belovedlabel.com\/sk\/product\/dvojdielne-plavky-nissi-oranzove\/\"]}]},{\"@type\":\"ImageObject\",\"inLanguage\":\"sk-SK\",\"@id\":\"https:\/\/belovedlabel.com\/sk\/product\/dvojdielne-plavky-nissi-oranzove\/#primaryimage\",\"url\":\"https:\/\/belovedlabel.com\/sk\/wp-content\/uploads\/2025\/04\/BA006915-0.jpg\",\"contentUrl\":\"https:\/\/belovedlabel.com\/sk\/wp-content\/uploads\/2025\/04\/BA006915-0.jpg\",\"width\":899,\"height\":1350},{\"@type\":\"BreadcrumbList\",\"@id\":\"https:\/\/belovedlabel.com\/sk\/product\/dvojdielne-plavky-nissi-oranzove\/#breadcrumb\",\"itemListElement\":[{\"@type\":\"ListItem\",\"position\":1,\"name\":\"Po\u010detna\",\"item\":\"https:\/\/belovedlabel.com\/sk\/\"},{\"@type\":\"ListItem\",\"position\":2,\"name\":\"Shop\",\"item\":\"https:\/\/belovedlabel.com\/sk\/shop\/\"},{\"@type\":\"ListItem\",\"position\":3,\"name\":\"Dvojdielne plavky NISSI oran\u017eov\u00e9\"}]},{\"@type\":\"WebSite\",\"@id\":\"https:\/\/belovedlabel.com\/sk\/#website\",\"url\":\"https:\/\/belovedlabel.com\/sk\/\",\"name\":\"Beloved Lingerie\",\"description\":\"Your beloved store!\",\"publisher\":{\"@id\":\"https:\/\/belovedlabel.com\/sk\/#organization\"},\"potentialAction\":[{\"@type\":\"SearchAction\",\"target\":{\"@type\":\"EntryPoint\",\"urlTemplate\":\"https:\/\/belovedlabel.com\/sk\/?s={search_term_string}\"},\"query-input\":{\"@type\":\"PropertyValueSpecification\",\"valueRequired\":true,\"valueName\":\"search_term_string\"}}],\"inLanguage\":\"sk-SK\"},{\"@type\":\"Organization\",\"@id\":\"https:\/\/belovedlabel.com\/sk\/#organization\",\"name\":\"Beloved Lingerie\",\"url\":\"https:\/\/belovedlabel.com\/sk\/\",\"logo\":{\"@type\":\"ImageObject\",\"inLanguage\":\"sk-SK\",\"@id\":\"https:\/\/belovedlabel.com\/sk\/#\/schema\/logo\/image\/\",\"url\":\"https:\/\/belovedlabel.com\/sk\/wp-content\/uploads\/2025\/03\/beloved-logo.png\",\"contentUrl\":\"https:\/\/belovedlabel.com\/sk\/wp-content\/uploads\/2025\/03\/beloved-logo.png\",\"width\":1400,\"height\":544,\"caption\":\"Beloved Lingerie\"},\"image\":{\"@id\":\"https:\/\/belovedlabel.com\/sk\/#\/schema\/logo\/image\/\"},\"sameAs\":[\"https:\/\/www.facebook.com\/belovedlingerie\",\"https:\/\/www.instagram.com\/yourbelovedlingerie\/\",\"https:\/\/www.tiktok.com\/@belovedfashion\"]}]}<\/script>\n<!-- \/ Yoast SEO plugin. -->","yoast_head_json":{"title":"Dvojdielne plavky NISSI oran\u017eov\u00e9 - Beloved Label","robots":{"index":"index","follow":"follow","max-snippet":"max-snippet:-1","max-image-preview":"max-image-preview:large","max-video-preview":"max-video-preview:-1"},"canonical":"https:\/\/belovedlabel.com\/sk\/product\/dvojdielne-plavky-nissi-oranzove\/","og_locale":"sk_SK","og_type":"article","og_title":"Dvojdielne plavky NISSI oran\u017eov\u00e9 - Beloved Label","og_description":"M\u00f3dne dvojdielne plavky. Mo\u017enos\u0165 regul\u00e1cie ramienok. Scrunch na spodnej \u010dasti, ktor\u00fd zv\u00fdraz\u0148uje zadok. Vystu\u017een\u00e9 ko\u0161\u00ed\u010dky, ktor\u00e9 je mo\u017en\u00e9 pod\u013ea \u017eelania odstr\u00e1ni\u0165. Farba: oran\u017eov\u00e1. Zlo\u017eenie: 80% nylon, 20% spandex.","og_url":"https:\/\/belovedlabel.com\/sk\/product\/dvojdielne-plavky-nissi-oranzove\/","og_site_name":"Beloved Label","article_publisher":"https:\/\/www.facebook.com\/belovedlingerie","article_modified_time":"2025-08-12T11:53:35+00:00","og_image":[{"width":899,"height":1350,"url":"https:\/\/belovedlabel.com\/sk\/wp-content\/uploads\/2025\/04\/BA006915-0.jpg","type":"image\/jpeg"}],"twitter_card":"summary_large_image","schema":{"@context":"https:\/\/schema.org","@graph":[{"@type":"WebPage","@id":"https:\/\/belovedlabel.com\/sk\/product\/dvojdielne-plavky-nissi-oranzove\/","url":"https:\/\/belovedlabel.com\/sk\/product\/dvojdielne-plavky-nissi-oranzove\/","name":"Dvojdielne plavky NISSI oran\u017eov\u00e9 - Beloved Label","isPartOf":{"@id":"https:\/\/belovedlabel.com\/sk\/#website"},"primaryImageOfPage":{"@id":"https:\/\/belovedlabel.com\/sk\/product\/dvojdielne-plavky-nissi-oranzove\/#primaryimage"},"image":{"@id":"https:\/\/belovedlabel.com\/sk\/product\/dvojdielne-plavky-nissi-oranzove\/#primaryimage"},"thumbnailUrl":"https:\/\/belovedlabel.com\/sk\/wp-content\/uploads\/2025\/04\/BA006915-0.jpg","datePublished":"2025-04-26T11:00:29+00:00","dateModified":"2025-08-12T11:53:35+00:00","breadcrumb":{"@id":"https:\/\/belovedlabel.com\/sk\/product\/dvojdielne-plavky-nissi-oranzove\/#breadcrumb"},"inLanguage":"sk-SK","potentialAction":[{"@type":"ReadAction","target":["https:\/\/belovedlabel.com\/sk\/product\/dvojdielne-plavky-nissi-oranzove\/"]}]},{"@type":"ImageObject","inLanguage":"sk-SK","@id":"https:\/\/belovedlabel.com\/sk\/product\/dvojdielne-plavky-nissi-oranzove\/#primaryimage","url":"https:\/\/belovedlabel.com\/sk\/wp-content\/uploads\/2025\/04\/BA006915-0.jpg","contentUrl":"https:\/\/belovedlabel.com\/sk\/wp-content\/uploads\/2025\/04\/BA006915-0.jpg","width":899,"height":1350},{"@type":"BreadcrumbList","@id":"https:\/\/belovedlabel.com\/sk\/product\/dvojdielne-plavky-nissi-oranzove\/#breadcrumb","itemListElement":[{"@type":"ListItem","position":1,"name":"Po\u010detna","item":"https:\/\/belovedlabel.com\/sk\/"},{"@type":"ListItem","position":2,"name":"Shop","item":"https:\/\/belovedlabel.com\/sk\/shop\/"},{"@type":"ListItem","position":3,"name":"Dvojdielne plavky NISSI oran\u017eov\u00e9"}]},{"@type":"WebSite","@id":"https:\/\/belovedlabel.com\/sk\/#website","url":"https:\/\/belovedlabel.com\/sk\/","name":"Beloved Lingerie","description":"Your beloved store!","publisher":{"@id":"https:\/\/belovedlabel.com\/sk\/#organization"},"potentialAction":[{"@type":"SearchAction","target":{"@type":"EntryPoint","urlTemplate":"https:\/\/belovedlabel.com\/sk\/?s={search_term_string}"},"query-input":{"@type":"PropertyValueSpecification","valueRequired":true,"valueName":"search_term_string"}}],"inLanguage":"sk-SK"},{"@type":"Organization","@id":"https:\/\/belovedlabel.com\/sk\/#organization","name":"Beloved Lingerie","url":"https:\/\/belovedlabel.com\/sk\/","logo":{"@type":"ImageObject","inLanguage":"sk-SK","@id":"https:\/\/belovedlabel.com\/sk\/#\/schema\/logo\/image\/","url":"https:\/\/belovedlabel.com\/sk\/wp-content\/uploads\/2025\/03\/beloved-logo.png","contentUrl":"https:\/\/belovedlabel.com\/sk\/wp-content\/uploads\/2025\/03\/beloved-logo.png","width":1400,"height":544,"caption":"Beloved Lingerie"},"image":{"@id":"https:\/\/belovedlabel.com\/sk\/#\/schema\/logo\/image\/"},"sameAs":["https:\/\/www.facebook.com\/belovedlingerie","https:\/\/www.instagram.com\/yourbelovedlingerie\/","https:\/\/www.tiktok.com\/@belovedfashion"]}]}},"_links":{"self":[{"href":"https:\/\/belovedlabel.com\/sk\/wp-json\/wp\/v2\/product\/4093","targetHints":{"allow":["GET"]}}],"collection":[{"href":"https:\/\/belovedlabel.com\/sk\/wp-json\/wp\/v2\/product"}],"about":[{"href":"https:\/\/belovedlabel.com\/sk\/wp-json\/wp\/v2\/types\/product"}],"replies":[{"embeddable":true,"href":"https:\/\/belovedlabel.com\/sk\/wp-json\/wp\/v2\/comments?post=4093"}],"wp:featuredmedia":[{"embeddable":true,"href":"https:\/\/belovedlabel.com\/sk\/wp-json\/wp\/v2\/media\/4094"}],"wp:attachment":[{"href":"https:\/\/belovedlabel.com\/sk\/wp-json\/wp\/v2\/media?parent=4093"}],"wp:term":[{"taxonomy":"product_brand","embeddable":true,"href":"https:\/\/belovedlabel.com\/sk\/wp-json\/wp\/v2\/product_brand?post=4093"},{"taxonomy":"product_cat","embeddable":true,"href":"https:\/\/belovedlabel.com\/sk\/wp-json\/wp\/v2\/product_cat?post=4093"},{"taxonomy":"product_tag","embeddable":true,"href":"https:\/\/belovedlabel.com\/sk\/wp-json\/wp\/v2\/product_tag?post=4093"}],"curies":[{"name":"wp","href":"https:\/\/api.w.org\/{rel}","templated":true}]}}