{"id":373,"date":"2023-03-07T07:03:01","date_gmt":"2023-03-07T07:03:01","guid":{"rendered":"https:\/\/belovedlabel.com\/sk\/product\/komplet-spodnjega-perila-babydoll\/"},"modified":"2025-08-12T13:49:09","modified_gmt":"2025-08-12T11:49:09","slug":"sada-spodnej-bielizne-babydoll","status":"publish","type":"product","link":"https:\/\/belovedlabel.com\/sk\/product\/sada-spodnej-bielizne-babydoll\/","title":{"rendered":"Sada spodnej bielizne BABYDOLL"},"content":{"rendered":"<p><strong>Komplet spodnej bielizne BABYDOLL<\/strong><\/p>\n<ul>\n<li><a href=\"https:\/\/belovedlingerie.com\/si\/kategorija\/spodnje-perilo\/tridelni-kompleti\/\">Trojdielny komplet<\/a> zah\u0155\u0148a: podprsenku, nohavi\u010dky a podv\u00e4zkov\u00fd p\u00e1s.<\/li>\n<li>\u013dahk\u00e1 podprsenka s kosticami.<\/li>\n<li>Bez v\u00fdstu\u017ee.<\/li>\n<li>Jemn\u00e1, \u017eensk\u00e1 a zvodn\u00e1 \u010dipka.<\/li>\n<li>Nastavite\u013en\u00e9 ramienka.<\/li>\n<li>Nastavite\u013en\u00e1 podprsenka a podv\u00e4zkov\u00fd p\u00e1s.<\/li>\n<li>Nastavite\u013en\u00e9 nohavi\u010dky.<\/li>\n<li>Nastavite\u013en\u00e9 p\u00e1sy podv\u00e4zkov\u00e9ho p\u00e1su.<\/li>\n<li>\u010ciasto\u010dne prieh\u013eadn\u00e9.<\/li>\n<li>Typ nohavi\u010diek: tang\u00e1.<\/li>\n<li>Odpor\u00fa\u010dame kombinova\u0165 s <a href=\"https:\/\/belovedlingerie.com\/si\/kategorija\/samostojece-nogavice\/\">samodr\u017eiacimi pan\u010duchami<\/a>.<\/li>\n<li>Farba: ru\u017eov\u00e1 a \u010dierna.<\/li>\n<li>Elena nos\u00ed ve\u013ekos\u0165 S.<\/li>\n<li>Farby spodnej bielizne na obr\u00e1zkoch sa m\u00f4\u017eu mierne l\u00ed\u0161i\u0165 od skuto\u010dn\u00fdch farieb kv\u00f4li nastaveniam v\u00e1\u0161ho mobiln\u00e9ho telef\u00f3nu alebo po\u010d\u00edta\u010da.<\/li>\n<li>Zlo\u017eenie: 95 % polyester, 5 % elastan.<\/li>\n<\/ul>\n","protected":false},"excerpt":{"rendered":"<p>Komplet spodnej bielizne BABYDOLL Trojdielny komplet zah\u0155\u0148a: podprsenku, nohavi\u010dky a podv\u00e4zkov\u00fd p\u00e1s. \u013dahk\u00e1 podprsenka s kosticami. Bez v\u00fdstu\u017ee. Jemn\u00e1, \u017eensk\u00e1 a zvodn\u00e1 \u010dipka. Nastavite\u013en\u00e9 ramienka. Nastavite\u013en\u00e1 podprsenka a podv\u00e4zkov\u00fd p\u00e1s. Nastavite\u013en\u00e9 nohavi\u010dky. Nastavite\u013en\u00e9 p\u00e1sy podv\u00e4zkov\u00e9ho p\u00e1su. \u010ciasto\u010dne prieh\u013eadn\u00e9. Typ nohavi\u010diek: tang\u00e1. Odpor\u00fa\u010dame kombinova\u0165 s samodr\u017eiacimi pan\u010duchami. Farba: ru\u017eov\u00e1 a \u010dierna. Elena nos\u00ed ve\u013ekos\u0165 S. Farby [&#8230;]\n","protected":false},"featured_media":374,"comment_status":"closed","ping_status":"open","template":"","meta":{"_acf_changed":false},"product_brand":[],"product_cat":[23,24],"product_tag":[],"class_list":{"0":"post-373","1":"product","2":"type-product","3":"status-publish","4":"has-post-thumbnail","6":"product_cat-zvodna-spodna-bielizen","7":"product_cat-trojdielne-supravy","8":"pa_farba-cierna","9":"pa_farba-ruzova","10":"pa_farba-viacfarebne","11":"pa_velkost-s","12":"pa_velkost-m","13":"pa_velkost-l","15":"first","16":"instock","17":"taxable","18":"shipping-taxable","19":"purchasable","20":"product-type-variable"},"acf":[],"yoast_head":"<!-- This site is optimized with the Yoast SEO plugin v25.6 - https:\/\/yoast.com\/wordpress\/plugins\/seo\/ -->\n<title>Sada spodnej bielizne BABYDOLL - Beloved Label<\/title>\n<meta name=\"robots\" content=\"index, follow, max-snippet:-1, max-image-preview:large, max-video-preview:-1\" \/>\n<link rel=\"canonical\" href=\"https:\/\/belovedlabel.com\/sk\/product\/sada-spodnej-bielizne-babydoll\/\" \/>\n<meta property=\"og:locale\" content=\"sk_SK\" \/>\n<meta property=\"og:type\" content=\"article\" \/>\n<meta property=\"og:title\" content=\"Sada spodnej bielizne BABYDOLL - Beloved Label\" \/>\n<meta property=\"og:description\" content=\"Komplet spodnej bielizne BABYDOLL Trojdielny komplet zah\u0155\u0148a: podprsenku, nohavi\u010dky a podv\u00e4zkov\u00fd p\u00e1s. \u013dahk\u00e1 podprsenka s kosticami. Bez v\u00fdstu\u017ee. Jemn\u00e1, \u017eensk\u00e1 a zvodn\u00e1 \u010dipka. Nastavite\u013en\u00e9 ramienka. Nastavite\u013en\u00e1 podprsenka a podv\u00e4zkov\u00fd p\u00e1s. Nastavite\u013en\u00e9 nohavi\u010dky. Nastavite\u013en\u00e9 p\u00e1sy podv\u00e4zkov\u00e9ho p\u00e1su. \u010ciasto\u010dne prieh\u013eadn\u00e9. Typ nohavi\u010diek: tang\u00e1. Odpor\u00fa\u010dame kombinova\u0165 s samodr\u017eiacimi pan\u010duchami. Farba: ru\u017eov\u00e1 a \u010dierna. Elena nos\u00ed ve\u013ekos\u0165 S. Farby [...]\" \/>\n<meta property=\"og:url\" content=\"https:\/\/belovedlabel.com\/sk\/product\/sada-spodnej-bielizne-babydoll\/\" \/>\n<meta property=\"og:site_name\" content=\"Beloved Label\" \/>\n<meta property=\"article:publisher\" content=\"https:\/\/www.facebook.com\/belovedlingerie\" \/>\n<meta property=\"article:modified_time\" content=\"2025-08-12T11:49:09+00:00\" \/>\n<meta property=\"og:image\" content=\"https:\/\/belovedlabel.com\/sk\/wp-content\/uploads\/2025\/03\/DSC00479.jpg\" \/>\n\t<meta property=\"og:image:width\" content=\"1365\" \/>\n\t<meta property=\"og:image:height\" content=\"2048\" \/>\n\t<meta property=\"og:image:type\" content=\"image\/jpeg\" \/>\n<meta name=\"twitter:card\" content=\"summary_large_image\" \/>\n<meta name=\"twitter:label1\" content=\"Predpokladan\u00fd \u010das \u010d\u00edtania\" \/>\n\t<meta name=\"twitter:data1\" content=\"1 min\u00fata\" \/>\n<script type=\"application\/ld+json\" class=\"yoast-schema-graph\">{\"@context\":\"https:\/\/schema.org\",\"@graph\":[{\"@type\":\"WebPage\",\"@id\":\"https:\/\/belovedlabel.com\/sk\/product\/sada-spodnej-bielizne-babydoll\/\",\"url\":\"https:\/\/belovedlabel.com\/sk\/product\/sada-spodnej-bielizne-babydoll\/\",\"name\":\"Sada spodnej bielizne BABYDOLL - Beloved Label\",\"isPartOf\":{\"@id\":\"https:\/\/belovedlabel.com\/sk\/#website\"},\"primaryImageOfPage\":{\"@id\":\"https:\/\/belovedlabel.com\/sk\/product\/sada-spodnej-bielizne-babydoll\/#primaryimage\"},\"image\":{\"@id\":\"https:\/\/belovedlabel.com\/sk\/product\/sada-spodnej-bielizne-babydoll\/#primaryimage\"},\"thumbnailUrl\":\"https:\/\/belovedlabel.com\/sk\/wp-content\/uploads\/2025\/03\/DSC00479.jpg\",\"datePublished\":\"2023-03-07T07:03:01+00:00\",\"dateModified\":\"2025-08-12T11:49:09+00:00\",\"breadcrumb\":{\"@id\":\"https:\/\/belovedlabel.com\/sk\/product\/sada-spodnej-bielizne-babydoll\/#breadcrumb\"},\"inLanguage\":\"sk-SK\",\"potentialAction\":[{\"@type\":\"ReadAction\",\"target\":[\"https:\/\/belovedlabel.com\/sk\/product\/sada-spodnej-bielizne-babydoll\/\"]}]},{\"@type\":\"ImageObject\",\"inLanguage\":\"sk-SK\",\"@id\":\"https:\/\/belovedlabel.com\/sk\/product\/sada-spodnej-bielizne-babydoll\/#primaryimage\",\"url\":\"https:\/\/belovedlabel.com\/sk\/wp-content\/uploads\/2025\/03\/DSC00479.jpg\",\"contentUrl\":\"https:\/\/belovedlabel.com\/sk\/wp-content\/uploads\/2025\/03\/DSC00479.jpg\",\"width\":1365,\"height\":2048},{\"@type\":\"BreadcrumbList\",\"@id\":\"https:\/\/belovedlabel.com\/sk\/product\/sada-spodnej-bielizne-babydoll\/#breadcrumb\",\"itemListElement\":[{\"@type\":\"ListItem\",\"position\":1,\"name\":\"Po\u010detna\",\"item\":\"https:\/\/belovedlabel.com\/sk\/\"},{\"@type\":\"ListItem\",\"position\":2,\"name\":\"Shop\",\"item\":\"https:\/\/belovedlabel.com\/sk\/shop\/\"},{\"@type\":\"ListItem\",\"position\":3,\"name\":\"Sada spodnej bielizne BABYDOLL\"}]},{\"@type\":\"WebSite\",\"@id\":\"https:\/\/belovedlabel.com\/sk\/#website\",\"url\":\"https:\/\/belovedlabel.com\/sk\/\",\"name\":\"Beloved Lingerie\",\"description\":\"Your beloved store!\",\"publisher\":{\"@id\":\"https:\/\/belovedlabel.com\/sk\/#organization\"},\"potentialAction\":[{\"@type\":\"SearchAction\",\"target\":{\"@type\":\"EntryPoint\",\"urlTemplate\":\"https:\/\/belovedlabel.com\/sk\/?s={search_term_string}\"},\"query-input\":{\"@type\":\"PropertyValueSpecification\",\"valueRequired\":true,\"valueName\":\"search_term_string\"}}],\"inLanguage\":\"sk-SK\"},{\"@type\":\"Organization\",\"@id\":\"https:\/\/belovedlabel.com\/sk\/#organization\",\"name\":\"Beloved Lingerie\",\"url\":\"https:\/\/belovedlabel.com\/sk\/\",\"logo\":{\"@type\":\"ImageObject\",\"inLanguage\":\"sk-SK\",\"@id\":\"https:\/\/belovedlabel.com\/sk\/#\/schema\/logo\/image\/\",\"url\":\"https:\/\/belovedlabel.com\/sk\/wp-content\/uploads\/2025\/03\/beloved-logo.png\",\"contentUrl\":\"https:\/\/belovedlabel.com\/sk\/wp-content\/uploads\/2025\/03\/beloved-logo.png\",\"width\":1400,\"height\":544,\"caption\":\"Beloved Lingerie\"},\"image\":{\"@id\":\"https:\/\/belovedlabel.com\/sk\/#\/schema\/logo\/image\/\"},\"sameAs\":[\"https:\/\/www.facebook.com\/belovedlingerie\",\"https:\/\/www.instagram.com\/yourbelovedlingerie\/\",\"https:\/\/www.tiktok.com\/@belovedfashion\"]}]}<\/script>\n<!-- \/ Yoast SEO plugin. -->","yoast_head_json":{"title":"Sada spodnej bielizne BABYDOLL - Beloved Label","robots":{"index":"index","follow":"follow","max-snippet":"max-snippet:-1","max-image-preview":"max-image-preview:large","max-video-preview":"max-video-preview:-1"},"canonical":"https:\/\/belovedlabel.com\/sk\/product\/sada-spodnej-bielizne-babydoll\/","og_locale":"sk_SK","og_type":"article","og_title":"Sada spodnej bielizne BABYDOLL - Beloved Label","og_description":"Komplet spodnej bielizne BABYDOLL Trojdielny komplet zah\u0155\u0148a: podprsenku, nohavi\u010dky a podv\u00e4zkov\u00fd p\u00e1s. \u013dahk\u00e1 podprsenka s kosticami. Bez v\u00fdstu\u017ee. Jemn\u00e1, \u017eensk\u00e1 a zvodn\u00e1 \u010dipka. Nastavite\u013en\u00e9 ramienka. Nastavite\u013en\u00e1 podprsenka a podv\u00e4zkov\u00fd p\u00e1s. Nastavite\u013en\u00e9 nohavi\u010dky. Nastavite\u013en\u00e9 p\u00e1sy podv\u00e4zkov\u00e9ho p\u00e1su. \u010ciasto\u010dne prieh\u013eadn\u00e9. Typ nohavi\u010diek: tang\u00e1. Odpor\u00fa\u010dame kombinova\u0165 s samodr\u017eiacimi pan\u010duchami. Farba: ru\u017eov\u00e1 a \u010dierna. Elena nos\u00ed ve\u013ekos\u0165 S. Farby [...]","og_url":"https:\/\/belovedlabel.com\/sk\/product\/sada-spodnej-bielizne-babydoll\/","og_site_name":"Beloved Label","article_publisher":"https:\/\/www.facebook.com\/belovedlingerie","article_modified_time":"2025-08-12T11:49:09+00:00","og_image":[{"width":1365,"height":2048,"url":"https:\/\/belovedlabel.com\/sk\/wp-content\/uploads\/2025\/03\/DSC00479.jpg","type":"image\/jpeg"}],"twitter_card":"summary_large_image","twitter_misc":{"Predpokladan\u00fd \u010das \u010d\u00edtania":"1 min\u00fata"},"schema":{"@context":"https:\/\/schema.org","@graph":[{"@type":"WebPage","@id":"https:\/\/belovedlabel.com\/sk\/product\/sada-spodnej-bielizne-babydoll\/","url":"https:\/\/belovedlabel.com\/sk\/product\/sada-spodnej-bielizne-babydoll\/","name":"Sada spodnej bielizne BABYDOLL - Beloved Label","isPartOf":{"@id":"https:\/\/belovedlabel.com\/sk\/#website"},"primaryImageOfPage":{"@id":"https:\/\/belovedlabel.com\/sk\/product\/sada-spodnej-bielizne-babydoll\/#primaryimage"},"image":{"@id":"https:\/\/belovedlabel.com\/sk\/product\/sada-spodnej-bielizne-babydoll\/#primaryimage"},"thumbnailUrl":"https:\/\/belovedlabel.com\/sk\/wp-content\/uploads\/2025\/03\/DSC00479.jpg","datePublished":"2023-03-07T07:03:01+00:00","dateModified":"2025-08-12T11:49:09+00:00","breadcrumb":{"@id":"https:\/\/belovedlabel.com\/sk\/product\/sada-spodnej-bielizne-babydoll\/#breadcrumb"},"inLanguage":"sk-SK","potentialAction":[{"@type":"ReadAction","target":["https:\/\/belovedlabel.com\/sk\/product\/sada-spodnej-bielizne-babydoll\/"]}]},{"@type":"ImageObject","inLanguage":"sk-SK","@id":"https:\/\/belovedlabel.com\/sk\/product\/sada-spodnej-bielizne-babydoll\/#primaryimage","url":"https:\/\/belovedlabel.com\/sk\/wp-content\/uploads\/2025\/03\/DSC00479.jpg","contentUrl":"https:\/\/belovedlabel.com\/sk\/wp-content\/uploads\/2025\/03\/DSC00479.jpg","width":1365,"height":2048},{"@type":"BreadcrumbList","@id":"https:\/\/belovedlabel.com\/sk\/product\/sada-spodnej-bielizne-babydoll\/#breadcrumb","itemListElement":[{"@type":"ListItem","position":1,"name":"Po\u010detna","item":"https:\/\/belovedlabel.com\/sk\/"},{"@type":"ListItem","position":2,"name":"Shop","item":"https:\/\/belovedlabel.com\/sk\/shop\/"},{"@type":"ListItem","position":3,"name":"Sada spodnej bielizne BABYDOLL"}]},{"@type":"WebSite","@id":"https:\/\/belovedlabel.com\/sk\/#website","url":"https:\/\/belovedlabel.com\/sk\/","name":"Beloved Lingerie","description":"Your beloved store!","publisher":{"@id":"https:\/\/belovedlabel.com\/sk\/#organization"},"potentialAction":[{"@type":"SearchAction","target":{"@type":"EntryPoint","urlTemplate":"https:\/\/belovedlabel.com\/sk\/?s={search_term_string}"},"query-input":{"@type":"PropertyValueSpecification","valueRequired":true,"valueName":"search_term_string"}}],"inLanguage":"sk-SK"},{"@type":"Organization","@id":"https:\/\/belovedlabel.com\/sk\/#organization","name":"Beloved Lingerie","url":"https:\/\/belovedlabel.com\/sk\/","logo":{"@type":"ImageObject","inLanguage":"sk-SK","@id":"https:\/\/belovedlabel.com\/sk\/#\/schema\/logo\/image\/","url":"https:\/\/belovedlabel.com\/sk\/wp-content\/uploads\/2025\/03\/beloved-logo.png","contentUrl":"https:\/\/belovedlabel.com\/sk\/wp-content\/uploads\/2025\/03\/beloved-logo.png","width":1400,"height":544,"caption":"Beloved Lingerie"},"image":{"@id":"https:\/\/belovedlabel.com\/sk\/#\/schema\/logo\/image\/"},"sameAs":["https:\/\/www.facebook.com\/belovedlingerie","https:\/\/www.instagram.com\/yourbelovedlingerie\/","https:\/\/www.tiktok.com\/@belovedfashion"]}]}},"_links":{"self":[{"href":"https:\/\/belovedlabel.com\/sk\/wp-json\/wp\/v2\/product\/373","targetHints":{"allow":["GET"]}}],"collection":[{"href":"https:\/\/belovedlabel.com\/sk\/wp-json\/wp\/v2\/product"}],"about":[{"href":"https:\/\/belovedlabel.com\/sk\/wp-json\/wp\/v2\/types\/product"}],"replies":[{"embeddable":true,"href":"https:\/\/belovedlabel.com\/sk\/wp-json\/wp\/v2\/comments?post=373"}],"wp:featuredmedia":[{"embeddable":true,"href":"https:\/\/belovedlabel.com\/sk\/wp-json\/wp\/v2\/media\/374"}],"wp:attachment":[{"href":"https:\/\/belovedlabel.com\/sk\/wp-json\/wp\/v2\/media?parent=373"}],"wp:term":[{"taxonomy":"product_brand","embeddable":true,"href":"https:\/\/belovedlabel.com\/sk\/wp-json\/wp\/v2\/product_brand?post=373"},{"taxonomy":"product_cat","embeddable":true,"href":"https:\/\/belovedlabel.com\/sk\/wp-json\/wp\/v2\/product_cat?post=373"},{"taxonomy":"product_tag","embeddable":true,"href":"https:\/\/belovedlabel.com\/sk\/wp-json\/wp\/v2\/product_tag?post=373"}],"curies":[{"name":"wp","href":"https:\/\/api.w.org\/{rel}","templated":true}]}}