{"id":362,"date":"2023-02-27T13:21:22","date_gmt":"2023-02-27T13:21:22","guid":{"rendered":"https:\/\/belovedlabel.com\/sk\/product\/bodi-dahlia\/"},"modified":"2025-08-12T13:49:09","modified_gmt":"2025-08-12T11:49:09","slug":"bud-dahlia","status":"publish","type":"product","link":"https:\/\/belovedlabel.com\/sk\/product\/bud-dahlia\/","title":{"rendered":"Bu\u010f DAHLIA"},"content":{"rendered":"<p><strong>Bodi DAHLIA<\/strong><\/p>\n<ul>\n<li>Sie\u0165ovan\u00fd materi\u00e1l.<\/li>\n<li>Ko\u0161\u00edky bez dr\u00f4tu.<\/li>\n<li>Neprieh\u013eadn\u00e9 ko\u0161\u00edky.<\/li>\n<li>Nastavite\u013en\u00e9 ramienka.<\/li>\n<li>Typ nohavi\u010diek: tang\u00e1 s vysok\u00fdm p\u00e1som.<\/li>\n<li>Zatv\u00e1ranie pomocou gomb\u00edkov.<\/li>\n<li>\u010ciasto\u010dne prieh\u013eadn\u00e9.<\/li>\n<li>Dva sp\u00f4soby nosenia bodysuitu: ako spodn\u00e1 bielize\u0148 alebo namiesto tri\u010dka.<\/li>\n<li>Farba: \u010dierna.<\/li>\n<li>Nika nos\u00ed ve\u013ekos\u0165 S.<\/li>\n<li>Farby spodnej bielizne na obr\u00e1zkoch sa m\u00f4\u017eu mierne l\u00ed\u0161i\u0165 od skuto\u010dn\u00fdch farieb kv\u00f4li nastaveniam v\u00e1\u0161ho mobiln\u00e9ho telef\u00f3nu alebo po\u010d\u00edta\u010da.<\/li>\n<li>Zlo\u017eenie: 95 % polyester, 5 % elastan.<\/li>\n<\/ul>\n","protected":false},"excerpt":{"rendered":"<p>Bodi DAHLIA Sie\u0165ovan\u00fd materi\u00e1l. Ko\u0161\u00edky bez dr\u00f4tu. Neprieh\u013eadn\u00e9 ko\u0161\u00edky. Nastavite\u013en\u00e9 ramienka. Typ nohavi\u010diek: tang\u00e1 s vysok\u00fdm p\u00e1som. Zatv\u00e1ranie pomocou gomb\u00edkov. \u010ciasto\u010dne prieh\u013eadn\u00e9. Dva sp\u00f4soby nosenia bodysuitu: ako spodn\u00e1 bielize\u0148 alebo namiesto tri\u010dka. Farba: \u010dierna. Nika nos\u00ed ve\u013ekos\u0165 S. Farby spodnej bielizne na obr\u00e1zkoch sa m\u00f4\u017eu mierne l\u00ed\u0161i\u0165 od skuto\u010dn\u00fdch farieb kv\u00f4li nastaveniam v\u00e1\u0161ho mobiln\u00e9ho telef\u00f3nu [&#8230;]\n","protected":false},"featured_media":363,"comment_status":"closed","ping_status":"open","template":"","meta":{"_acf_changed":false},"product_brand":[],"product_cat":[23,28],"product_tag":[],"class_list":{"0":"post-362","1":"product","2":"type-product","3":"status-publish","4":"has-post-thumbnail","6":"product_cat-zvodna-spodna-bielizen","7":"product_cat-body","8":"pa_farba-cierna","9":"pa_velkost-s","10":"pa_velkost-m","11":"pa_velkost-l","13":"first","14":"instock","15":"taxable","16":"shipping-taxable","17":"purchasable","18":"product-type-variable"},"acf":[],"yoast_head":"<!-- This site is optimized with the Yoast SEO plugin v25.6 - https:\/\/yoast.com\/wordpress\/plugins\/seo\/ -->\n<title>Bu\u010f DAHLIA - Beloved Label<\/title>\n<meta name=\"robots\" content=\"index, follow, max-snippet:-1, max-image-preview:large, max-video-preview:-1\" \/>\n<link rel=\"canonical\" href=\"https:\/\/belovedlabel.com\/sk\/product\/bud-dahlia\/\" \/>\n<meta property=\"og:locale\" content=\"sk_SK\" \/>\n<meta property=\"og:type\" content=\"article\" \/>\n<meta property=\"og:title\" content=\"Bu\u010f DAHLIA - Beloved Label\" \/>\n<meta property=\"og:description\" content=\"Bodi DAHLIA Sie\u0165ovan\u00fd materi\u00e1l. Ko\u0161\u00edky bez dr\u00f4tu. Neprieh\u013eadn\u00e9 ko\u0161\u00edky. Nastavite\u013en\u00e9 ramienka. Typ nohavi\u010diek: tang\u00e1 s vysok\u00fdm p\u00e1som. Zatv\u00e1ranie pomocou gomb\u00edkov. \u010ciasto\u010dne prieh\u013eadn\u00e9. Dva sp\u00f4soby nosenia bodysuitu: ako spodn\u00e1 bielize\u0148 alebo namiesto tri\u010dka. Farba: \u010dierna. Nika nos\u00ed ve\u013ekos\u0165 S. Farby spodnej bielizne na obr\u00e1zkoch sa m\u00f4\u017eu mierne l\u00ed\u0161i\u0165 od skuto\u010dn\u00fdch farieb kv\u00f4li nastaveniam v\u00e1\u0161ho mobiln\u00e9ho telef\u00f3nu [...]\" \/>\n<meta property=\"og:url\" content=\"https:\/\/belovedlabel.com\/sk\/product\/bud-dahlia\/\" \/>\n<meta property=\"og:site_name\" content=\"Beloved Label\" \/>\n<meta property=\"article:publisher\" content=\"https:\/\/www.facebook.com\/belovedlingerie\" \/>\n<meta property=\"article:modified_time\" content=\"2025-08-12T11:49:09+00:00\" \/>\n<meta property=\"og:image\" content=\"https:\/\/belovedlabel.com\/sk\/wp-content\/uploads\/2025\/03\/DSC08919.jpg\" \/>\n\t<meta property=\"og:image:width\" content=\"1365\" \/>\n\t<meta property=\"og:image:height\" content=\"2048\" \/>\n\t<meta property=\"og:image:type\" content=\"image\/jpeg\" \/>\n<meta name=\"twitter:card\" content=\"summary_large_image\" \/>\n<script type=\"application\/ld+json\" class=\"yoast-schema-graph\">{\"@context\":\"https:\/\/schema.org\",\"@graph\":[{\"@type\":\"WebPage\",\"@id\":\"https:\/\/belovedlabel.com\/sk\/product\/bud-dahlia\/\",\"url\":\"https:\/\/belovedlabel.com\/sk\/product\/bud-dahlia\/\",\"name\":\"Bu\u010f DAHLIA - Beloved Label\",\"isPartOf\":{\"@id\":\"https:\/\/belovedlabel.com\/sk\/#website\"},\"primaryImageOfPage\":{\"@id\":\"https:\/\/belovedlabel.com\/sk\/product\/bud-dahlia\/#primaryimage\"},\"image\":{\"@id\":\"https:\/\/belovedlabel.com\/sk\/product\/bud-dahlia\/#primaryimage\"},\"thumbnailUrl\":\"https:\/\/belovedlabel.com\/sk\/wp-content\/uploads\/2025\/03\/DSC08919.jpg\",\"datePublished\":\"2023-02-27T13:21:22+00:00\",\"dateModified\":\"2025-08-12T11:49:09+00:00\",\"breadcrumb\":{\"@id\":\"https:\/\/belovedlabel.com\/sk\/product\/bud-dahlia\/#breadcrumb\"},\"inLanguage\":\"sk-SK\",\"potentialAction\":[{\"@type\":\"ReadAction\",\"target\":[\"https:\/\/belovedlabel.com\/sk\/product\/bud-dahlia\/\"]}]},{\"@type\":\"ImageObject\",\"inLanguage\":\"sk-SK\",\"@id\":\"https:\/\/belovedlabel.com\/sk\/product\/bud-dahlia\/#primaryimage\",\"url\":\"https:\/\/belovedlabel.com\/sk\/wp-content\/uploads\/2025\/03\/DSC08919.jpg\",\"contentUrl\":\"https:\/\/belovedlabel.com\/sk\/wp-content\/uploads\/2025\/03\/DSC08919.jpg\",\"width\":1365,\"height\":2048},{\"@type\":\"BreadcrumbList\",\"@id\":\"https:\/\/belovedlabel.com\/sk\/product\/bud-dahlia\/#breadcrumb\",\"itemListElement\":[{\"@type\":\"ListItem\",\"position\":1,\"name\":\"Po\u010detna\",\"item\":\"https:\/\/belovedlabel.com\/sk\/\"},{\"@type\":\"ListItem\",\"position\":2,\"name\":\"Shop\",\"item\":\"https:\/\/belovedlabel.com\/sk\/shop\/\"},{\"@type\":\"ListItem\",\"position\":3,\"name\":\"Bu\u010f DAHLIA\"}]},{\"@type\":\"WebSite\",\"@id\":\"https:\/\/belovedlabel.com\/sk\/#website\",\"url\":\"https:\/\/belovedlabel.com\/sk\/\",\"name\":\"Beloved Lingerie\",\"description\":\"Your beloved store!\",\"publisher\":{\"@id\":\"https:\/\/belovedlabel.com\/sk\/#organization\"},\"potentialAction\":[{\"@type\":\"SearchAction\",\"target\":{\"@type\":\"EntryPoint\",\"urlTemplate\":\"https:\/\/belovedlabel.com\/sk\/?s={search_term_string}\"},\"query-input\":{\"@type\":\"PropertyValueSpecification\",\"valueRequired\":true,\"valueName\":\"search_term_string\"}}],\"inLanguage\":\"sk-SK\"},{\"@type\":\"Organization\",\"@id\":\"https:\/\/belovedlabel.com\/sk\/#organization\",\"name\":\"Beloved Lingerie\",\"url\":\"https:\/\/belovedlabel.com\/sk\/\",\"logo\":{\"@type\":\"ImageObject\",\"inLanguage\":\"sk-SK\",\"@id\":\"https:\/\/belovedlabel.com\/sk\/#\/schema\/logo\/image\/\",\"url\":\"https:\/\/belovedlabel.com\/sk\/wp-content\/uploads\/2025\/03\/beloved-logo.png\",\"contentUrl\":\"https:\/\/belovedlabel.com\/sk\/wp-content\/uploads\/2025\/03\/beloved-logo.png\",\"width\":1400,\"height\":544,\"caption\":\"Beloved Lingerie\"},\"image\":{\"@id\":\"https:\/\/belovedlabel.com\/sk\/#\/schema\/logo\/image\/\"},\"sameAs\":[\"https:\/\/www.facebook.com\/belovedlingerie\",\"https:\/\/www.instagram.com\/yourbelovedlingerie\/\",\"https:\/\/www.tiktok.com\/@belovedfashion\"]}]}<\/script>\n<!-- \/ Yoast SEO plugin. -->","yoast_head_json":{"title":"Bu\u010f DAHLIA - Beloved Label","robots":{"index":"index","follow":"follow","max-snippet":"max-snippet:-1","max-image-preview":"max-image-preview:large","max-video-preview":"max-video-preview:-1"},"canonical":"https:\/\/belovedlabel.com\/sk\/product\/bud-dahlia\/","og_locale":"sk_SK","og_type":"article","og_title":"Bu\u010f DAHLIA - Beloved Label","og_description":"Bodi DAHLIA Sie\u0165ovan\u00fd materi\u00e1l. Ko\u0161\u00edky bez dr\u00f4tu. Neprieh\u013eadn\u00e9 ko\u0161\u00edky. Nastavite\u013en\u00e9 ramienka. Typ nohavi\u010diek: tang\u00e1 s vysok\u00fdm p\u00e1som. Zatv\u00e1ranie pomocou gomb\u00edkov. \u010ciasto\u010dne prieh\u013eadn\u00e9. Dva sp\u00f4soby nosenia bodysuitu: ako spodn\u00e1 bielize\u0148 alebo namiesto tri\u010dka. Farba: \u010dierna. Nika nos\u00ed ve\u013ekos\u0165 S. Farby spodnej bielizne na obr\u00e1zkoch sa m\u00f4\u017eu mierne l\u00ed\u0161i\u0165 od skuto\u010dn\u00fdch farieb kv\u00f4li nastaveniam v\u00e1\u0161ho mobiln\u00e9ho telef\u00f3nu [...]","og_url":"https:\/\/belovedlabel.com\/sk\/product\/bud-dahlia\/","og_site_name":"Beloved Label","article_publisher":"https:\/\/www.facebook.com\/belovedlingerie","article_modified_time":"2025-08-12T11:49:09+00:00","og_image":[{"width":1365,"height":2048,"url":"https:\/\/belovedlabel.com\/sk\/wp-content\/uploads\/2025\/03\/DSC08919.jpg","type":"image\/jpeg"}],"twitter_card":"summary_large_image","schema":{"@context":"https:\/\/schema.org","@graph":[{"@type":"WebPage","@id":"https:\/\/belovedlabel.com\/sk\/product\/bud-dahlia\/","url":"https:\/\/belovedlabel.com\/sk\/product\/bud-dahlia\/","name":"Bu\u010f DAHLIA - Beloved Label","isPartOf":{"@id":"https:\/\/belovedlabel.com\/sk\/#website"},"primaryImageOfPage":{"@id":"https:\/\/belovedlabel.com\/sk\/product\/bud-dahlia\/#primaryimage"},"image":{"@id":"https:\/\/belovedlabel.com\/sk\/product\/bud-dahlia\/#primaryimage"},"thumbnailUrl":"https:\/\/belovedlabel.com\/sk\/wp-content\/uploads\/2025\/03\/DSC08919.jpg","datePublished":"2023-02-27T13:21:22+00:00","dateModified":"2025-08-12T11:49:09+00:00","breadcrumb":{"@id":"https:\/\/belovedlabel.com\/sk\/product\/bud-dahlia\/#breadcrumb"},"inLanguage":"sk-SK","potentialAction":[{"@type":"ReadAction","target":["https:\/\/belovedlabel.com\/sk\/product\/bud-dahlia\/"]}]},{"@type":"ImageObject","inLanguage":"sk-SK","@id":"https:\/\/belovedlabel.com\/sk\/product\/bud-dahlia\/#primaryimage","url":"https:\/\/belovedlabel.com\/sk\/wp-content\/uploads\/2025\/03\/DSC08919.jpg","contentUrl":"https:\/\/belovedlabel.com\/sk\/wp-content\/uploads\/2025\/03\/DSC08919.jpg","width":1365,"height":2048},{"@type":"BreadcrumbList","@id":"https:\/\/belovedlabel.com\/sk\/product\/bud-dahlia\/#breadcrumb","itemListElement":[{"@type":"ListItem","position":1,"name":"Po\u010detna","item":"https:\/\/belovedlabel.com\/sk\/"},{"@type":"ListItem","position":2,"name":"Shop","item":"https:\/\/belovedlabel.com\/sk\/shop\/"},{"@type":"ListItem","position":3,"name":"Bu\u010f DAHLIA"}]},{"@type":"WebSite","@id":"https:\/\/belovedlabel.com\/sk\/#website","url":"https:\/\/belovedlabel.com\/sk\/","name":"Beloved Lingerie","description":"Your beloved store!","publisher":{"@id":"https:\/\/belovedlabel.com\/sk\/#organization"},"potentialAction":[{"@type":"SearchAction","target":{"@type":"EntryPoint","urlTemplate":"https:\/\/belovedlabel.com\/sk\/?s={search_term_string}"},"query-input":{"@type":"PropertyValueSpecification","valueRequired":true,"valueName":"search_term_string"}}],"inLanguage":"sk-SK"},{"@type":"Organization","@id":"https:\/\/belovedlabel.com\/sk\/#organization","name":"Beloved Lingerie","url":"https:\/\/belovedlabel.com\/sk\/","logo":{"@type":"ImageObject","inLanguage":"sk-SK","@id":"https:\/\/belovedlabel.com\/sk\/#\/schema\/logo\/image\/","url":"https:\/\/belovedlabel.com\/sk\/wp-content\/uploads\/2025\/03\/beloved-logo.png","contentUrl":"https:\/\/belovedlabel.com\/sk\/wp-content\/uploads\/2025\/03\/beloved-logo.png","width":1400,"height":544,"caption":"Beloved Lingerie"},"image":{"@id":"https:\/\/belovedlabel.com\/sk\/#\/schema\/logo\/image\/"},"sameAs":["https:\/\/www.facebook.com\/belovedlingerie","https:\/\/www.instagram.com\/yourbelovedlingerie\/","https:\/\/www.tiktok.com\/@belovedfashion"]}]}},"_links":{"self":[{"href":"https:\/\/belovedlabel.com\/sk\/wp-json\/wp\/v2\/product\/362","targetHints":{"allow":["GET"]}}],"collection":[{"href":"https:\/\/belovedlabel.com\/sk\/wp-json\/wp\/v2\/product"}],"about":[{"href":"https:\/\/belovedlabel.com\/sk\/wp-json\/wp\/v2\/types\/product"}],"replies":[{"embeddable":true,"href":"https:\/\/belovedlabel.com\/sk\/wp-json\/wp\/v2\/comments?post=362"}],"wp:featuredmedia":[{"embeddable":true,"href":"https:\/\/belovedlabel.com\/sk\/wp-json\/wp\/v2\/media\/363"}],"wp:attachment":[{"href":"https:\/\/belovedlabel.com\/sk\/wp-json\/wp\/v2\/media?parent=362"}],"wp:term":[{"taxonomy":"product_brand","embeddable":true,"href":"https:\/\/belovedlabel.com\/sk\/wp-json\/wp\/v2\/product_brand?post=362"},{"taxonomy":"product_cat","embeddable":true,"href":"https:\/\/belovedlabel.com\/sk\/wp-json\/wp\/v2\/product_cat?post=362"},{"taxonomy":"product_tag","embeddable":true,"href":"https:\/\/belovedlabel.com\/sk\/wp-json\/wp\/v2\/product_tag?post=362"}],"curies":[{"name":"wp","href":"https:\/\/api.w.org\/{rel}","templated":true}]}}