{"id":1303,"date":"2024-09-17T07:01:17","date_gmt":"2024-09-17T07:01:17","guid":{"rendered":"https:\/\/belovedlabel.com\/sk\/product\/bezicni-grudnjak-s-cipkom-claire-roza\/"},"modified":"2025-08-12T13:50:22","modified_gmt":"2025-08-12T11:50:22","slug":"bezdrotova-podprsenka-s-cipkou-claire-ruzova","status":"publish","type":"product","link":"https:\/\/belovedlabel.com\/sk\/product\/bezdrotova-podprsenka-s-cipkou-claire-ruzova\/","title":{"rendered":"Bezdr\u00f4tov\u00e1 podprsenka s \u010dipkou CLAIRE ru\u017eov\u00e1"},"content":{"rendered":"<ul>\n<li><span class=\"Y2IQFc\" lang=\"sk\"><a href=\"https:\/\/belovedlingerie.com\/si\/kategorija\/back-to-basics-kolekcija\/nedrcki\/\" target=\"_blank\" rel=\"noopener\">Bezdr\u00f4tov\u00e1 podprsenka<\/a> s \u010dipkou z pohodln\u00fdch materi\u00e1lov. <\/span><\/li>\n<li><span class=\"Y2IQFc\" lang=\"sk\">Ke\u010f\u017ee neobsahuje dr\u00f4t na podporu, je pohodln\u00e1 na ka\u017edodenn\u00e9 nosenie a nevidite\u013en\u00e1 pod oble\u010den\u00edm. <\/span><\/li>\n<li><span class=\"Y2IQFc\" lang=\"sk\"><a href=\"https:\/\/www.beloved.si\/back-to-basics-udobno-brezsivno-spodnje-perilo-za-vsakdanje-udobje\/\" target=\"_blank\" rel=\"noopener\">Pohodln\u00e1<\/a> a elegantn\u00e1.<\/span><\/li>\n<li>Nastavite\u013en\u00e9 ramienka.<\/li>\n<li>\u010cipkov\u00fd detail.<\/li>\n<li>Farba: ru\u017eov\u00e1.<\/li>\n<li><span class=\"Y2IQFc\" lang=\"sk\">Vyroben\u00e1 z m\u00e4kk\u00fdch, poko\u017eke pr\u00edjemn\u00fdch materi\u00e1lov.<\/span><\/li>\n<li>Modelka nos\u00ed konfek\u010dn\u00fa ve\u013ekos\u0165 S.<\/li>\n<li>Farby <a href=\"https:\/\/belovedlingerie.com\/si\/kategorija\/back-to-basics-kolekcija\/nedrcki\/\" target=\"_blank\" rel=\"noopener\">spodnej bielizne<\/a> na obr\u00e1zkoch sa m\u00f4\u017eu mierne l\u00ed\u0161i\u0165 od skuto\u010dn\u00fdch farieb, kv\u00f4li nastaveniam telef\u00f3nu alebo po\u010d\u00edta\u010da.<\/li>\n<li>Zlo\u017eenie: Vank\u00fa\u0161ik: 90% nylon, 10% spandex; Vonkaj\u0161ia \u010das\u0165 1: 76% nylon, 24% spandex.<\/li>\n<\/ul>\n","protected":false},"excerpt":{"rendered":"<p>Bezdr\u00f4tov\u00e1 podprsenka s \u010dipkou z pohodln\u00fdch materi\u00e1lov. Ke\u010f\u017ee neobsahuje dr\u00f4t na podporu, je pohodln\u00e1 na ka\u017edodenn\u00e9 nosenie a nevidite\u013en\u00e1 pod oble\u010den\u00edm. Pohodln\u00e1 a elegantn\u00e1. Nastavite\u013en\u00e9 ramienka. \u010cipkov\u00fd detail. Farba: ru\u017eov\u00e1. Vyroben\u00e1 z m\u00e4kk\u00fdch, poko\u017eke pr\u00edjemn\u00fdch materi\u00e1lov. Modelka nos\u00ed konfek\u010dn\u00fa ve\u013ekos\u0165 S. Farby spodnej bielizne na obr\u00e1zkoch sa m\u00f4\u017eu mierne l\u00ed\u0161i\u0165 od skuto\u010dn\u00fdch farieb, kv\u00f4li nastaveniam [&#8230;]\n","protected":false},"featured_media":1304,"comment_status":"closed","ping_status":"closed","template":"","meta":{"_acf_changed":false},"product_brand":[],"product_cat":[44,45,46,47],"product_tag":[],"class_list":{"0":"post-1303","1":"product","2":"type-product","3":"status-publish","4":"has-post-thumbnail","6":"product_cat-back-to-basics","7":"product_cat-podprsenky","8":"product_cat-bezsvova-spodna-bielizen","9":"product_cat-podprsenky-bezsvova-spodna-bielizen","10":"pa_farba-ruzova","11":"pa_velkost-s","12":"pa_velkost-m","13":"pa_velkost-l","14":"pa_velkost-xl","16":"first","17":"instock","18":"taxable","19":"shipping-taxable","20":"purchasable","21":"product-type-variable"},"acf":[],"yoast_head":"<!-- This site is optimized with the Yoast SEO plugin v25.6 - https:\/\/yoast.com\/wordpress\/plugins\/seo\/ -->\n<title>Bezdr\u00f4tov\u00e1 podprsenka s \u010dipkou CLAIRE ru\u017eov\u00e1 - Beloved Label<\/title>\n<meta name=\"robots\" content=\"index, follow, max-snippet:-1, max-image-preview:large, max-video-preview:-1\" \/>\n<link rel=\"canonical\" href=\"https:\/\/belovedlabel.com\/sk\/product\/bezdrotova-podprsenka-s-cipkou-claire-ruzova\/\" \/>\n<meta property=\"og:locale\" content=\"sk_SK\" \/>\n<meta property=\"og:type\" content=\"article\" \/>\n<meta property=\"og:title\" content=\"Bezdr\u00f4tov\u00e1 podprsenka s \u010dipkou CLAIRE ru\u017eov\u00e1 - Beloved Label\" \/>\n<meta property=\"og:description\" content=\"Bezdr\u00f4tov\u00e1 podprsenka s \u010dipkou z pohodln\u00fdch materi\u00e1lov. Ke\u010f\u017ee neobsahuje dr\u00f4t na podporu, je pohodln\u00e1 na ka\u017edodenn\u00e9 nosenie a nevidite\u013en\u00e1 pod oble\u010den\u00edm. Pohodln\u00e1 a elegantn\u00e1. Nastavite\u013en\u00e9 ramienka. \u010cipkov\u00fd detail. Farba: ru\u017eov\u00e1. Vyroben\u00e1 z m\u00e4kk\u00fdch, poko\u017eke pr\u00edjemn\u00fdch materi\u00e1lov. Modelka nos\u00ed konfek\u010dn\u00fa ve\u013ekos\u0165 S. Farby spodnej bielizne na obr\u00e1zkoch sa m\u00f4\u017eu mierne l\u00ed\u0161i\u0165 od skuto\u010dn\u00fdch farieb, kv\u00f4li nastaveniam [...]\" \/>\n<meta property=\"og:url\" content=\"https:\/\/belovedlabel.com\/sk\/product\/bezdrotova-podprsenka-s-cipkou-claire-ruzova\/\" \/>\n<meta property=\"og:site_name\" content=\"Beloved Label\" \/>\n<meta property=\"article:publisher\" content=\"https:\/\/www.facebook.com\/belovedlingerie\" \/>\n<meta property=\"article:modified_time\" content=\"2025-08-12T11:50:22+00:00\" \/>\n<meta property=\"og:image\" content=\"https:\/\/belovedlabel.com\/sk\/wp-content\/uploads\/2025\/03\/Brezzicni-nedrcek-s-cipko-CLAIRE-roza-6-scaled-2.jpg\" \/>\n\t<meta property=\"og:image:width\" content=\"1707\" \/>\n\t<meta property=\"og:image:height\" content=\"2560\" \/>\n\t<meta property=\"og:image:type\" content=\"image\/jpeg\" \/>\n<meta name=\"twitter:card\" content=\"summary_large_image\" \/>\n<meta name=\"twitter:label1\" content=\"Predpokladan\u00fd \u010das \u010d\u00edtania\" \/>\n\t<meta name=\"twitter:data1\" content=\"1 min\u00fata\" \/>\n<script type=\"application\/ld+json\" class=\"yoast-schema-graph\">{\"@context\":\"https:\/\/schema.org\",\"@graph\":[{\"@type\":\"WebPage\",\"@id\":\"https:\/\/belovedlabel.com\/sk\/product\/bezdrotova-podprsenka-s-cipkou-claire-ruzova\/\",\"url\":\"https:\/\/belovedlabel.com\/sk\/product\/bezdrotova-podprsenka-s-cipkou-claire-ruzova\/\",\"name\":\"Bezdr\u00f4tov\u00e1 podprsenka s \u010dipkou CLAIRE ru\u017eov\u00e1 - Beloved Label\",\"isPartOf\":{\"@id\":\"https:\/\/belovedlabel.com\/sk\/#website\"},\"primaryImageOfPage\":{\"@id\":\"https:\/\/belovedlabel.com\/sk\/product\/bezdrotova-podprsenka-s-cipkou-claire-ruzova\/#primaryimage\"},\"image\":{\"@id\":\"https:\/\/belovedlabel.com\/sk\/product\/bezdrotova-podprsenka-s-cipkou-claire-ruzova\/#primaryimage\"},\"thumbnailUrl\":\"https:\/\/belovedlabel.com\/sk\/wp-content\/uploads\/2025\/03\/Brezzicni-nedrcek-s-cipko-CLAIRE-roza-6-scaled-2.jpg\",\"datePublished\":\"2024-09-17T07:01:17+00:00\",\"dateModified\":\"2025-08-12T11:50:22+00:00\",\"breadcrumb\":{\"@id\":\"https:\/\/belovedlabel.com\/sk\/product\/bezdrotova-podprsenka-s-cipkou-claire-ruzova\/#breadcrumb\"},\"inLanguage\":\"sk-SK\",\"potentialAction\":[{\"@type\":\"ReadAction\",\"target\":[\"https:\/\/belovedlabel.com\/sk\/product\/bezdrotova-podprsenka-s-cipkou-claire-ruzova\/\"]}]},{\"@type\":\"ImageObject\",\"inLanguage\":\"sk-SK\",\"@id\":\"https:\/\/belovedlabel.com\/sk\/product\/bezdrotova-podprsenka-s-cipkou-claire-ruzova\/#primaryimage\",\"url\":\"https:\/\/belovedlabel.com\/sk\/wp-content\/uploads\/2025\/03\/Brezzicni-nedrcek-s-cipko-CLAIRE-roza-6-scaled-2.jpg\",\"contentUrl\":\"https:\/\/belovedlabel.com\/sk\/wp-content\/uploads\/2025\/03\/Brezzicni-nedrcek-s-cipko-CLAIRE-roza-6-scaled-2.jpg\",\"width\":1707,\"height\":2560},{\"@type\":\"BreadcrumbList\",\"@id\":\"https:\/\/belovedlabel.com\/sk\/product\/bezdrotova-podprsenka-s-cipkou-claire-ruzova\/#breadcrumb\",\"itemListElement\":[{\"@type\":\"ListItem\",\"position\":1,\"name\":\"Po\u010detna\",\"item\":\"https:\/\/belovedlabel.com\/sk\/\"},{\"@type\":\"ListItem\",\"position\":2,\"name\":\"Shop\",\"item\":\"https:\/\/belovedlabel.com\/sk\/shop\/\"},{\"@type\":\"ListItem\",\"position\":3,\"name\":\"Bezdr\u00f4tov\u00e1 podprsenka s \u010dipkou CLAIRE ru\u017eov\u00e1\"}]},{\"@type\":\"WebSite\",\"@id\":\"https:\/\/belovedlabel.com\/sk\/#website\",\"url\":\"https:\/\/belovedlabel.com\/sk\/\",\"name\":\"Beloved Lingerie\",\"description\":\"Your beloved store!\",\"publisher\":{\"@id\":\"https:\/\/belovedlabel.com\/sk\/#organization\"},\"potentialAction\":[{\"@type\":\"SearchAction\",\"target\":{\"@type\":\"EntryPoint\",\"urlTemplate\":\"https:\/\/belovedlabel.com\/sk\/?s={search_term_string}\"},\"query-input\":{\"@type\":\"PropertyValueSpecification\",\"valueRequired\":true,\"valueName\":\"search_term_string\"}}],\"inLanguage\":\"sk-SK\"},{\"@type\":\"Organization\",\"@id\":\"https:\/\/belovedlabel.com\/sk\/#organization\",\"name\":\"Beloved Lingerie\",\"url\":\"https:\/\/belovedlabel.com\/sk\/\",\"logo\":{\"@type\":\"ImageObject\",\"inLanguage\":\"sk-SK\",\"@id\":\"https:\/\/belovedlabel.com\/sk\/#\/schema\/logo\/image\/\",\"url\":\"https:\/\/belovedlabel.com\/sk\/wp-content\/uploads\/2025\/03\/beloved-logo.png\",\"contentUrl\":\"https:\/\/belovedlabel.com\/sk\/wp-content\/uploads\/2025\/03\/beloved-logo.png\",\"width\":1400,\"height\":544,\"caption\":\"Beloved Lingerie\"},\"image\":{\"@id\":\"https:\/\/belovedlabel.com\/sk\/#\/schema\/logo\/image\/\"},\"sameAs\":[\"https:\/\/www.facebook.com\/belovedlingerie\",\"https:\/\/www.instagram.com\/yourbelovedlingerie\/\",\"https:\/\/www.tiktok.com\/@belovedfashion\"]}]}<\/script>\n<!-- \/ Yoast SEO plugin. -->","yoast_head_json":{"title":"Bezdr\u00f4tov\u00e1 podprsenka s \u010dipkou CLAIRE ru\u017eov\u00e1 - Beloved Label","robots":{"index":"index","follow":"follow","max-snippet":"max-snippet:-1","max-image-preview":"max-image-preview:large","max-video-preview":"max-video-preview:-1"},"canonical":"https:\/\/belovedlabel.com\/sk\/product\/bezdrotova-podprsenka-s-cipkou-claire-ruzova\/","og_locale":"sk_SK","og_type":"article","og_title":"Bezdr\u00f4tov\u00e1 podprsenka s \u010dipkou CLAIRE ru\u017eov\u00e1 - Beloved Label","og_description":"Bezdr\u00f4tov\u00e1 podprsenka s \u010dipkou z pohodln\u00fdch materi\u00e1lov. Ke\u010f\u017ee neobsahuje dr\u00f4t na podporu, je pohodln\u00e1 na ka\u017edodenn\u00e9 nosenie a nevidite\u013en\u00e1 pod oble\u010den\u00edm. Pohodln\u00e1 a elegantn\u00e1. Nastavite\u013en\u00e9 ramienka. \u010cipkov\u00fd detail. Farba: ru\u017eov\u00e1. Vyroben\u00e1 z m\u00e4kk\u00fdch, poko\u017eke pr\u00edjemn\u00fdch materi\u00e1lov. Modelka nos\u00ed konfek\u010dn\u00fa ve\u013ekos\u0165 S. Farby spodnej bielizne na obr\u00e1zkoch sa m\u00f4\u017eu mierne l\u00ed\u0161i\u0165 od skuto\u010dn\u00fdch farieb, kv\u00f4li nastaveniam [...]","og_url":"https:\/\/belovedlabel.com\/sk\/product\/bezdrotova-podprsenka-s-cipkou-claire-ruzova\/","og_site_name":"Beloved Label","article_publisher":"https:\/\/www.facebook.com\/belovedlingerie","article_modified_time":"2025-08-12T11:50:22+00:00","og_image":[{"width":1707,"height":2560,"url":"https:\/\/belovedlabel.com\/sk\/wp-content\/uploads\/2025\/03\/Brezzicni-nedrcek-s-cipko-CLAIRE-roza-6-scaled-2.jpg","type":"image\/jpeg"}],"twitter_card":"summary_large_image","twitter_misc":{"Predpokladan\u00fd \u010das \u010d\u00edtania":"1 min\u00fata"},"schema":{"@context":"https:\/\/schema.org","@graph":[{"@type":"WebPage","@id":"https:\/\/belovedlabel.com\/sk\/product\/bezdrotova-podprsenka-s-cipkou-claire-ruzova\/","url":"https:\/\/belovedlabel.com\/sk\/product\/bezdrotova-podprsenka-s-cipkou-claire-ruzova\/","name":"Bezdr\u00f4tov\u00e1 podprsenka s \u010dipkou CLAIRE ru\u017eov\u00e1 - Beloved Label","isPartOf":{"@id":"https:\/\/belovedlabel.com\/sk\/#website"},"primaryImageOfPage":{"@id":"https:\/\/belovedlabel.com\/sk\/product\/bezdrotova-podprsenka-s-cipkou-claire-ruzova\/#primaryimage"},"image":{"@id":"https:\/\/belovedlabel.com\/sk\/product\/bezdrotova-podprsenka-s-cipkou-claire-ruzova\/#primaryimage"},"thumbnailUrl":"https:\/\/belovedlabel.com\/sk\/wp-content\/uploads\/2025\/03\/Brezzicni-nedrcek-s-cipko-CLAIRE-roza-6-scaled-2.jpg","datePublished":"2024-09-17T07:01:17+00:00","dateModified":"2025-08-12T11:50:22+00:00","breadcrumb":{"@id":"https:\/\/belovedlabel.com\/sk\/product\/bezdrotova-podprsenka-s-cipkou-claire-ruzova\/#breadcrumb"},"inLanguage":"sk-SK","potentialAction":[{"@type":"ReadAction","target":["https:\/\/belovedlabel.com\/sk\/product\/bezdrotova-podprsenka-s-cipkou-claire-ruzova\/"]}]},{"@type":"ImageObject","inLanguage":"sk-SK","@id":"https:\/\/belovedlabel.com\/sk\/product\/bezdrotova-podprsenka-s-cipkou-claire-ruzova\/#primaryimage","url":"https:\/\/belovedlabel.com\/sk\/wp-content\/uploads\/2025\/03\/Brezzicni-nedrcek-s-cipko-CLAIRE-roza-6-scaled-2.jpg","contentUrl":"https:\/\/belovedlabel.com\/sk\/wp-content\/uploads\/2025\/03\/Brezzicni-nedrcek-s-cipko-CLAIRE-roza-6-scaled-2.jpg","width":1707,"height":2560},{"@type":"BreadcrumbList","@id":"https:\/\/belovedlabel.com\/sk\/product\/bezdrotova-podprsenka-s-cipkou-claire-ruzova\/#breadcrumb","itemListElement":[{"@type":"ListItem","position":1,"name":"Po\u010detna","item":"https:\/\/belovedlabel.com\/sk\/"},{"@type":"ListItem","position":2,"name":"Shop","item":"https:\/\/belovedlabel.com\/sk\/shop\/"},{"@type":"ListItem","position":3,"name":"Bezdr\u00f4tov\u00e1 podprsenka s \u010dipkou CLAIRE ru\u017eov\u00e1"}]},{"@type":"WebSite","@id":"https:\/\/belovedlabel.com\/sk\/#website","url":"https:\/\/belovedlabel.com\/sk\/","name":"Beloved Lingerie","description":"Your beloved store!","publisher":{"@id":"https:\/\/belovedlabel.com\/sk\/#organization"},"potentialAction":[{"@type":"SearchAction","target":{"@type":"EntryPoint","urlTemplate":"https:\/\/belovedlabel.com\/sk\/?s={search_term_string}"},"query-input":{"@type":"PropertyValueSpecification","valueRequired":true,"valueName":"search_term_string"}}],"inLanguage":"sk-SK"},{"@type":"Organization","@id":"https:\/\/belovedlabel.com\/sk\/#organization","name":"Beloved Lingerie","url":"https:\/\/belovedlabel.com\/sk\/","logo":{"@type":"ImageObject","inLanguage":"sk-SK","@id":"https:\/\/belovedlabel.com\/sk\/#\/schema\/logo\/image\/","url":"https:\/\/belovedlabel.com\/sk\/wp-content\/uploads\/2025\/03\/beloved-logo.png","contentUrl":"https:\/\/belovedlabel.com\/sk\/wp-content\/uploads\/2025\/03\/beloved-logo.png","width":1400,"height":544,"caption":"Beloved Lingerie"},"image":{"@id":"https:\/\/belovedlabel.com\/sk\/#\/schema\/logo\/image\/"},"sameAs":["https:\/\/www.facebook.com\/belovedlingerie","https:\/\/www.instagram.com\/yourbelovedlingerie\/","https:\/\/www.tiktok.com\/@belovedfashion"]}]}},"_links":{"self":[{"href":"https:\/\/belovedlabel.com\/sk\/wp-json\/wp\/v2\/product\/1303","targetHints":{"allow":["GET"]}}],"collection":[{"href":"https:\/\/belovedlabel.com\/sk\/wp-json\/wp\/v2\/product"}],"about":[{"href":"https:\/\/belovedlabel.com\/sk\/wp-json\/wp\/v2\/types\/product"}],"replies":[{"embeddable":true,"href":"https:\/\/belovedlabel.com\/sk\/wp-json\/wp\/v2\/comments?post=1303"}],"wp:featuredmedia":[{"embeddable":true,"href":"https:\/\/belovedlabel.com\/sk\/wp-json\/wp\/v2\/media\/1304"}],"wp:attachment":[{"href":"https:\/\/belovedlabel.com\/sk\/wp-json\/wp\/v2\/media?parent=1303"}],"wp:term":[{"taxonomy":"product_brand","embeddable":true,"href":"https:\/\/belovedlabel.com\/sk\/wp-json\/wp\/v2\/product_brand?post=1303"},{"taxonomy":"product_cat","embeddable":true,"href":"https:\/\/belovedlabel.com\/sk\/wp-json\/wp\/v2\/product_cat?post=1303"},{"taxonomy":"product_tag","embeddable":true,"href":"https:\/\/belovedlabel.com\/sk\/wp-json\/wp\/v2\/product_tag?post=1303"}],"curies":[{"name":"wp","href":"https:\/\/api.w.org\/{rel}","templated":true}]}}