{"id":1133,"date":"2024-04-05T05:13:25","date_gmt":"2024-04-05T05:13:25","guid":{"rendered":"https:\/\/belovedlabel.com\/sk\/?post_type=product&#038;p=1133"},"modified":"2025-08-12T13:50:11","modified_gmt":"2025-08-12T11:50:11","slug":"bezsvova-suprava-spodnej-bielizne-na-lica-eleanora","status":"publish","type":"product","link":"https:\/\/belovedlabel.com\/sk\/product\/bezsvova-suprava-spodnej-bielizne-na-lica-eleanora\/","title":{"rendered":"Bez\u0161vov\u00e1 s\u00faprava spodnej bielizne na l\u00edca ELEANORA"},"content":{"rendered":"<ul>\n<li><a href=\"https:\/\/belovedlingerie.com\/si\/category\/underwear\/two-part-sets\/\" target=\"_blank\" rel=\"noopener\">Be\u0161vov\u00fd komplet spodnej bielizne<\/a>.&lt;\/li&gt;<\/li>\n<li><a href=\"https:\/\/www.beloved.si\/back-to-basics-udobno-brezsivno-spodnje-perilo-za-sakdanje-udobje\/\" target=\"_blank\" rel=\"noopener\">Pohodln\u00e9<\/a> na ka\u017edodenn\u00e9 nosenie a nevidite\u013en\u00e9 pod oble\u010den\u00edm.<\/li>\n<li>Vyroben\u00e9 z m\u00e4kk\u00fdch materi\u00e1lov pr\u00edjemn\u00fdch na poko\u017eku.<\/li>\n<li>Podprsenka m\u00e1 nastavite\u013en\u00e9 ramienka.<\/li>\n<li><a href=\"https:\/\/belovedlingerie.com\/si\/category\/back-to-basics-kolekcija\/spodnje-hlacke\/\" target=\"_blank\" rel=\"noopener\">Typ nohavi\u010diek&lt;\/a&gt;: Braz\u00edlky.<\/a><\/li>\n<li>Farba: ru\u017eov\u00e1.<\/li>\n<li>Modelka m\u00e1 na sebe odev ve\u013ekosti S.<\/li>\n<li>Farby spodnej bielizne na obr\u00e1zkoch sa m\u00f4\u017eu mierne l\u00ed\u0161i\u0165 od skuto\u010dn\u00fdch farieb kv\u00f4li nastaveniam telef\u00f3nu alebo po\u010d\u00edta\u010da.<\/li>\n<li>Zlo\u017eenie: 85% polyamid, 15% elastan.<\/li>\n<\/ul>\n","protected":false},"excerpt":{"rendered":"<p>Be\u0161vov\u00fd komplet spodnej bielizne.&lt;\/li&gt; Pohodln\u00e9 na ka\u017edodenn\u00e9 nosenie a nevidite\u013en\u00e9 pod oble\u010den\u00edm. Vyroben\u00e9 z m\u00e4kk\u00fdch materi\u00e1lov pr\u00edjemn\u00fdch na poko\u017eku. Podprsenka m\u00e1 nastavite\u013en\u00e9 ramienka. Typ nohavi\u010diek&lt;\/a&gt;: Braz\u00edlky. Farba: ru\u017eov\u00e1. Modelka m\u00e1 na sebe odev ve\u013ekosti S. Farby spodnej bielizne na obr\u00e1zkoch sa m\u00f4\u017eu mierne l\u00ed\u0161i\u0165 od skuto\u010dn\u00fdch farieb kv\u00f4li nastaveniam telef\u00f3nu alebo po\u010d\u00edta\u010da. Zlo\u017eenie: 85% polyamid, [&#8230;]\n","protected":false},"featured_media":1120,"comment_status":"closed","ping_status":"closed","template":"","meta":{"_acf_changed":false},"product_brand":[],"product_cat":[26,44,50,46],"product_tag":[],"class_list":{"0":"post-1133","1":"product","2":"type-product","3":"status-publish","4":"has-post-thumbnail","6":"product_cat-bestsellers","7":"product_cat-back-to-basics","8":"product_cat-supravy","9":"product_cat-bezsvova-spodna-bielizen","10":"pa_farba-ruzova","11":"pa_velkost-s","12":"pa_velkost-m","13":"pa_velkost-l","14":"pa_velkost-xl","16":"first","17":"instock","18":"taxable","19":"shipping-taxable","20":"purchasable","21":"product-type-variable"},"acf":[],"yoast_head":"<!-- This site is optimized with the Yoast SEO plugin v25.6 - https:\/\/yoast.com\/wordpress\/plugins\/seo\/ -->\n<title>Bez\u0161vov\u00e1 s\u00faprava spodnej bielizne na l\u00edca ELEANORA - Beloved Label<\/title>\n<meta name=\"robots\" content=\"index, follow, max-snippet:-1, max-image-preview:large, max-video-preview:-1\" \/>\n<link rel=\"canonical\" href=\"https:\/\/belovedlabel.com\/sk\/product\/bezsvova-suprava-spodnej-bielizne-na-lica-eleanora\/\" \/>\n<meta property=\"og:locale\" content=\"sk_SK\" \/>\n<meta property=\"og:type\" content=\"article\" \/>\n<meta property=\"og:title\" content=\"Bez\u0161vov\u00e1 s\u00faprava spodnej bielizne na l\u00edca ELEANORA - Beloved Label\" \/>\n<meta property=\"og:description\" content=\"Be\u0161vov\u00fd komplet spodnej bielizne.&lt;\/li&gt; Pohodln\u00e9 na ka\u017edodenn\u00e9 nosenie a nevidite\u013en\u00e9 pod oble\u010den\u00edm. Vyroben\u00e9 z m\u00e4kk\u00fdch materi\u00e1lov pr\u00edjemn\u00fdch na poko\u017eku. Podprsenka m\u00e1 nastavite\u013en\u00e9 ramienka. Typ nohavi\u010diek&lt;\/a&gt;: Braz\u00edlky. Farba: ru\u017eov\u00e1. Modelka m\u00e1 na sebe odev ve\u013ekosti S. Farby spodnej bielizne na obr\u00e1zkoch sa m\u00f4\u017eu mierne l\u00ed\u0161i\u0165 od skuto\u010dn\u00fdch farieb kv\u00f4li nastaveniam telef\u00f3nu alebo po\u010d\u00edta\u010da. Zlo\u017eenie: 85% polyamid, [...]\" \/>\n<meta property=\"og:url\" content=\"https:\/\/belovedlabel.com\/sk\/product\/bezsvova-suprava-spodnej-bielizne-na-lica-eleanora\/\" \/>\n<meta property=\"og:site_name\" content=\"Beloved Label\" \/>\n<meta property=\"article:publisher\" content=\"https:\/\/www.facebook.com\/belovedlingerie\" \/>\n<meta property=\"article:modified_time\" content=\"2025-08-12T11:50:11+00:00\" \/>\n<meta property=\"og:image\" content=\"https:\/\/belovedlabel.com\/sk\/wp-content\/uploads\/2025\/03\/Komplet-brezsivnega-spodnjega-perila-ELEANORA-blush-5.jpg\" \/>\n\t<meta property=\"og:image:width\" content=\"1605\" \/>\n\t<meta property=\"og:image:height\" content=\"2407\" \/>\n\t<meta property=\"og:image:type\" content=\"image\/jpeg\" \/>\n<meta name=\"twitter:card\" content=\"summary_large_image\" \/>\n<script type=\"application\/ld+json\" class=\"yoast-schema-graph\">{\"@context\":\"https:\/\/schema.org\",\"@graph\":[{\"@type\":\"WebPage\",\"@id\":\"https:\/\/belovedlabel.com\/sk\/product\/bezsvova-suprava-spodnej-bielizne-na-lica-eleanora\/\",\"url\":\"https:\/\/belovedlabel.com\/sk\/product\/bezsvova-suprava-spodnej-bielizne-na-lica-eleanora\/\",\"name\":\"Bez\u0161vov\u00e1 s\u00faprava spodnej bielizne na l\u00edca ELEANORA - Beloved Label\",\"isPartOf\":{\"@id\":\"https:\/\/belovedlabel.com\/sk\/#website\"},\"primaryImageOfPage\":{\"@id\":\"https:\/\/belovedlabel.com\/sk\/product\/bezsvova-suprava-spodnej-bielizne-na-lica-eleanora\/#primaryimage\"},\"image\":{\"@id\":\"https:\/\/belovedlabel.com\/sk\/product\/bezsvova-suprava-spodnej-bielizne-na-lica-eleanora\/#primaryimage\"},\"thumbnailUrl\":\"https:\/\/belovedlabel.com\/sk\/wp-content\/uploads\/2025\/03\/Komplet-brezsivnega-spodnjega-perila-ELEANORA-blush-5.jpg\",\"datePublished\":\"2024-04-05T05:13:25+00:00\",\"dateModified\":\"2025-08-12T11:50:11+00:00\",\"breadcrumb\":{\"@id\":\"https:\/\/belovedlabel.com\/sk\/product\/bezsvova-suprava-spodnej-bielizne-na-lica-eleanora\/#breadcrumb\"},\"inLanguage\":\"sk-SK\",\"potentialAction\":[{\"@type\":\"ReadAction\",\"target\":[\"https:\/\/belovedlabel.com\/sk\/product\/bezsvova-suprava-spodnej-bielizne-na-lica-eleanora\/\"]}]},{\"@type\":\"ImageObject\",\"inLanguage\":\"sk-SK\",\"@id\":\"https:\/\/belovedlabel.com\/sk\/product\/bezsvova-suprava-spodnej-bielizne-na-lica-eleanora\/#primaryimage\",\"url\":\"https:\/\/belovedlabel.com\/sk\/wp-content\/uploads\/2025\/03\/Komplet-brezsivnega-spodnjega-perila-ELEANORA-blush-5.jpg\",\"contentUrl\":\"https:\/\/belovedlabel.com\/sk\/wp-content\/uploads\/2025\/03\/Komplet-brezsivnega-spodnjega-perila-ELEANORA-blush-5.jpg\",\"width\":1605,\"height\":2407},{\"@type\":\"BreadcrumbList\",\"@id\":\"https:\/\/belovedlabel.com\/sk\/product\/bezsvova-suprava-spodnej-bielizne-na-lica-eleanora\/#breadcrumb\",\"itemListElement\":[{\"@type\":\"ListItem\",\"position\":1,\"name\":\"Po\u010detna\",\"item\":\"https:\/\/belovedlabel.com\/sk\/\"},{\"@type\":\"ListItem\",\"position\":2,\"name\":\"Shop\",\"item\":\"https:\/\/belovedlabel.com\/sk\/shop\/\"},{\"@type\":\"ListItem\",\"position\":3,\"name\":\"Bez\u0161vov\u00e1 s\u00faprava spodnej bielizne na l\u00edca ELEANORA\"}]},{\"@type\":\"WebSite\",\"@id\":\"https:\/\/belovedlabel.com\/sk\/#website\",\"url\":\"https:\/\/belovedlabel.com\/sk\/\",\"name\":\"Beloved Lingerie\",\"description\":\"Your beloved store!\",\"publisher\":{\"@id\":\"https:\/\/belovedlabel.com\/sk\/#organization\"},\"potentialAction\":[{\"@type\":\"SearchAction\",\"target\":{\"@type\":\"EntryPoint\",\"urlTemplate\":\"https:\/\/belovedlabel.com\/sk\/?s={search_term_string}\"},\"query-input\":{\"@type\":\"PropertyValueSpecification\",\"valueRequired\":true,\"valueName\":\"search_term_string\"}}],\"inLanguage\":\"sk-SK\"},{\"@type\":\"Organization\",\"@id\":\"https:\/\/belovedlabel.com\/sk\/#organization\",\"name\":\"Beloved Lingerie\",\"url\":\"https:\/\/belovedlabel.com\/sk\/\",\"logo\":{\"@type\":\"ImageObject\",\"inLanguage\":\"sk-SK\",\"@id\":\"https:\/\/belovedlabel.com\/sk\/#\/schema\/logo\/image\/\",\"url\":\"https:\/\/belovedlabel.com\/sk\/wp-content\/uploads\/2025\/03\/beloved-logo.png\",\"contentUrl\":\"https:\/\/belovedlabel.com\/sk\/wp-content\/uploads\/2025\/03\/beloved-logo.png\",\"width\":1400,\"height\":544,\"caption\":\"Beloved Lingerie\"},\"image\":{\"@id\":\"https:\/\/belovedlabel.com\/sk\/#\/schema\/logo\/image\/\"},\"sameAs\":[\"https:\/\/www.facebook.com\/belovedlingerie\",\"https:\/\/www.instagram.com\/yourbelovedlingerie\/\",\"https:\/\/www.tiktok.com\/@belovedfashion\"]}]}<\/script>\n<!-- \/ Yoast SEO plugin. -->","yoast_head_json":{"title":"Bez\u0161vov\u00e1 s\u00faprava spodnej bielizne na l\u00edca ELEANORA - Beloved Label","robots":{"index":"index","follow":"follow","max-snippet":"max-snippet:-1","max-image-preview":"max-image-preview:large","max-video-preview":"max-video-preview:-1"},"canonical":"https:\/\/belovedlabel.com\/sk\/product\/bezsvova-suprava-spodnej-bielizne-na-lica-eleanora\/","og_locale":"sk_SK","og_type":"article","og_title":"Bez\u0161vov\u00e1 s\u00faprava spodnej bielizne na l\u00edca ELEANORA - Beloved Label","og_description":"Be\u0161vov\u00fd komplet spodnej bielizne.&lt;\/li&gt; Pohodln\u00e9 na ka\u017edodenn\u00e9 nosenie a nevidite\u013en\u00e9 pod oble\u010den\u00edm. Vyroben\u00e9 z m\u00e4kk\u00fdch materi\u00e1lov pr\u00edjemn\u00fdch na poko\u017eku. Podprsenka m\u00e1 nastavite\u013en\u00e9 ramienka. Typ nohavi\u010diek&lt;\/a&gt;: Braz\u00edlky. Farba: ru\u017eov\u00e1. Modelka m\u00e1 na sebe odev ve\u013ekosti S. Farby spodnej bielizne na obr\u00e1zkoch sa m\u00f4\u017eu mierne l\u00ed\u0161i\u0165 od skuto\u010dn\u00fdch farieb kv\u00f4li nastaveniam telef\u00f3nu alebo po\u010d\u00edta\u010da. Zlo\u017eenie: 85% polyamid, [...]","og_url":"https:\/\/belovedlabel.com\/sk\/product\/bezsvova-suprava-spodnej-bielizne-na-lica-eleanora\/","og_site_name":"Beloved Label","article_publisher":"https:\/\/www.facebook.com\/belovedlingerie","article_modified_time":"2025-08-12T11:50:11+00:00","og_image":[{"width":1605,"height":2407,"url":"https:\/\/belovedlabel.com\/sk\/wp-content\/uploads\/2025\/03\/Komplet-brezsivnega-spodnjega-perila-ELEANORA-blush-5.jpg","type":"image\/jpeg"}],"twitter_card":"summary_large_image","schema":{"@context":"https:\/\/schema.org","@graph":[{"@type":"WebPage","@id":"https:\/\/belovedlabel.com\/sk\/product\/bezsvova-suprava-spodnej-bielizne-na-lica-eleanora\/","url":"https:\/\/belovedlabel.com\/sk\/product\/bezsvova-suprava-spodnej-bielizne-na-lica-eleanora\/","name":"Bez\u0161vov\u00e1 s\u00faprava spodnej bielizne na l\u00edca ELEANORA - Beloved Label","isPartOf":{"@id":"https:\/\/belovedlabel.com\/sk\/#website"},"primaryImageOfPage":{"@id":"https:\/\/belovedlabel.com\/sk\/product\/bezsvova-suprava-spodnej-bielizne-na-lica-eleanora\/#primaryimage"},"image":{"@id":"https:\/\/belovedlabel.com\/sk\/product\/bezsvova-suprava-spodnej-bielizne-na-lica-eleanora\/#primaryimage"},"thumbnailUrl":"https:\/\/belovedlabel.com\/sk\/wp-content\/uploads\/2025\/03\/Komplet-brezsivnega-spodnjega-perila-ELEANORA-blush-5.jpg","datePublished":"2024-04-05T05:13:25+00:00","dateModified":"2025-08-12T11:50:11+00:00","breadcrumb":{"@id":"https:\/\/belovedlabel.com\/sk\/product\/bezsvova-suprava-spodnej-bielizne-na-lica-eleanora\/#breadcrumb"},"inLanguage":"sk-SK","potentialAction":[{"@type":"ReadAction","target":["https:\/\/belovedlabel.com\/sk\/product\/bezsvova-suprava-spodnej-bielizne-na-lica-eleanora\/"]}]},{"@type":"ImageObject","inLanguage":"sk-SK","@id":"https:\/\/belovedlabel.com\/sk\/product\/bezsvova-suprava-spodnej-bielizne-na-lica-eleanora\/#primaryimage","url":"https:\/\/belovedlabel.com\/sk\/wp-content\/uploads\/2025\/03\/Komplet-brezsivnega-spodnjega-perila-ELEANORA-blush-5.jpg","contentUrl":"https:\/\/belovedlabel.com\/sk\/wp-content\/uploads\/2025\/03\/Komplet-brezsivnega-spodnjega-perila-ELEANORA-blush-5.jpg","width":1605,"height":2407},{"@type":"BreadcrumbList","@id":"https:\/\/belovedlabel.com\/sk\/product\/bezsvova-suprava-spodnej-bielizne-na-lica-eleanora\/#breadcrumb","itemListElement":[{"@type":"ListItem","position":1,"name":"Po\u010detna","item":"https:\/\/belovedlabel.com\/sk\/"},{"@type":"ListItem","position":2,"name":"Shop","item":"https:\/\/belovedlabel.com\/sk\/shop\/"},{"@type":"ListItem","position":3,"name":"Bez\u0161vov\u00e1 s\u00faprava spodnej bielizne na l\u00edca ELEANORA"}]},{"@type":"WebSite","@id":"https:\/\/belovedlabel.com\/sk\/#website","url":"https:\/\/belovedlabel.com\/sk\/","name":"Beloved Lingerie","description":"Your beloved store!","publisher":{"@id":"https:\/\/belovedlabel.com\/sk\/#organization"},"potentialAction":[{"@type":"SearchAction","target":{"@type":"EntryPoint","urlTemplate":"https:\/\/belovedlabel.com\/sk\/?s={search_term_string}"},"query-input":{"@type":"PropertyValueSpecification","valueRequired":true,"valueName":"search_term_string"}}],"inLanguage":"sk-SK"},{"@type":"Organization","@id":"https:\/\/belovedlabel.com\/sk\/#organization","name":"Beloved Lingerie","url":"https:\/\/belovedlabel.com\/sk\/","logo":{"@type":"ImageObject","inLanguage":"sk-SK","@id":"https:\/\/belovedlabel.com\/sk\/#\/schema\/logo\/image\/","url":"https:\/\/belovedlabel.com\/sk\/wp-content\/uploads\/2025\/03\/beloved-logo.png","contentUrl":"https:\/\/belovedlabel.com\/sk\/wp-content\/uploads\/2025\/03\/beloved-logo.png","width":1400,"height":544,"caption":"Beloved Lingerie"},"image":{"@id":"https:\/\/belovedlabel.com\/sk\/#\/schema\/logo\/image\/"},"sameAs":["https:\/\/www.facebook.com\/belovedlingerie","https:\/\/www.instagram.com\/yourbelovedlingerie\/","https:\/\/www.tiktok.com\/@belovedfashion"]}]}},"_links":{"self":[{"href":"https:\/\/belovedlabel.com\/sk\/wp-json\/wp\/v2\/product\/1133","targetHints":{"allow":["GET"]}}],"collection":[{"href":"https:\/\/belovedlabel.com\/sk\/wp-json\/wp\/v2\/product"}],"about":[{"href":"https:\/\/belovedlabel.com\/sk\/wp-json\/wp\/v2\/types\/product"}],"replies":[{"embeddable":true,"href":"https:\/\/belovedlabel.com\/sk\/wp-json\/wp\/v2\/comments?post=1133"}],"wp:featuredmedia":[{"embeddable":true,"href":"https:\/\/belovedlabel.com\/sk\/wp-json\/wp\/v2\/media\/1120"}],"wp:attachment":[{"href":"https:\/\/belovedlabel.com\/sk\/wp-json\/wp\/v2\/media?parent=1133"}],"wp:term":[{"taxonomy":"product_brand","embeddable":true,"href":"https:\/\/belovedlabel.com\/sk\/wp-json\/wp\/v2\/product_brand?post=1133"},{"taxonomy":"product_cat","embeddable":true,"href":"https:\/\/belovedlabel.com\/sk\/wp-json\/wp\/v2\/product_cat?post=1133"},{"taxonomy":"product_tag","embeddable":true,"href":"https:\/\/belovedlabel.com\/sk\/wp-json\/wp\/v2\/product_tag?post=1133"}],"curies":[{"name":"wp","href":"https:\/\/api.w.org\/{rel}","templated":true}]}}