{"id":5056,"date":"2025-04-26T13:20:15","date_gmt":"2025-04-26T11:20:15","guid":{"rendered":"http:\/\/belovedlabel.com\/hr\/product\/enodelne-kopalke-honey-heat-khaki\/"},"modified":"2026-04-30T15:02:32","modified_gmt":"2026-04-30T13:02:32","slug":"jednodijelni-kupaci-kostim-honey-heat-khaki","status":"publish","type":"product","link":"https:\/\/belovedlabel.com\/hr\/product\/jednodijelni-kupaci-kostim-honey-heat-khaki\/","title":{"rendered":"Jednodijelni kupa\u0107i kostim HONEY HEAT khaki"},"content":{"rendered":"<ul>\n<li>Modni i zavodljivi jednodijelni kupa\u0107i kostimi.<\/li>\n<li>Naramenice se mogu ukloniti.<\/li>\n<li>Mogu\u0107nost reguliranja duljine naramenica.<\/li>\n<li>Zlatni detalji na naramenicama i kupa\u0107em kostimu.<\/li>\n<li>Glatki materijal.<\/li>\n<li>Podstavljene ko\u0161arice koje se mogu po \u017eelji ukloniti.<\/li>\n<li>Boja: vi\u0161ebojne.<\/li>\n<li>Sastav: 80% poliamid, 20% elastan.<\/li>\n<\/ul>\n","protected":false},"excerpt":{"rendered":"<p>Modni i zavodljivi jednodijelni kupa\u0107i kostimi. Naramenice se mogu ukloniti. Mogu\u0107nost reguliranja duljine naramenica. Zlatni detalji na naramenicama i kupa\u0107em kostimu. Glatki materijal. Podstavljene ko\u0161arice koje se mogu po \u017eelji ukloniti. Boja: vi\u0161ebojne. Sastav: 80% poliamid, 20% elastan.<\/p>\n","protected":false},"featured_media":5057,"comment_status":"open","ping_status":"closed","template":"","meta":{"_acf_changed":false},"product_brand":[],"product_cat":[144,139],"product_tag":[],"class_list":{"0":"post-5056","1":"product","2":"type-product","3":"status-publish","4":"has-post-thumbnail","6":"product_cat-jednodijelni-kupaci-kostimi","7":"product_cat-kupaci-kostimi","8":"pa_boja-bez","9":"pa_boja-bijela","10":"pa_boja-smeda","11":"pa_boja-visebojno","12":"pa_boja-zlatna","13":"pa_velicina-s","14":"pa_velicina-m","15":"pa_velicina-l","16":"pa_velicina-xl","17":"pa_velicina-xxl","19":"first","20":"instock","21":"taxable","22":"shipping-taxable","23":"purchasable","24":"product-type-variable"},"acf":[],"yoast_head":"<!-- This site is optimized with the Yoast SEO plugin v24.9 - https:\/\/yoast.com\/wordpress\/plugins\/seo\/ -->\n<title>Jednodijelni kupa\u0107i kostim HONEY HEAT khaki - Beloved Label<\/title>\n<meta name=\"robots\" content=\"index, follow, max-snippet:-1, max-image-preview:large, max-video-preview:-1\" \/>\n<link rel=\"canonical\" href=\"https:\/\/belovedlabel.com\/hr\/product\/jednodijelni-kupaci-kostim-honey-heat-khaki\/\" \/>\n<meta property=\"og:locale\" content=\"hr_HR\" \/>\n<meta property=\"og:type\" content=\"article\" \/>\n<meta property=\"og:title\" content=\"Jednodijelni kupa\u0107i kostim HONEY HEAT khaki - Beloved Label\" \/>\n<meta property=\"og:description\" content=\"Modni i zavodljivi jednodijelni kupa\u0107i kostimi. Naramenice se mogu ukloniti. Mogu\u0107nost reguliranja duljine naramenica. Zlatni detalji na naramenicama i kupa\u0107em kostimu. Glatki materijal. Podstavljene ko\u0161arice koje se mogu po \u017eelji ukloniti. Boja: vi\u0161ebojne. Sastav: 80% poliamid, 20% elastan.\" \/>\n<meta property=\"og:url\" content=\"https:\/\/belovedlabel.com\/hr\/product\/jednodijelni-kupaci-kostim-honey-heat-khaki\/\" \/>\n<meta property=\"og:site_name\" content=\"Beloved Label\" \/>\n<meta property=\"article:publisher\" content=\"https:\/\/www.facebook.com\/belovedlingerie\" \/>\n<meta property=\"article:modified_time\" content=\"2026-04-30T13:02:32+00:00\" \/>\n<meta property=\"og:image\" content=\"https:\/\/belovedlabel.com\/hr\/wp-content\/uploads\/2025\/04\/enodelne-kopalke-3.jpg\" \/>\n\t<meta property=\"og:image:width\" content=\"900\" \/>\n\t<meta property=\"og:image:height\" content=\"1349\" \/>\n\t<meta property=\"og:image:type\" content=\"image\/jpeg\" \/>\n<meta name=\"twitter:card\" content=\"summary_large_image\" \/>\n<script type=\"application\/ld+json\" class=\"yoast-schema-graph\">{\"@context\":\"https:\/\/schema.org\",\"@graph\":[{\"@type\":\"WebPage\",\"@id\":\"https:\/\/belovedlabel.com\/hr\/product\/jednodijelni-kupaci-kostim-honey-heat-khaki\/\",\"url\":\"https:\/\/belovedlabel.com\/hr\/product\/jednodijelni-kupaci-kostim-honey-heat-khaki\/\",\"name\":\"Jednodijelni kupa\u0107i kostim HONEY HEAT khaki - Beloved Label\",\"isPartOf\":{\"@id\":\"https:\/\/belovedlabel.com\/hr\/#website\"},\"primaryImageOfPage\":{\"@id\":\"https:\/\/belovedlabel.com\/hr\/product\/jednodijelni-kupaci-kostim-honey-heat-khaki\/#primaryimage\"},\"image\":{\"@id\":\"https:\/\/belovedlabel.com\/hr\/product\/jednodijelni-kupaci-kostim-honey-heat-khaki\/#primaryimage\"},\"thumbnailUrl\":\"https:\/\/belovedlabel.com\/hr\/wp-content\/uploads\/2025\/04\/enodelne-kopalke-3.jpg\",\"datePublished\":\"2025-04-26T11:20:15+00:00\",\"dateModified\":\"2026-04-30T13:02:32+00:00\",\"breadcrumb\":{\"@id\":\"https:\/\/belovedlabel.com\/hr\/product\/jednodijelni-kupaci-kostim-honey-heat-khaki\/#breadcrumb\"},\"inLanguage\":\"hr\",\"potentialAction\":[{\"@type\":\"ReadAction\",\"target\":[\"https:\/\/belovedlabel.com\/hr\/product\/jednodijelni-kupaci-kostim-honey-heat-khaki\/\"]}]},{\"@type\":\"ImageObject\",\"inLanguage\":\"hr\",\"@id\":\"https:\/\/belovedlabel.com\/hr\/product\/jednodijelni-kupaci-kostim-honey-heat-khaki\/#primaryimage\",\"url\":\"https:\/\/belovedlabel.com\/hr\/wp-content\/uploads\/2025\/04\/enodelne-kopalke-3.jpg\",\"contentUrl\":\"https:\/\/belovedlabel.com\/hr\/wp-content\/uploads\/2025\/04\/enodelne-kopalke-3.jpg\",\"width\":900,\"height\":1349},{\"@type\":\"BreadcrumbList\",\"@id\":\"https:\/\/belovedlabel.com\/hr\/product\/jednodijelni-kupaci-kostim-honey-heat-khaki\/#breadcrumb\",\"itemListElement\":[{\"@type\":\"ListItem\",\"position\":1,\"name\":\"Po\u010detna\",\"item\":\"https:\/\/belovedlabel.com\/hr\/\"},{\"@type\":\"ListItem\",\"position\":2,\"name\":\"Shop\",\"item\":\"https:\/\/belovedlabel.com\/hr\/shop\/\"},{\"@type\":\"ListItem\",\"position\":3,\"name\":\"Jednodijelni kupa\u0107i kostim HONEY HEAT khaki\"}]},{\"@type\":\"WebSite\",\"@id\":\"https:\/\/belovedlabel.com\/hr\/#website\",\"url\":\"https:\/\/belovedlabel.com\/hr\/\",\"name\":\"Beloved Lingerie\",\"description\":\"Your beloved store!\",\"publisher\":{\"@id\":\"https:\/\/belovedlabel.com\/hr\/#organization\"},\"potentialAction\":[{\"@type\":\"SearchAction\",\"target\":{\"@type\":\"EntryPoint\",\"urlTemplate\":\"https:\/\/belovedlabel.com\/hr\/?s={search_term_string}\"},\"query-input\":{\"@type\":\"PropertyValueSpecification\",\"valueRequired\":true,\"valueName\":\"search_term_string\"}}],\"inLanguage\":\"hr\"},{\"@type\":\"Organization\",\"@id\":\"https:\/\/belovedlabel.com\/hr\/#organization\",\"name\":\"Beloved Lingerie\",\"url\":\"https:\/\/belovedlabel.com\/hr\/\",\"logo\":{\"@type\":\"ImageObject\",\"inLanguage\":\"hr\",\"@id\":\"https:\/\/belovedlabel.com\/hr\/#\/schema\/logo\/image\/\",\"url\":\"http:\/\/belovedlabel.com\/hr\/wp-content\/uploads\/2025\/03\/beloved-logo.png\",\"contentUrl\":\"http:\/\/belovedlabel.com\/hr\/wp-content\/uploads\/2025\/03\/beloved-logo.png\",\"width\":1400,\"height\":544,\"caption\":\"Beloved Lingerie\"},\"image\":{\"@id\":\"https:\/\/belovedlabel.com\/hr\/#\/schema\/logo\/image\/\"},\"sameAs\":[\"https:\/\/www.facebook.com\/belovedlingerie\",\"https:\/\/www.instagram.com\/yourbelovedlingerie\/\",\"https:\/\/www.tiktok.com\/@belovedfashion\"]}]}<\/script>\n<!-- \/ Yoast SEO plugin. -->","yoast_head_json":{"title":"Jednodijelni kupa\u0107i kostim HONEY HEAT khaki - Beloved Label","robots":{"index":"index","follow":"follow","max-snippet":"max-snippet:-1","max-image-preview":"max-image-preview:large","max-video-preview":"max-video-preview:-1"},"canonical":"https:\/\/belovedlabel.com\/hr\/product\/jednodijelni-kupaci-kostim-honey-heat-khaki\/","og_locale":"hr_HR","og_type":"article","og_title":"Jednodijelni kupa\u0107i kostim HONEY HEAT khaki - Beloved Label","og_description":"Modni i zavodljivi jednodijelni kupa\u0107i kostimi. Naramenice se mogu ukloniti. Mogu\u0107nost reguliranja duljine naramenica. Zlatni detalji na naramenicama i kupa\u0107em kostimu. Glatki materijal. Podstavljene ko\u0161arice koje se mogu po \u017eelji ukloniti. Boja: vi\u0161ebojne. Sastav: 80% poliamid, 20% elastan.","og_url":"https:\/\/belovedlabel.com\/hr\/product\/jednodijelni-kupaci-kostim-honey-heat-khaki\/","og_site_name":"Beloved Label","article_publisher":"https:\/\/www.facebook.com\/belovedlingerie","article_modified_time":"2026-04-30T13:02:32+00:00","og_image":[{"width":900,"height":1349,"url":"https:\/\/belovedlabel.com\/hr\/wp-content\/uploads\/2025\/04\/enodelne-kopalke-3.jpg","type":"image\/jpeg"}],"twitter_card":"summary_large_image","schema":{"@context":"https:\/\/schema.org","@graph":[{"@type":"WebPage","@id":"https:\/\/belovedlabel.com\/hr\/product\/jednodijelni-kupaci-kostim-honey-heat-khaki\/","url":"https:\/\/belovedlabel.com\/hr\/product\/jednodijelni-kupaci-kostim-honey-heat-khaki\/","name":"Jednodijelni kupa\u0107i kostim HONEY HEAT khaki - Beloved Label","isPartOf":{"@id":"https:\/\/belovedlabel.com\/hr\/#website"},"primaryImageOfPage":{"@id":"https:\/\/belovedlabel.com\/hr\/product\/jednodijelni-kupaci-kostim-honey-heat-khaki\/#primaryimage"},"image":{"@id":"https:\/\/belovedlabel.com\/hr\/product\/jednodijelni-kupaci-kostim-honey-heat-khaki\/#primaryimage"},"thumbnailUrl":"https:\/\/belovedlabel.com\/hr\/wp-content\/uploads\/2025\/04\/enodelne-kopalke-3.jpg","datePublished":"2025-04-26T11:20:15+00:00","dateModified":"2026-04-30T13:02:32+00:00","breadcrumb":{"@id":"https:\/\/belovedlabel.com\/hr\/product\/jednodijelni-kupaci-kostim-honey-heat-khaki\/#breadcrumb"},"inLanguage":"hr","potentialAction":[{"@type":"ReadAction","target":["https:\/\/belovedlabel.com\/hr\/product\/jednodijelni-kupaci-kostim-honey-heat-khaki\/"]}]},{"@type":"ImageObject","inLanguage":"hr","@id":"https:\/\/belovedlabel.com\/hr\/product\/jednodijelni-kupaci-kostim-honey-heat-khaki\/#primaryimage","url":"https:\/\/belovedlabel.com\/hr\/wp-content\/uploads\/2025\/04\/enodelne-kopalke-3.jpg","contentUrl":"https:\/\/belovedlabel.com\/hr\/wp-content\/uploads\/2025\/04\/enodelne-kopalke-3.jpg","width":900,"height":1349},{"@type":"BreadcrumbList","@id":"https:\/\/belovedlabel.com\/hr\/product\/jednodijelni-kupaci-kostim-honey-heat-khaki\/#breadcrumb","itemListElement":[{"@type":"ListItem","position":1,"name":"Po\u010detna","item":"https:\/\/belovedlabel.com\/hr\/"},{"@type":"ListItem","position":2,"name":"Shop","item":"https:\/\/belovedlabel.com\/hr\/shop\/"},{"@type":"ListItem","position":3,"name":"Jednodijelni kupa\u0107i kostim HONEY HEAT khaki"}]},{"@type":"WebSite","@id":"https:\/\/belovedlabel.com\/hr\/#website","url":"https:\/\/belovedlabel.com\/hr\/","name":"Beloved Lingerie","description":"Your beloved store!","publisher":{"@id":"https:\/\/belovedlabel.com\/hr\/#organization"},"potentialAction":[{"@type":"SearchAction","target":{"@type":"EntryPoint","urlTemplate":"https:\/\/belovedlabel.com\/hr\/?s={search_term_string}"},"query-input":{"@type":"PropertyValueSpecification","valueRequired":true,"valueName":"search_term_string"}}],"inLanguage":"hr"},{"@type":"Organization","@id":"https:\/\/belovedlabel.com\/hr\/#organization","name":"Beloved Lingerie","url":"https:\/\/belovedlabel.com\/hr\/","logo":{"@type":"ImageObject","inLanguage":"hr","@id":"https:\/\/belovedlabel.com\/hr\/#\/schema\/logo\/image\/","url":"http:\/\/belovedlabel.com\/hr\/wp-content\/uploads\/2025\/03\/beloved-logo.png","contentUrl":"http:\/\/belovedlabel.com\/hr\/wp-content\/uploads\/2025\/03\/beloved-logo.png","width":1400,"height":544,"caption":"Beloved Lingerie"},"image":{"@id":"https:\/\/belovedlabel.com\/hr\/#\/schema\/logo\/image\/"},"sameAs":["https:\/\/www.facebook.com\/belovedlingerie","https:\/\/www.instagram.com\/yourbelovedlingerie\/","https:\/\/www.tiktok.com\/@belovedfashion"]}]}},"_links":{"self":[{"href":"https:\/\/belovedlabel.com\/hr\/wp-json\/wp\/v2\/product\/5056","targetHints":{"allow":["GET"]}}],"collection":[{"href":"https:\/\/belovedlabel.com\/hr\/wp-json\/wp\/v2\/product"}],"about":[{"href":"https:\/\/belovedlabel.com\/hr\/wp-json\/wp\/v2\/types\/product"}],"replies":[{"embeddable":true,"href":"https:\/\/belovedlabel.com\/hr\/wp-json\/wp\/v2\/comments?post=5056"}],"wp:featuredmedia":[{"embeddable":true,"href":"https:\/\/belovedlabel.com\/hr\/wp-json\/wp\/v2\/media\/5057"}],"wp:attachment":[{"href":"https:\/\/belovedlabel.com\/hr\/wp-json\/wp\/v2\/media?parent=5056"}],"wp:term":[{"taxonomy":"product_brand","embeddable":true,"href":"https:\/\/belovedlabel.com\/hr\/wp-json\/wp\/v2\/product_brand?post=5056"},{"taxonomy":"product_cat","embeddable":true,"href":"https:\/\/belovedlabel.com\/hr\/wp-json\/wp\/v2\/product_cat?post=5056"},{"taxonomy":"product_tag","embeddable":true,"href":"https:\/\/belovedlabel.com\/hr\/wp-json\/wp\/v2\/product_tag?post=5056"}],"curies":[{"name":"wp","href":"https:\/\/api.w.org\/{rel}","templated":true}]}}