{"id":3419,"date":"2025-04-26T12:49:22","date_gmt":"2025-04-26T10:49:22","guid":{"rendered":"http:\/\/belovedlabel.com\/hr\/product\/tridelne-kopalke-catania\/"},"modified":"2025-11-11T12:09:31","modified_gmt":"2025-11-11T11:09:31","slug":"trodijelni-kupaci-kostim-catania","status":"publish","type":"product","link":"https:\/\/belovedlabel.com\/hr\/product\/trodijelni-kupaci-kostim-catania\/","title":{"rendered":"Trodijelni kupa\u0107i kostim CATANIA"},"content":{"rendered":"<ul>\n<li>Komplet dvodijelnih kupa\u0107ih kostima i suknje.<\/li>\n<li>Zlatni detalj na grudnjaku.<\/li>\n<li>Podstavljene ko\u0161arice.<\/li>\n<li>Sastav: 80% najlon, 20% spandex.<\/li>\n<\/ul>\n","protected":false},"excerpt":{"rendered":"<p>Komplet dvodijelnih kupa\u0107ih kostima i suknje. Zlatni detalj na grudnjaku. Podstavljene ko\u0161arice. Sastav: 80% najlon, 20% spandex.<\/p>\n","protected":false},"featured_media":3420,"comment_status":"closed","ping_status":"closed","template":"","meta":{"_acf_changed":false},"product_brand":[],"product_cat":[139,151],"product_tag":[],"class_list":{"0":"post-3419","1":"product","2":"type-product","3":"status-publish","4":"has-post-thumbnail","6":"product_cat-kupaci-kostimi","7":"product_cat-trodijelni-kupaci-kostimi","8":"pa_boja-zelena","9":"pa_velicina-s","10":"pa_velicina-m","11":"pa_velicina-l","13":"first","14":"instock","15":"taxable","16":"shipping-taxable","17":"purchasable","18":"product-type-variable"},"acf":[],"yoast_head":"<!-- This site is optimized with the Yoast SEO plugin v24.9 - https:\/\/yoast.com\/wordpress\/plugins\/seo\/ -->\n<title>Trodijelni kupa\u0107i kostim CATANIA - Beloved Label<\/title>\n<meta name=\"robots\" content=\"index, follow, max-snippet:-1, max-image-preview:large, max-video-preview:-1\" \/>\n<link rel=\"canonical\" href=\"https:\/\/belovedlabel.com\/hr\/product\/trodijelni-kupaci-kostim-catania\/\" \/>\n<meta property=\"og:locale\" content=\"hr_HR\" \/>\n<meta property=\"og:type\" content=\"article\" \/>\n<meta property=\"og:title\" content=\"Trodijelni kupa\u0107i kostim CATANIA - Beloved Label\" \/>\n<meta property=\"og:description\" content=\"Komplet dvodijelnih kupa\u0107ih kostima i suknje. Zlatni detalj na grudnjaku. Podstavljene ko\u0161arice. Sastav: 80% najlon, 20% spandex.\" \/>\n<meta property=\"og:url\" content=\"https:\/\/belovedlabel.com\/hr\/product\/trodijelni-kupaci-kostim-catania\/\" \/>\n<meta property=\"og:site_name\" content=\"Beloved Label\" \/>\n<meta property=\"article:publisher\" content=\"https:\/\/www.facebook.com\/belovedlingerie\" \/>\n<meta property=\"article:modified_time\" content=\"2025-11-11T11:09:31+00:00\" \/>\n<meta property=\"og:image\" content=\"https:\/\/belovedlabel.com\/hr\/wp-content\/uploads\/2025\/04\/BA005633-0.jpg\" \/>\n\t<meta property=\"og:image:width\" content=\"900\" \/>\n\t<meta property=\"og:image:height\" content=\"1350\" \/>\n\t<meta property=\"og:image:type\" content=\"image\/jpeg\" \/>\n<meta name=\"twitter:card\" content=\"summary_large_image\" \/>\n<script type=\"application\/ld+json\" class=\"yoast-schema-graph\">{\"@context\":\"https:\/\/schema.org\",\"@graph\":[{\"@type\":\"WebPage\",\"@id\":\"https:\/\/belovedlabel.com\/hr\/product\/trodijelni-kupaci-kostim-catania\/\",\"url\":\"https:\/\/belovedlabel.com\/hr\/product\/trodijelni-kupaci-kostim-catania\/\",\"name\":\"Trodijelni kupa\u0107i kostim CATANIA - Beloved Label\",\"isPartOf\":{\"@id\":\"https:\/\/belovedlabel.com\/hr\/#website\"},\"primaryImageOfPage\":{\"@id\":\"https:\/\/belovedlabel.com\/hr\/product\/trodijelni-kupaci-kostim-catania\/#primaryimage\"},\"image\":{\"@id\":\"https:\/\/belovedlabel.com\/hr\/product\/trodijelni-kupaci-kostim-catania\/#primaryimage\"},\"thumbnailUrl\":\"https:\/\/belovedlabel.com\/hr\/wp-content\/uploads\/2025\/04\/BA005633-0.jpg\",\"datePublished\":\"2025-04-26T10:49:22+00:00\",\"dateModified\":\"2025-11-11T11:09:31+00:00\",\"breadcrumb\":{\"@id\":\"https:\/\/belovedlabel.com\/hr\/product\/trodijelni-kupaci-kostim-catania\/#breadcrumb\"},\"inLanguage\":\"hr\",\"potentialAction\":[{\"@type\":\"ReadAction\",\"target\":[\"https:\/\/belovedlabel.com\/hr\/product\/trodijelni-kupaci-kostim-catania\/\"]}]},{\"@type\":\"ImageObject\",\"inLanguage\":\"hr\",\"@id\":\"https:\/\/belovedlabel.com\/hr\/product\/trodijelni-kupaci-kostim-catania\/#primaryimage\",\"url\":\"https:\/\/belovedlabel.com\/hr\/wp-content\/uploads\/2025\/04\/BA005633-0.jpg\",\"contentUrl\":\"https:\/\/belovedlabel.com\/hr\/wp-content\/uploads\/2025\/04\/BA005633-0.jpg\",\"width\":900,\"height\":1350},{\"@type\":\"BreadcrumbList\",\"@id\":\"https:\/\/belovedlabel.com\/hr\/product\/trodijelni-kupaci-kostim-catania\/#breadcrumb\",\"itemListElement\":[{\"@type\":\"ListItem\",\"position\":1,\"name\":\"Po\u010detna\",\"item\":\"https:\/\/belovedlabel.com\/hr\/\"},{\"@type\":\"ListItem\",\"position\":2,\"name\":\"Shop\",\"item\":\"https:\/\/belovedlabel.com\/hr\/shop\/\"},{\"@type\":\"ListItem\",\"position\":3,\"name\":\"Trodijelni kupa\u0107i kostim CATANIA\"}]},{\"@type\":\"WebSite\",\"@id\":\"https:\/\/belovedlabel.com\/hr\/#website\",\"url\":\"https:\/\/belovedlabel.com\/hr\/\",\"name\":\"Beloved Lingerie\",\"description\":\"Your beloved store!\",\"publisher\":{\"@id\":\"https:\/\/belovedlabel.com\/hr\/#organization\"},\"potentialAction\":[{\"@type\":\"SearchAction\",\"target\":{\"@type\":\"EntryPoint\",\"urlTemplate\":\"https:\/\/belovedlabel.com\/hr\/?s={search_term_string}\"},\"query-input\":{\"@type\":\"PropertyValueSpecification\",\"valueRequired\":true,\"valueName\":\"search_term_string\"}}],\"inLanguage\":\"hr\"},{\"@type\":\"Organization\",\"@id\":\"https:\/\/belovedlabel.com\/hr\/#organization\",\"name\":\"Beloved Lingerie\",\"url\":\"https:\/\/belovedlabel.com\/hr\/\",\"logo\":{\"@type\":\"ImageObject\",\"inLanguage\":\"hr\",\"@id\":\"https:\/\/belovedlabel.com\/hr\/#\/schema\/logo\/image\/\",\"url\":\"http:\/\/belovedlabel.com\/hr\/wp-content\/uploads\/2025\/03\/beloved-logo.png\",\"contentUrl\":\"http:\/\/belovedlabel.com\/hr\/wp-content\/uploads\/2025\/03\/beloved-logo.png\",\"width\":1400,\"height\":544,\"caption\":\"Beloved Lingerie\"},\"image\":{\"@id\":\"https:\/\/belovedlabel.com\/hr\/#\/schema\/logo\/image\/\"},\"sameAs\":[\"https:\/\/www.facebook.com\/belovedlingerie\",\"https:\/\/www.instagram.com\/yourbelovedlingerie\/\",\"https:\/\/www.tiktok.com\/@belovedfashion\"]}]}<\/script>\n<!-- \/ Yoast SEO plugin. -->","yoast_head_json":{"title":"Trodijelni kupa\u0107i kostim CATANIA - Beloved Label","robots":{"index":"index","follow":"follow","max-snippet":"max-snippet:-1","max-image-preview":"max-image-preview:large","max-video-preview":"max-video-preview:-1"},"canonical":"https:\/\/belovedlabel.com\/hr\/product\/trodijelni-kupaci-kostim-catania\/","og_locale":"hr_HR","og_type":"article","og_title":"Trodijelni kupa\u0107i kostim CATANIA - Beloved Label","og_description":"Komplet dvodijelnih kupa\u0107ih kostima i suknje. Zlatni detalj na grudnjaku. Podstavljene ko\u0161arice. Sastav: 80% najlon, 20% spandex.","og_url":"https:\/\/belovedlabel.com\/hr\/product\/trodijelni-kupaci-kostim-catania\/","og_site_name":"Beloved Label","article_publisher":"https:\/\/www.facebook.com\/belovedlingerie","article_modified_time":"2025-11-11T11:09:31+00:00","og_image":[{"width":900,"height":1350,"url":"https:\/\/belovedlabel.com\/hr\/wp-content\/uploads\/2025\/04\/BA005633-0.jpg","type":"image\/jpeg"}],"twitter_card":"summary_large_image","schema":{"@context":"https:\/\/schema.org","@graph":[{"@type":"WebPage","@id":"https:\/\/belovedlabel.com\/hr\/product\/trodijelni-kupaci-kostim-catania\/","url":"https:\/\/belovedlabel.com\/hr\/product\/trodijelni-kupaci-kostim-catania\/","name":"Trodijelni kupa\u0107i kostim CATANIA - Beloved Label","isPartOf":{"@id":"https:\/\/belovedlabel.com\/hr\/#website"},"primaryImageOfPage":{"@id":"https:\/\/belovedlabel.com\/hr\/product\/trodijelni-kupaci-kostim-catania\/#primaryimage"},"image":{"@id":"https:\/\/belovedlabel.com\/hr\/product\/trodijelni-kupaci-kostim-catania\/#primaryimage"},"thumbnailUrl":"https:\/\/belovedlabel.com\/hr\/wp-content\/uploads\/2025\/04\/BA005633-0.jpg","datePublished":"2025-04-26T10:49:22+00:00","dateModified":"2025-11-11T11:09:31+00:00","breadcrumb":{"@id":"https:\/\/belovedlabel.com\/hr\/product\/trodijelni-kupaci-kostim-catania\/#breadcrumb"},"inLanguage":"hr","potentialAction":[{"@type":"ReadAction","target":["https:\/\/belovedlabel.com\/hr\/product\/trodijelni-kupaci-kostim-catania\/"]}]},{"@type":"ImageObject","inLanguage":"hr","@id":"https:\/\/belovedlabel.com\/hr\/product\/trodijelni-kupaci-kostim-catania\/#primaryimage","url":"https:\/\/belovedlabel.com\/hr\/wp-content\/uploads\/2025\/04\/BA005633-0.jpg","contentUrl":"https:\/\/belovedlabel.com\/hr\/wp-content\/uploads\/2025\/04\/BA005633-0.jpg","width":900,"height":1350},{"@type":"BreadcrumbList","@id":"https:\/\/belovedlabel.com\/hr\/product\/trodijelni-kupaci-kostim-catania\/#breadcrumb","itemListElement":[{"@type":"ListItem","position":1,"name":"Po\u010detna","item":"https:\/\/belovedlabel.com\/hr\/"},{"@type":"ListItem","position":2,"name":"Shop","item":"https:\/\/belovedlabel.com\/hr\/shop\/"},{"@type":"ListItem","position":3,"name":"Trodijelni kupa\u0107i kostim CATANIA"}]},{"@type":"WebSite","@id":"https:\/\/belovedlabel.com\/hr\/#website","url":"https:\/\/belovedlabel.com\/hr\/","name":"Beloved Lingerie","description":"Your beloved store!","publisher":{"@id":"https:\/\/belovedlabel.com\/hr\/#organization"},"potentialAction":[{"@type":"SearchAction","target":{"@type":"EntryPoint","urlTemplate":"https:\/\/belovedlabel.com\/hr\/?s={search_term_string}"},"query-input":{"@type":"PropertyValueSpecification","valueRequired":true,"valueName":"search_term_string"}}],"inLanguage":"hr"},{"@type":"Organization","@id":"https:\/\/belovedlabel.com\/hr\/#organization","name":"Beloved Lingerie","url":"https:\/\/belovedlabel.com\/hr\/","logo":{"@type":"ImageObject","inLanguage":"hr","@id":"https:\/\/belovedlabel.com\/hr\/#\/schema\/logo\/image\/","url":"http:\/\/belovedlabel.com\/hr\/wp-content\/uploads\/2025\/03\/beloved-logo.png","contentUrl":"http:\/\/belovedlabel.com\/hr\/wp-content\/uploads\/2025\/03\/beloved-logo.png","width":1400,"height":544,"caption":"Beloved Lingerie"},"image":{"@id":"https:\/\/belovedlabel.com\/hr\/#\/schema\/logo\/image\/"},"sameAs":["https:\/\/www.facebook.com\/belovedlingerie","https:\/\/www.instagram.com\/yourbelovedlingerie\/","https:\/\/www.tiktok.com\/@belovedfashion"]}]}},"_links":{"self":[{"href":"https:\/\/belovedlabel.com\/hr\/wp-json\/wp\/v2\/product\/3419","targetHints":{"allow":["GET"]}}],"collection":[{"href":"https:\/\/belovedlabel.com\/hr\/wp-json\/wp\/v2\/product"}],"about":[{"href":"https:\/\/belovedlabel.com\/hr\/wp-json\/wp\/v2\/types\/product"}],"replies":[{"embeddable":true,"href":"https:\/\/belovedlabel.com\/hr\/wp-json\/wp\/v2\/comments?post=3419"}],"wp:featuredmedia":[{"embeddable":true,"href":"https:\/\/belovedlabel.com\/hr\/wp-json\/wp\/v2\/media\/3420"}],"wp:attachment":[{"href":"https:\/\/belovedlabel.com\/hr\/wp-json\/wp\/v2\/media?parent=3419"}],"wp:term":[{"taxonomy":"product_brand","embeddable":true,"href":"https:\/\/belovedlabel.com\/hr\/wp-json\/wp\/v2\/product_brand?post=3419"},{"taxonomy":"product_cat","embeddable":true,"href":"https:\/\/belovedlabel.com\/hr\/wp-json\/wp\/v2\/product_cat?post=3419"},{"taxonomy":"product_tag","embeddable":true,"href":"https:\/\/belovedlabel.com\/hr\/wp-json\/wp\/v2\/product_tag?post=3419"}],"curies":[{"name":"wp","href":"https:\/\/api.w.org\/{rel}","templated":true}]}}