{"id":921,"date":"2024-04-05T05:20:02","date_gmt":"2024-04-05T05:20:02","guid":{"rendered":"https:\/\/belovedlabel.com\/cz\/product\/besavni-grudnjak-celine-bijeli\/"},"modified":"2026-04-23T13:01:38","modified_gmt":"2026-04-23T11:01:38","slug":"bezesva-podprsenka-celine-bila","status":"publish","type":"product","link":"https:\/\/belovedlabel.com\/cz\/product\/bezesva-podprsenka-celine-bila\/","title":{"rendered":"Beze\u0161v\u00e1 podprsenka CELINE b\u00edl\u00e1"},"content":{"rendered":"<ul>\n<li><a href=\"https:\/\/belovedlabel.com\/cz\/product-category\/bezesve-spodni-pradlo\/podprsenky-bezesve-spodni-pradlo\/\" target=\"_blank\" rel=\"noopener\">Beze\u0161v\u00e1 podprsenka<\/a> z pohodln\u00fdch materi\u00e1l\u016f.<\/li>\n<li>Proto\u017ee neobsahuje podp\u016frn\u00fd dr\u00e1t, je pohodln\u00e1 pro ka\u017edodenn\u00ed no\u0161en\u00ed a neviditeln\u00e1 pod oble\u010den\u00edm.<\/li>\n<li><a href=\"https:\/\/belovedlabel.com\/cz\/product-category\/back-to-basics\/\" target=\"_blank\" rel=\"noopener\">Pohodln\u00e1<\/a> a elegantn\u00ed.<\/li>\n<li>Nastaviteln\u00e9 ram\u00ednka.<\/li>\n<li>Mo\u017enost nastaven\u00ed objemu podprsenky a p\u00e1sk\u016f pomoc\u00ed h\u00e1\u010dk\u016f.<\/li>\n<li>Polstrovan\u00e9 vycp\u00e1vky.<\/li>\n<li>Zap\u00edn\u00e1n\u00ed na h\u00e1\u010dek.<\/li>\n<li>Barva: b\u00edl\u00e1.<\/li>\n<li>Vyrobeno z m\u011bkk\u00fdch materi\u00e1l\u016f p\u0159\u00edjemn\u00fdch na k\u016f\u017ei.<\/li>\n<li>Modelka m\u00e1 na sob\u011b velikost S.<\/li>\n<li>Barvy <a href=\"https:\/\/belovedlabel.com\/cz\/product-category\/bezesve-spodni-pradlo\/podprsenky-bezesve-spodni-pradlo\/\" target=\"_blank\" rel=\"noopener\">spodn\u00edho pr\u00e1dla<\/a> na obr\u00e1zc\u00edch se mohou m\u00edrn\u011b li\u0161it od skute\u010dn\u00fdch barev kv\u016fli nastaven\u00ed telefonu nebo po\u010d\u00edta\u010de.<\/li>\n<li>Slo\u017een\u00ed: Vycp\u00e1vka: 82% nylon, 18% spandex; Vn\u011bj\u0161\u00ed \u010d\u00e1st 1: 90% modal, 10% spandex, vn\u011bj\u0161\u00ed \u010d\u00e1st 2: 83% nylon, 17% spandex.<\/li>\n<\/ul>\n","protected":false},"excerpt":{"rendered":"<p>Beze\u0161v\u00e1 podprsenka z pohodln\u00fdch materi\u00e1l\u016f. Proto\u017ee neobsahuje podp\u016frn\u00fd dr\u00e1t, je pohodln\u00e1 pro ka\u017edodenn\u00ed no\u0161en\u00ed a neviditeln\u00e1 pod oble\u010den\u00edm. Pohodln\u00e1 a elegantn\u00ed. Nastaviteln\u00e9 ram\u00ednka. Mo\u017enost nastaven\u00ed objemu podprsenky a p\u00e1sk\u016f pomoc\u00ed h\u00e1\u010dk\u016f. Polstrovan\u00e9 vycp\u00e1vky. Zap\u00edn\u00e1n\u00ed na h\u00e1\u010dek. Barva: b\u00edl\u00e1. Vyrobeno z m\u011bkk\u00fdch materi\u00e1l\u016f p\u0159\u00edjemn\u00fdch na k\u016f\u017ei. Modelka m\u00e1 na sob\u011b velikost S. Barvy spodn\u00edho pr\u00e1dla na [&#8230;]\n","protected":false},"featured_media":910,"comment_status":"closed","ping_status":"closed","template":"","meta":{"_acf_changed":false},"product_brand":[],"product_cat":[26,44,45,46,47],"product_tag":[],"class_list":{"0":"post-921","1":"product","2":"type-product","3":"status-publish","4":"has-post-thumbnail","6":"product_cat-bestsellers","7":"product_cat-back-to-basics","8":"product_cat-podprsenky","9":"product_cat-bezesve-spodni-pradlo","10":"product_cat-podprsenky-bezesve-spodni-pradlo","11":"pa_velikost-s","12":"pa_velikost-m","13":"pa_velikost-l","14":"pa_velikost-xl","16":"first","17":"instock","18":"taxable","19":"shipping-taxable","20":"purchasable","21":"product-type-variable"},"acf":[],"yoast_head":"<!-- This site is optimized with the Yoast SEO plugin v25.6 - https:\/\/yoast.com\/wordpress\/plugins\/seo\/ -->\n<title>Beze\u0161v\u00e1 podprsenka CELINE b\u00edl\u00e1 - Beloved Label<\/title>\n<meta name=\"robots\" content=\"index, follow, max-snippet:-1, max-image-preview:large, max-video-preview:-1\" \/>\n<link rel=\"canonical\" href=\"https:\/\/belovedlabel.com\/cz\/product\/bezesva-podprsenka-celine-bila\/\" \/>\n<meta property=\"og:locale\" content=\"cs_CZ\" \/>\n<meta property=\"og:type\" content=\"article\" \/>\n<meta property=\"og:title\" content=\"Beze\u0161v\u00e1 podprsenka CELINE b\u00edl\u00e1 - Beloved Label\" \/>\n<meta property=\"og:description\" content=\"Beze\u0161v\u00e1 podprsenka z pohodln\u00fdch materi\u00e1l\u016f. Proto\u017ee neobsahuje podp\u016frn\u00fd dr\u00e1t, je pohodln\u00e1 pro ka\u017edodenn\u00ed no\u0161en\u00ed a neviditeln\u00e1 pod oble\u010den\u00edm. Pohodln\u00e1 a elegantn\u00ed. Nastaviteln\u00e9 ram\u00ednka. Mo\u017enost nastaven\u00ed objemu podprsenky a p\u00e1sk\u016f pomoc\u00ed h\u00e1\u010dk\u016f. Polstrovan\u00e9 vycp\u00e1vky. Zap\u00edn\u00e1n\u00ed na h\u00e1\u010dek. Barva: b\u00edl\u00e1. Vyrobeno z m\u011bkk\u00fdch materi\u00e1l\u016f p\u0159\u00edjemn\u00fdch na k\u016f\u017ei. Modelka m\u00e1 na sob\u011b velikost S. Barvy spodn\u00edho pr\u00e1dla na [...]\" \/>\n<meta property=\"og:url\" content=\"https:\/\/belovedlabel.com\/cz\/product\/bezesva-podprsenka-celine-bila\/\" \/>\n<meta property=\"og:site_name\" content=\"Beloved Label\" \/>\n<meta property=\"article:publisher\" content=\"https:\/\/www.facebook.com\/belovedlingerie\" \/>\n<meta property=\"article:modified_time\" content=\"2026-04-23T11:01:38+00:00\" \/>\n<meta property=\"og:image\" content=\"https:\/\/belovedlabel.com\/cz\/wp-content\/uploads\/2025\/03\/Brezsivni-nedrcek-CELINE-bel-5.jpg\" \/>\n\t<meta property=\"og:image:width\" content=\"1605\" \/>\n\t<meta property=\"og:image:height\" content=\"2408\" \/>\n\t<meta property=\"og:image:type\" content=\"image\/jpeg\" \/>\n<meta name=\"twitter:card\" content=\"summary_large_image\" \/>\n<meta name=\"twitter:label1\" content=\"Odhadovan\u00e1 doba \u010dten\u00ed\" \/>\n\t<meta name=\"twitter:data1\" content=\"1 minuta\" \/>\n<script type=\"application\/ld+json\" class=\"yoast-schema-graph\">{\"@context\":\"https:\/\/schema.org\",\"@graph\":[{\"@type\":\"WebPage\",\"@id\":\"https:\/\/belovedlabel.com\/cz\/product\/bezesva-podprsenka-celine-bila\/\",\"url\":\"https:\/\/belovedlabel.com\/cz\/product\/bezesva-podprsenka-celine-bila\/\",\"name\":\"Beze\u0161v\u00e1 podprsenka CELINE b\u00edl\u00e1 - Beloved Label\",\"isPartOf\":{\"@id\":\"https:\/\/belovedlabel.com\/cz\/#website\"},\"primaryImageOfPage\":{\"@id\":\"https:\/\/belovedlabel.com\/cz\/product\/bezesva-podprsenka-celine-bila\/#primaryimage\"},\"image\":{\"@id\":\"https:\/\/belovedlabel.com\/cz\/product\/bezesva-podprsenka-celine-bila\/#primaryimage\"},\"thumbnailUrl\":\"https:\/\/belovedlabel.com\/cz\/wp-content\/uploads\/2025\/03\/Brezsivni-nedrcek-CELINE-bel-5.jpg\",\"datePublished\":\"2024-04-05T05:20:02+00:00\",\"dateModified\":\"2026-04-23T11:01:38+00:00\",\"breadcrumb\":{\"@id\":\"https:\/\/belovedlabel.com\/cz\/product\/bezesva-podprsenka-celine-bila\/#breadcrumb\"},\"inLanguage\":\"cs\",\"potentialAction\":[{\"@type\":\"ReadAction\",\"target\":[\"https:\/\/belovedlabel.com\/cz\/product\/bezesva-podprsenka-celine-bila\/\"]}]},{\"@type\":\"ImageObject\",\"inLanguage\":\"cs\",\"@id\":\"https:\/\/belovedlabel.com\/cz\/product\/bezesva-podprsenka-celine-bila\/#primaryimage\",\"url\":\"https:\/\/belovedlabel.com\/cz\/wp-content\/uploads\/2025\/03\/Brezsivni-nedrcek-CELINE-bel-5.jpg\",\"contentUrl\":\"https:\/\/belovedlabel.com\/cz\/wp-content\/uploads\/2025\/03\/Brezsivni-nedrcek-CELINE-bel-5.jpg\",\"width\":1605,\"height\":2408},{\"@type\":\"BreadcrumbList\",\"@id\":\"https:\/\/belovedlabel.com\/cz\/product\/bezesva-podprsenka-celine-bila\/#breadcrumb\",\"itemListElement\":[{\"@type\":\"ListItem\",\"position\":1,\"name\":\"Po\u010detna\",\"item\":\"https:\/\/belovedlabel.com\/cz\/\"},{\"@type\":\"ListItem\",\"position\":2,\"name\":\"Shop\",\"item\":\"https:\/\/belovedlabel.com\/cz\/shop\/\"},{\"@type\":\"ListItem\",\"position\":3,\"name\":\"Beze\u0161v\u00e1 podprsenka CELINE b\u00edl\u00e1\"}]},{\"@type\":\"WebSite\",\"@id\":\"https:\/\/belovedlabel.com\/cz\/#website\",\"url\":\"https:\/\/belovedlabel.com\/cz\/\",\"name\":\"Beloved Lingerie\",\"description\":\"Your beloved store!\",\"publisher\":{\"@id\":\"https:\/\/belovedlabel.com\/cz\/#organization\"},\"potentialAction\":[{\"@type\":\"SearchAction\",\"target\":{\"@type\":\"EntryPoint\",\"urlTemplate\":\"https:\/\/belovedlabel.com\/cz\/?s={search_term_string}\"},\"query-input\":{\"@type\":\"PropertyValueSpecification\",\"valueRequired\":true,\"valueName\":\"search_term_string\"}}],\"inLanguage\":\"cs\"},{\"@type\":\"Organization\",\"@id\":\"https:\/\/belovedlabel.com\/cz\/#organization\",\"name\":\"Beloved Lingerie\",\"url\":\"https:\/\/belovedlabel.com\/cz\/\",\"logo\":{\"@type\":\"ImageObject\",\"inLanguage\":\"cs\",\"@id\":\"https:\/\/belovedlabel.com\/cz\/#\/schema\/logo\/image\/\",\"url\":\"https:\/\/belovedlabel.com\/cz\/wp-content\/uploads\/2025\/03\/beloved-logo.png\",\"contentUrl\":\"https:\/\/belovedlabel.com\/cz\/wp-content\/uploads\/2025\/03\/beloved-logo.png\",\"width\":1400,\"height\":544,\"caption\":\"Beloved Lingerie\"},\"image\":{\"@id\":\"https:\/\/belovedlabel.com\/cz\/#\/schema\/logo\/image\/\"},\"sameAs\":[\"https:\/\/www.facebook.com\/belovedlingerie\",\"https:\/\/www.instagram.com\/yourbelovedlingerie\/\",\"https:\/\/www.tiktok.com\/@belovedfashion\"]}]}<\/script>\n<!-- \/ Yoast SEO plugin. -->","yoast_head_json":{"title":"Beze\u0161v\u00e1 podprsenka CELINE b\u00edl\u00e1 - Beloved Label","robots":{"index":"index","follow":"follow","max-snippet":"max-snippet:-1","max-image-preview":"max-image-preview:large","max-video-preview":"max-video-preview:-1"},"canonical":"https:\/\/belovedlabel.com\/cz\/product\/bezesva-podprsenka-celine-bila\/","og_locale":"cs_CZ","og_type":"article","og_title":"Beze\u0161v\u00e1 podprsenka CELINE b\u00edl\u00e1 - Beloved Label","og_description":"Beze\u0161v\u00e1 podprsenka z pohodln\u00fdch materi\u00e1l\u016f. Proto\u017ee neobsahuje podp\u016frn\u00fd dr\u00e1t, je pohodln\u00e1 pro ka\u017edodenn\u00ed no\u0161en\u00ed a neviditeln\u00e1 pod oble\u010den\u00edm. Pohodln\u00e1 a elegantn\u00ed. Nastaviteln\u00e9 ram\u00ednka. Mo\u017enost nastaven\u00ed objemu podprsenky a p\u00e1sk\u016f pomoc\u00ed h\u00e1\u010dk\u016f. Polstrovan\u00e9 vycp\u00e1vky. Zap\u00edn\u00e1n\u00ed na h\u00e1\u010dek. Barva: b\u00edl\u00e1. Vyrobeno z m\u011bkk\u00fdch materi\u00e1l\u016f p\u0159\u00edjemn\u00fdch na k\u016f\u017ei. Modelka m\u00e1 na sob\u011b velikost S. Barvy spodn\u00edho pr\u00e1dla na [...]","og_url":"https:\/\/belovedlabel.com\/cz\/product\/bezesva-podprsenka-celine-bila\/","og_site_name":"Beloved Label","article_publisher":"https:\/\/www.facebook.com\/belovedlingerie","article_modified_time":"2026-04-23T11:01:38+00:00","og_image":[{"width":1605,"height":2408,"url":"https:\/\/belovedlabel.com\/cz\/wp-content\/uploads\/2025\/03\/Brezsivni-nedrcek-CELINE-bel-5.jpg","type":"image\/jpeg"}],"twitter_card":"summary_large_image","twitter_misc":{"Odhadovan\u00e1 doba \u010dten\u00ed":"1 minuta"},"schema":{"@context":"https:\/\/schema.org","@graph":[{"@type":"WebPage","@id":"https:\/\/belovedlabel.com\/cz\/product\/bezesva-podprsenka-celine-bila\/","url":"https:\/\/belovedlabel.com\/cz\/product\/bezesva-podprsenka-celine-bila\/","name":"Beze\u0161v\u00e1 podprsenka CELINE b\u00edl\u00e1 - Beloved Label","isPartOf":{"@id":"https:\/\/belovedlabel.com\/cz\/#website"},"primaryImageOfPage":{"@id":"https:\/\/belovedlabel.com\/cz\/product\/bezesva-podprsenka-celine-bila\/#primaryimage"},"image":{"@id":"https:\/\/belovedlabel.com\/cz\/product\/bezesva-podprsenka-celine-bila\/#primaryimage"},"thumbnailUrl":"https:\/\/belovedlabel.com\/cz\/wp-content\/uploads\/2025\/03\/Brezsivni-nedrcek-CELINE-bel-5.jpg","datePublished":"2024-04-05T05:20:02+00:00","dateModified":"2026-04-23T11:01:38+00:00","breadcrumb":{"@id":"https:\/\/belovedlabel.com\/cz\/product\/bezesva-podprsenka-celine-bila\/#breadcrumb"},"inLanguage":"cs","potentialAction":[{"@type":"ReadAction","target":["https:\/\/belovedlabel.com\/cz\/product\/bezesva-podprsenka-celine-bila\/"]}]},{"@type":"ImageObject","inLanguage":"cs","@id":"https:\/\/belovedlabel.com\/cz\/product\/bezesva-podprsenka-celine-bila\/#primaryimage","url":"https:\/\/belovedlabel.com\/cz\/wp-content\/uploads\/2025\/03\/Brezsivni-nedrcek-CELINE-bel-5.jpg","contentUrl":"https:\/\/belovedlabel.com\/cz\/wp-content\/uploads\/2025\/03\/Brezsivni-nedrcek-CELINE-bel-5.jpg","width":1605,"height":2408},{"@type":"BreadcrumbList","@id":"https:\/\/belovedlabel.com\/cz\/product\/bezesva-podprsenka-celine-bila\/#breadcrumb","itemListElement":[{"@type":"ListItem","position":1,"name":"Po\u010detna","item":"https:\/\/belovedlabel.com\/cz\/"},{"@type":"ListItem","position":2,"name":"Shop","item":"https:\/\/belovedlabel.com\/cz\/shop\/"},{"@type":"ListItem","position":3,"name":"Beze\u0161v\u00e1 podprsenka CELINE b\u00edl\u00e1"}]},{"@type":"WebSite","@id":"https:\/\/belovedlabel.com\/cz\/#website","url":"https:\/\/belovedlabel.com\/cz\/","name":"Beloved Lingerie","description":"Your beloved store!","publisher":{"@id":"https:\/\/belovedlabel.com\/cz\/#organization"},"potentialAction":[{"@type":"SearchAction","target":{"@type":"EntryPoint","urlTemplate":"https:\/\/belovedlabel.com\/cz\/?s={search_term_string}"},"query-input":{"@type":"PropertyValueSpecification","valueRequired":true,"valueName":"search_term_string"}}],"inLanguage":"cs"},{"@type":"Organization","@id":"https:\/\/belovedlabel.com\/cz\/#organization","name":"Beloved Lingerie","url":"https:\/\/belovedlabel.com\/cz\/","logo":{"@type":"ImageObject","inLanguage":"cs","@id":"https:\/\/belovedlabel.com\/cz\/#\/schema\/logo\/image\/","url":"https:\/\/belovedlabel.com\/cz\/wp-content\/uploads\/2025\/03\/beloved-logo.png","contentUrl":"https:\/\/belovedlabel.com\/cz\/wp-content\/uploads\/2025\/03\/beloved-logo.png","width":1400,"height":544,"caption":"Beloved Lingerie"},"image":{"@id":"https:\/\/belovedlabel.com\/cz\/#\/schema\/logo\/image\/"},"sameAs":["https:\/\/www.facebook.com\/belovedlingerie","https:\/\/www.instagram.com\/yourbelovedlingerie\/","https:\/\/www.tiktok.com\/@belovedfashion"]}]}},"_links":{"self":[{"href":"https:\/\/belovedlabel.com\/cz\/wp-json\/wp\/v2\/product\/921","targetHints":{"allow":["GET"]}}],"collection":[{"href":"https:\/\/belovedlabel.com\/cz\/wp-json\/wp\/v2\/product"}],"about":[{"href":"https:\/\/belovedlabel.com\/cz\/wp-json\/wp\/v2\/types\/product"}],"replies":[{"embeddable":true,"href":"https:\/\/belovedlabel.com\/cz\/wp-json\/wp\/v2\/comments?post=921"}],"wp:featuredmedia":[{"embeddable":true,"href":"https:\/\/belovedlabel.com\/cz\/wp-json\/wp\/v2\/media\/910"}],"wp:attachment":[{"href":"https:\/\/belovedlabel.com\/cz\/wp-json\/wp\/v2\/media?parent=921"}],"wp:term":[{"taxonomy":"product_brand","embeddable":true,"href":"https:\/\/belovedlabel.com\/cz\/wp-json\/wp\/v2\/product_brand?post=921"},{"taxonomy":"product_cat","embeddable":true,"href":"https:\/\/belovedlabel.com\/cz\/wp-json\/wp\/v2\/product_cat?post=921"},{"taxonomy":"product_tag","embeddable":true,"href":"https:\/\/belovedlabel.com\/cz\/wp-json\/wp\/v2\/product_tag?post=921"}],"curies":[{"name":"wp","href":"https:\/\/api.w.org\/{rel}","templated":true}]}}