{"id":551,"date":"2023-02-28T17:13:51","date_gmt":"2023-02-28T17:13:51","guid":{"rendered":"https:\/\/belovedlabel.com\/cz\/product\/bodi-kiara\/"},"modified":"2026-04-17T12:57:12","modified_gmt":"2026-04-17T10:57:12","slug":"body-kiara","status":"publish","type":"product","link":"https:\/\/belovedlabel.com\/cz\/product\/body-kiara\/","title":{"rendered":"Body KIARA"},"content":{"rendered":"<p><strong>Bodi KIARA<\/strong><\/p>\n<ul>\n<li>S\u00ed\u0165ovan\u00fd materi\u00e1l s jemn\u00fdmi, \u017eensk\u00fdmi a sv\u016fdn\u00fdmi krajkov\u00fdmi detaily.<\/li>\n<li>Ko\u0161\u00ed\u010dky s dr\u00e1t\u011bnou podporou.<\/li>\n<li>Nezpevn\u011bn\u00e9 ko\u0161\u00ed\u010dky.<\/li>\n<li>Nastaviteln\u00e9 ram\u00ednka.<\/li>\n<li>Typ kalhotek: tanga s vysok\u00fdm pasem.<\/li>\n<li>Zap\u00edn\u00e1n\u00ed na knofl\u00edky.<\/li>\n<li>\u010c\u00e1ste\u010dn\u011b pr\u016fhledn\u00e9.<\/li>\n<li>Dva zp\u016fsoby no\u0161en\u00ed bodysuitu: jako spodn\u00ed pr\u00e1dlo nebo m\u00edsto tri\u010dka.<\/li>\n<li>Barva: \u010dern\u00e1.<\/li>\n<li>Nika nos\u00ed velikost S.<\/li>\n<li>Barvy spodn\u00edho pr\u00e1dla na obr\u00e1zc\u00edch se mohou m\u00edrn\u011b li\u0161it od skute\u010dn\u00fdch barev kv\u016fli nastaven\u00ed va\u0161eho mobiln\u00edho telefonu nebo po\u010d\u00edta\u010de.<\/li>\n<li>Slo\u017een\u00ed: 95 % polyester, 5 % elastan.<\/li>\n<\/ul>\n","protected":false},"excerpt":{"rendered":"<p>Bodi KIARA S\u00ed\u0165ovan\u00fd materi\u00e1l s jemn\u00fdmi, \u017eensk\u00fdmi a sv\u016fdn\u00fdmi krajkov\u00fdmi detaily. Ko\u0161\u00ed\u010dky s dr\u00e1t\u011bnou podporou. Nezpevn\u011bn\u00e9 ko\u0161\u00ed\u010dky. Nastaviteln\u00e9 ram\u00ednka. Typ kalhotek: tanga s vysok\u00fdm pasem. Zap\u00edn\u00e1n\u00ed na knofl\u00edky. \u010c\u00e1ste\u010dn\u011b pr\u016fhledn\u00e9. Dva zp\u016fsoby no\u0161en\u00ed bodysuitu: jako spodn\u00ed pr\u00e1dlo nebo m\u00edsto tri\u010dka. Barva: \u010dern\u00e1. Nika nos\u00ed velikost S. Barvy spodn\u00edho pr\u00e1dla na obr\u00e1zc\u00edch se mohou m\u00edrn\u011b li\u0161it [&#8230;]\n","protected":false},"featured_media":552,"comment_status":"closed","ping_status":"open","template":"","meta":{"_acf_changed":false},"product_brand":[],"product_cat":[23,28],"product_tag":[],"class_list":{"0":"post-551","1":"product","2":"type-product","3":"status-publish","4":"has-post-thumbnail","6":"product_cat-svudne-spodni-pradlo","7":"product_cat-body","8":"pa_barva-cerna","9":"pa_velikost-s","10":"pa_velikost-m","11":"pa_velikost-l","13":"first","14":"outofstock","15":"taxable","16":"shipping-taxable","17":"purchasable","18":"product-type-variable"},"acf":[],"yoast_head":"<!-- This site is optimized with the Yoast SEO plugin v25.6 - https:\/\/yoast.com\/wordpress\/plugins\/seo\/ -->\n<title>Body KIARA - Beloved Label<\/title>\n<meta name=\"robots\" content=\"index, follow, max-snippet:-1, max-image-preview:large, max-video-preview:-1\" \/>\n<link rel=\"canonical\" href=\"https:\/\/belovedlabel.com\/cz\/product\/body-kiara\/\" \/>\n<meta property=\"og:locale\" content=\"cs_CZ\" \/>\n<meta property=\"og:type\" content=\"article\" \/>\n<meta property=\"og:title\" content=\"Body KIARA - Beloved Label\" \/>\n<meta property=\"og:description\" content=\"Bodi KIARA S\u00ed\u0165ovan\u00fd materi\u00e1l s jemn\u00fdmi, \u017eensk\u00fdmi a sv\u016fdn\u00fdmi krajkov\u00fdmi detaily. Ko\u0161\u00ed\u010dky s dr\u00e1t\u011bnou podporou. Nezpevn\u011bn\u00e9 ko\u0161\u00ed\u010dky. Nastaviteln\u00e9 ram\u00ednka. Typ kalhotek: tanga s vysok\u00fdm pasem. Zap\u00edn\u00e1n\u00ed na knofl\u00edky. \u010c\u00e1ste\u010dn\u011b pr\u016fhledn\u00e9. Dva zp\u016fsoby no\u0161en\u00ed bodysuitu: jako spodn\u00ed pr\u00e1dlo nebo m\u00edsto tri\u010dka. Barva: \u010dern\u00e1. Nika nos\u00ed velikost S. Barvy spodn\u00edho pr\u00e1dla na obr\u00e1zc\u00edch se mohou m\u00edrn\u011b li\u0161it [...]\" \/>\n<meta property=\"og:url\" content=\"https:\/\/belovedlabel.com\/cz\/product\/body-kiara\/\" \/>\n<meta property=\"og:site_name\" content=\"Beloved Label\" \/>\n<meta property=\"article:publisher\" content=\"https:\/\/www.facebook.com\/belovedlingerie\" \/>\n<meta property=\"article:modified_time\" content=\"2026-04-17T10:57:12+00:00\" \/>\n<meta property=\"og:image\" content=\"https:\/\/belovedlabel.com\/cz\/wp-content\/uploads\/2025\/03\/DSC00726-2-2.jpg\" \/>\n\t<meta property=\"og:image:width\" content=\"1365\" \/>\n\t<meta property=\"og:image:height\" content=\"2048\" \/>\n\t<meta property=\"og:image:type\" content=\"image\/jpeg\" \/>\n<meta name=\"twitter:card\" content=\"summary_large_image\" \/>\n<meta name=\"twitter:label1\" content=\"Odhadovan\u00e1 doba \u010dten\u00ed\" \/>\n\t<meta name=\"twitter:data1\" content=\"1 minuta\" \/>\n<script type=\"application\/ld+json\" class=\"yoast-schema-graph\">{\"@context\":\"https:\/\/schema.org\",\"@graph\":[{\"@type\":\"WebPage\",\"@id\":\"https:\/\/belovedlabel.com\/cz\/product\/body-kiara\/\",\"url\":\"https:\/\/belovedlabel.com\/cz\/product\/body-kiara\/\",\"name\":\"Body KIARA - Beloved Label\",\"isPartOf\":{\"@id\":\"https:\/\/belovedlabel.com\/cz\/#website\"},\"primaryImageOfPage\":{\"@id\":\"https:\/\/belovedlabel.com\/cz\/product\/body-kiara\/#primaryimage\"},\"image\":{\"@id\":\"https:\/\/belovedlabel.com\/cz\/product\/body-kiara\/#primaryimage\"},\"thumbnailUrl\":\"https:\/\/belovedlabel.com\/cz\/wp-content\/uploads\/2025\/03\/DSC00726-2-2.jpg\",\"datePublished\":\"2023-02-28T17:13:51+00:00\",\"dateModified\":\"2026-04-17T10:57:12+00:00\",\"breadcrumb\":{\"@id\":\"https:\/\/belovedlabel.com\/cz\/product\/body-kiara\/#breadcrumb\"},\"inLanguage\":\"cs\",\"potentialAction\":[{\"@type\":\"ReadAction\",\"target\":[\"https:\/\/belovedlabel.com\/cz\/product\/body-kiara\/\"]}]},{\"@type\":\"ImageObject\",\"inLanguage\":\"cs\",\"@id\":\"https:\/\/belovedlabel.com\/cz\/product\/body-kiara\/#primaryimage\",\"url\":\"https:\/\/belovedlabel.com\/cz\/wp-content\/uploads\/2025\/03\/DSC00726-2-2.jpg\",\"contentUrl\":\"https:\/\/belovedlabel.com\/cz\/wp-content\/uploads\/2025\/03\/DSC00726-2-2.jpg\",\"width\":1365,\"height\":2048},{\"@type\":\"BreadcrumbList\",\"@id\":\"https:\/\/belovedlabel.com\/cz\/product\/body-kiara\/#breadcrumb\",\"itemListElement\":[{\"@type\":\"ListItem\",\"position\":1,\"name\":\"Po\u010detna\",\"item\":\"https:\/\/belovedlabel.com\/cz\/\"},{\"@type\":\"ListItem\",\"position\":2,\"name\":\"Shop\",\"item\":\"https:\/\/belovedlabel.com\/cz\/shop\/\"},{\"@type\":\"ListItem\",\"position\":3,\"name\":\"Body KIARA\"}]},{\"@type\":\"WebSite\",\"@id\":\"https:\/\/belovedlabel.com\/cz\/#website\",\"url\":\"https:\/\/belovedlabel.com\/cz\/\",\"name\":\"Beloved Lingerie\",\"description\":\"Your beloved store!\",\"publisher\":{\"@id\":\"https:\/\/belovedlabel.com\/cz\/#organization\"},\"potentialAction\":[{\"@type\":\"SearchAction\",\"target\":{\"@type\":\"EntryPoint\",\"urlTemplate\":\"https:\/\/belovedlabel.com\/cz\/?s={search_term_string}\"},\"query-input\":{\"@type\":\"PropertyValueSpecification\",\"valueRequired\":true,\"valueName\":\"search_term_string\"}}],\"inLanguage\":\"cs\"},{\"@type\":\"Organization\",\"@id\":\"https:\/\/belovedlabel.com\/cz\/#organization\",\"name\":\"Beloved Lingerie\",\"url\":\"https:\/\/belovedlabel.com\/cz\/\",\"logo\":{\"@type\":\"ImageObject\",\"inLanguage\":\"cs\",\"@id\":\"https:\/\/belovedlabel.com\/cz\/#\/schema\/logo\/image\/\",\"url\":\"https:\/\/belovedlabel.com\/cz\/wp-content\/uploads\/2025\/03\/beloved-logo.png\",\"contentUrl\":\"https:\/\/belovedlabel.com\/cz\/wp-content\/uploads\/2025\/03\/beloved-logo.png\",\"width\":1400,\"height\":544,\"caption\":\"Beloved Lingerie\"},\"image\":{\"@id\":\"https:\/\/belovedlabel.com\/cz\/#\/schema\/logo\/image\/\"},\"sameAs\":[\"https:\/\/www.facebook.com\/belovedlingerie\",\"https:\/\/www.instagram.com\/yourbelovedlingerie\/\",\"https:\/\/www.tiktok.com\/@belovedfashion\"]}]}<\/script>\n<!-- \/ Yoast SEO plugin. -->","yoast_head_json":{"title":"Body KIARA - Beloved Label","robots":{"index":"index","follow":"follow","max-snippet":"max-snippet:-1","max-image-preview":"max-image-preview:large","max-video-preview":"max-video-preview:-1"},"canonical":"https:\/\/belovedlabel.com\/cz\/product\/body-kiara\/","og_locale":"cs_CZ","og_type":"article","og_title":"Body KIARA - Beloved Label","og_description":"Bodi KIARA S\u00ed\u0165ovan\u00fd materi\u00e1l s jemn\u00fdmi, \u017eensk\u00fdmi a sv\u016fdn\u00fdmi krajkov\u00fdmi detaily. Ko\u0161\u00ed\u010dky s dr\u00e1t\u011bnou podporou. Nezpevn\u011bn\u00e9 ko\u0161\u00ed\u010dky. Nastaviteln\u00e9 ram\u00ednka. Typ kalhotek: tanga s vysok\u00fdm pasem. Zap\u00edn\u00e1n\u00ed na knofl\u00edky. \u010c\u00e1ste\u010dn\u011b pr\u016fhledn\u00e9. Dva zp\u016fsoby no\u0161en\u00ed bodysuitu: jako spodn\u00ed pr\u00e1dlo nebo m\u00edsto tri\u010dka. Barva: \u010dern\u00e1. Nika nos\u00ed velikost S. Barvy spodn\u00edho pr\u00e1dla na obr\u00e1zc\u00edch se mohou m\u00edrn\u011b li\u0161it [...]","og_url":"https:\/\/belovedlabel.com\/cz\/product\/body-kiara\/","og_site_name":"Beloved Label","article_publisher":"https:\/\/www.facebook.com\/belovedlingerie","article_modified_time":"2026-04-17T10:57:12+00:00","og_image":[{"width":1365,"height":2048,"url":"https:\/\/belovedlabel.com\/cz\/wp-content\/uploads\/2025\/03\/DSC00726-2-2.jpg","type":"image\/jpeg"}],"twitter_card":"summary_large_image","twitter_misc":{"Odhadovan\u00e1 doba \u010dten\u00ed":"1 minuta"},"schema":{"@context":"https:\/\/schema.org","@graph":[{"@type":"WebPage","@id":"https:\/\/belovedlabel.com\/cz\/product\/body-kiara\/","url":"https:\/\/belovedlabel.com\/cz\/product\/body-kiara\/","name":"Body KIARA - Beloved Label","isPartOf":{"@id":"https:\/\/belovedlabel.com\/cz\/#website"},"primaryImageOfPage":{"@id":"https:\/\/belovedlabel.com\/cz\/product\/body-kiara\/#primaryimage"},"image":{"@id":"https:\/\/belovedlabel.com\/cz\/product\/body-kiara\/#primaryimage"},"thumbnailUrl":"https:\/\/belovedlabel.com\/cz\/wp-content\/uploads\/2025\/03\/DSC00726-2-2.jpg","datePublished":"2023-02-28T17:13:51+00:00","dateModified":"2026-04-17T10:57:12+00:00","breadcrumb":{"@id":"https:\/\/belovedlabel.com\/cz\/product\/body-kiara\/#breadcrumb"},"inLanguage":"cs","potentialAction":[{"@type":"ReadAction","target":["https:\/\/belovedlabel.com\/cz\/product\/body-kiara\/"]}]},{"@type":"ImageObject","inLanguage":"cs","@id":"https:\/\/belovedlabel.com\/cz\/product\/body-kiara\/#primaryimage","url":"https:\/\/belovedlabel.com\/cz\/wp-content\/uploads\/2025\/03\/DSC00726-2-2.jpg","contentUrl":"https:\/\/belovedlabel.com\/cz\/wp-content\/uploads\/2025\/03\/DSC00726-2-2.jpg","width":1365,"height":2048},{"@type":"BreadcrumbList","@id":"https:\/\/belovedlabel.com\/cz\/product\/body-kiara\/#breadcrumb","itemListElement":[{"@type":"ListItem","position":1,"name":"Po\u010detna","item":"https:\/\/belovedlabel.com\/cz\/"},{"@type":"ListItem","position":2,"name":"Shop","item":"https:\/\/belovedlabel.com\/cz\/shop\/"},{"@type":"ListItem","position":3,"name":"Body KIARA"}]},{"@type":"WebSite","@id":"https:\/\/belovedlabel.com\/cz\/#website","url":"https:\/\/belovedlabel.com\/cz\/","name":"Beloved Lingerie","description":"Your beloved store!","publisher":{"@id":"https:\/\/belovedlabel.com\/cz\/#organization"},"potentialAction":[{"@type":"SearchAction","target":{"@type":"EntryPoint","urlTemplate":"https:\/\/belovedlabel.com\/cz\/?s={search_term_string}"},"query-input":{"@type":"PropertyValueSpecification","valueRequired":true,"valueName":"search_term_string"}}],"inLanguage":"cs"},{"@type":"Organization","@id":"https:\/\/belovedlabel.com\/cz\/#organization","name":"Beloved Lingerie","url":"https:\/\/belovedlabel.com\/cz\/","logo":{"@type":"ImageObject","inLanguage":"cs","@id":"https:\/\/belovedlabel.com\/cz\/#\/schema\/logo\/image\/","url":"https:\/\/belovedlabel.com\/cz\/wp-content\/uploads\/2025\/03\/beloved-logo.png","contentUrl":"https:\/\/belovedlabel.com\/cz\/wp-content\/uploads\/2025\/03\/beloved-logo.png","width":1400,"height":544,"caption":"Beloved Lingerie"},"image":{"@id":"https:\/\/belovedlabel.com\/cz\/#\/schema\/logo\/image\/"},"sameAs":["https:\/\/www.facebook.com\/belovedlingerie","https:\/\/www.instagram.com\/yourbelovedlingerie\/","https:\/\/www.tiktok.com\/@belovedfashion"]}]}},"_links":{"self":[{"href":"https:\/\/belovedlabel.com\/cz\/wp-json\/wp\/v2\/product\/551","targetHints":{"allow":["GET"]}}],"collection":[{"href":"https:\/\/belovedlabel.com\/cz\/wp-json\/wp\/v2\/product"}],"about":[{"href":"https:\/\/belovedlabel.com\/cz\/wp-json\/wp\/v2\/types\/product"}],"replies":[{"embeddable":true,"href":"https:\/\/belovedlabel.com\/cz\/wp-json\/wp\/v2\/comments?post=551"}],"wp:featuredmedia":[{"embeddable":true,"href":"https:\/\/belovedlabel.com\/cz\/wp-json\/wp\/v2\/media\/552"}],"wp:attachment":[{"href":"https:\/\/belovedlabel.com\/cz\/wp-json\/wp\/v2\/media?parent=551"}],"wp:term":[{"taxonomy":"product_brand","embeddable":true,"href":"https:\/\/belovedlabel.com\/cz\/wp-json\/wp\/v2\/product_brand?post=551"},{"taxonomy":"product_cat","embeddable":true,"href":"https:\/\/belovedlabel.com\/cz\/wp-json\/wp\/v2\/product_cat?post=551"},{"taxonomy":"product_tag","embeddable":true,"href":"https:\/\/belovedlabel.com\/cz\/wp-json\/wp\/v2\/product_tag?post=551"}],"curies":[{"name":"wp","href":"https:\/\/api.w.org\/{rel}","templated":true}]}}