{"id":4962,"date":"2025-04-26T13:19:01","date_gmt":"2025-04-26T11:19:01","guid":{"rendered":"https:\/\/belovedlabel.com\/cz\/product\/dvodelne-kopalke-ulani\/"},"modified":"2026-04-16T07:30:13","modified_gmt":"2026-04-16T05:30:13","slug":"dvoudilne-plavky-ulani","status":"publish","type":"product","link":"https:\/\/belovedlabel.com\/cz\/product\/dvoudilne-plavky-ulani\/","title":{"rendered":"Dvoud\u00edln\u00e9 plavky ULANI"},"content":{"rendered":"<ul>\n<li>M\u00f3dn\u00ed dvoud\u00edln\u00e9 plavky.<\/li>\n<li>Reli\u00e9fn\u00ed materi\u00e1l.<\/li>\n<li>Vycpan\u00e9 ko\u0161\u00ed\u010dky, kter\u00e9 lze podle pot\u0159eby vyjmout.<\/li>\n<li>Barva: \u010dernob\u00edl\u00e1.<\/li>\n<li>Slo\u017een\u00ed: 95% polyester, 5% elastan.<\/li>\n<\/ul>\n","protected":false},"excerpt":{"rendered":"<p>M\u00f3dn\u00ed dvoud\u00edln\u00e9 plavky. Reli\u00e9fn\u00ed materi\u00e1l. Vycpan\u00e9 ko\u0161\u00ed\u010dky, kter\u00e9 lze podle pot\u0159eby vyjmout. Barva: \u010dernob\u00edl\u00e1. Slo\u017een\u00ed: 95% polyester, 5% elastan.<\/p>\n","protected":false},"featured_media":4963,"comment_status":"open","ping_status":"closed","template":"","meta":{"_acf_changed":false},"product_brand":[],"product_cat":[140,139],"product_tag":[],"class_list":{"0":"post-4962","1":"product","2":"type-product","3":"status-publish","4":"has-post-thumbnail","6":"product_cat-dvoudilne-plavky","7":"product_cat-plavky","8":"pa_barva-cerna","9":"pa_barva-bila","10":"pa_barva-vicebarevna","11":"pa_velikost-s","12":"pa_velikost-m","13":"pa_velikost-l","15":"first","16":"instock","17":"taxable","18":"shipping-taxable","19":"purchasable","20":"product-type-variable"},"acf":[],"yoast_head":"<!-- This site is optimized with the Yoast SEO plugin v25.6 - https:\/\/yoast.com\/wordpress\/plugins\/seo\/ -->\n<title>Dvoud\u00edln\u00e9 plavky ULANI - Beloved Label<\/title>\n<meta name=\"robots\" content=\"index, follow, max-snippet:-1, max-image-preview:large, max-video-preview:-1\" \/>\n<link rel=\"canonical\" href=\"https:\/\/belovedlabel.com\/cz\/product\/dvoudilne-plavky-ulani\/\" \/>\n<meta property=\"og:locale\" content=\"cs_CZ\" \/>\n<meta property=\"og:type\" content=\"article\" \/>\n<meta property=\"og:title\" content=\"Dvoud\u00edln\u00e9 plavky ULANI - Beloved Label\" \/>\n<meta property=\"og:description\" content=\"M\u00f3dn\u00ed dvoud\u00edln\u00e9 plavky. Reli\u00e9fn\u00ed materi\u00e1l. Vycpan\u00e9 ko\u0161\u00ed\u010dky, kter\u00e9 lze podle pot\u0159eby vyjmout. Barva: \u010dernob\u00edl\u00e1. Slo\u017een\u00ed: 95% polyester, 5% elastan.\" \/>\n<meta property=\"og:url\" content=\"https:\/\/belovedlabel.com\/cz\/product\/dvoudilne-plavky-ulani\/\" \/>\n<meta property=\"og:site_name\" content=\"Beloved Label\" \/>\n<meta property=\"article:publisher\" content=\"https:\/\/www.facebook.com\/belovedlingerie\" \/>\n<meta property=\"article:modified_time\" content=\"2026-04-16T05:30:13+00:00\" \/>\n<meta property=\"og:image\" content=\"https:\/\/belovedlabel.com\/cz\/wp-content\/uploads\/2025\/04\/two-piece-twist-1.jpg\" \/>\n\t<meta property=\"og:image:width\" content=\"900\" \/>\n\t<meta property=\"og:image:height\" content=\"1350\" \/>\n\t<meta property=\"og:image:type\" content=\"image\/jpeg\" \/>\n<meta name=\"twitter:card\" content=\"summary_large_image\" \/>\n<script type=\"application\/ld+json\" class=\"yoast-schema-graph\">{\"@context\":\"https:\/\/schema.org\",\"@graph\":[{\"@type\":\"WebPage\",\"@id\":\"https:\/\/belovedlabel.com\/cz\/product\/dvoudilne-plavky-ulani\/\",\"url\":\"https:\/\/belovedlabel.com\/cz\/product\/dvoudilne-plavky-ulani\/\",\"name\":\"Dvoud\u00edln\u00e9 plavky ULANI - Beloved Label\",\"isPartOf\":{\"@id\":\"https:\/\/belovedlabel.com\/cz\/#website\"},\"primaryImageOfPage\":{\"@id\":\"https:\/\/belovedlabel.com\/cz\/product\/dvoudilne-plavky-ulani\/#primaryimage\"},\"image\":{\"@id\":\"https:\/\/belovedlabel.com\/cz\/product\/dvoudilne-plavky-ulani\/#primaryimage\"},\"thumbnailUrl\":\"https:\/\/belovedlabel.com\/cz\/wp-content\/uploads\/2025\/04\/two-piece-twist-1.jpg\",\"datePublished\":\"2025-04-26T11:19:01+00:00\",\"dateModified\":\"2026-04-16T05:30:13+00:00\",\"breadcrumb\":{\"@id\":\"https:\/\/belovedlabel.com\/cz\/product\/dvoudilne-plavky-ulani\/#breadcrumb\"},\"inLanguage\":\"cs\",\"potentialAction\":[{\"@type\":\"ReadAction\",\"target\":[\"https:\/\/belovedlabel.com\/cz\/product\/dvoudilne-plavky-ulani\/\"]}]},{\"@type\":\"ImageObject\",\"inLanguage\":\"cs\",\"@id\":\"https:\/\/belovedlabel.com\/cz\/product\/dvoudilne-plavky-ulani\/#primaryimage\",\"url\":\"https:\/\/belovedlabel.com\/cz\/wp-content\/uploads\/2025\/04\/two-piece-twist-1.jpg\",\"contentUrl\":\"https:\/\/belovedlabel.com\/cz\/wp-content\/uploads\/2025\/04\/two-piece-twist-1.jpg\",\"width\":900,\"height\":1350},{\"@type\":\"BreadcrumbList\",\"@id\":\"https:\/\/belovedlabel.com\/cz\/product\/dvoudilne-plavky-ulani\/#breadcrumb\",\"itemListElement\":[{\"@type\":\"ListItem\",\"position\":1,\"name\":\"Po\u010detna\",\"item\":\"https:\/\/belovedlabel.com\/cz\/\"},{\"@type\":\"ListItem\",\"position\":2,\"name\":\"Shop\",\"item\":\"https:\/\/belovedlabel.com\/cz\/shop\/\"},{\"@type\":\"ListItem\",\"position\":3,\"name\":\"Dvoud\u00edln\u00e9 plavky ULANI\"}]},{\"@type\":\"WebSite\",\"@id\":\"https:\/\/belovedlabel.com\/cz\/#website\",\"url\":\"https:\/\/belovedlabel.com\/cz\/\",\"name\":\"Beloved Lingerie\",\"description\":\"Your beloved store!\",\"publisher\":{\"@id\":\"https:\/\/belovedlabel.com\/cz\/#organization\"},\"potentialAction\":[{\"@type\":\"SearchAction\",\"target\":{\"@type\":\"EntryPoint\",\"urlTemplate\":\"https:\/\/belovedlabel.com\/cz\/?s={search_term_string}\"},\"query-input\":{\"@type\":\"PropertyValueSpecification\",\"valueRequired\":true,\"valueName\":\"search_term_string\"}}],\"inLanguage\":\"cs\"},{\"@type\":\"Organization\",\"@id\":\"https:\/\/belovedlabel.com\/cz\/#organization\",\"name\":\"Beloved Lingerie\",\"url\":\"https:\/\/belovedlabel.com\/cz\/\",\"logo\":{\"@type\":\"ImageObject\",\"inLanguage\":\"cs\",\"@id\":\"https:\/\/belovedlabel.com\/cz\/#\/schema\/logo\/image\/\",\"url\":\"https:\/\/belovedlabel.com\/cz\/wp-content\/uploads\/2025\/03\/beloved-logo.png\",\"contentUrl\":\"https:\/\/belovedlabel.com\/cz\/wp-content\/uploads\/2025\/03\/beloved-logo.png\",\"width\":1400,\"height\":544,\"caption\":\"Beloved Lingerie\"},\"image\":{\"@id\":\"https:\/\/belovedlabel.com\/cz\/#\/schema\/logo\/image\/\"},\"sameAs\":[\"https:\/\/www.facebook.com\/belovedlingerie\",\"https:\/\/www.instagram.com\/yourbelovedlingerie\/\",\"https:\/\/www.tiktok.com\/@belovedfashion\"]}]}<\/script>\n<!-- \/ Yoast SEO plugin. -->","yoast_head_json":{"title":"Dvoud\u00edln\u00e9 plavky ULANI - Beloved Label","robots":{"index":"index","follow":"follow","max-snippet":"max-snippet:-1","max-image-preview":"max-image-preview:large","max-video-preview":"max-video-preview:-1"},"canonical":"https:\/\/belovedlabel.com\/cz\/product\/dvoudilne-plavky-ulani\/","og_locale":"cs_CZ","og_type":"article","og_title":"Dvoud\u00edln\u00e9 plavky ULANI - Beloved Label","og_description":"M\u00f3dn\u00ed dvoud\u00edln\u00e9 plavky. Reli\u00e9fn\u00ed materi\u00e1l. Vycpan\u00e9 ko\u0161\u00ed\u010dky, kter\u00e9 lze podle pot\u0159eby vyjmout. Barva: \u010dernob\u00edl\u00e1. Slo\u017een\u00ed: 95% polyester, 5% elastan.","og_url":"https:\/\/belovedlabel.com\/cz\/product\/dvoudilne-plavky-ulani\/","og_site_name":"Beloved Label","article_publisher":"https:\/\/www.facebook.com\/belovedlingerie","article_modified_time":"2026-04-16T05:30:13+00:00","og_image":[{"width":900,"height":1350,"url":"https:\/\/belovedlabel.com\/cz\/wp-content\/uploads\/2025\/04\/two-piece-twist-1.jpg","type":"image\/jpeg"}],"twitter_card":"summary_large_image","schema":{"@context":"https:\/\/schema.org","@graph":[{"@type":"WebPage","@id":"https:\/\/belovedlabel.com\/cz\/product\/dvoudilne-plavky-ulani\/","url":"https:\/\/belovedlabel.com\/cz\/product\/dvoudilne-plavky-ulani\/","name":"Dvoud\u00edln\u00e9 plavky ULANI - Beloved Label","isPartOf":{"@id":"https:\/\/belovedlabel.com\/cz\/#website"},"primaryImageOfPage":{"@id":"https:\/\/belovedlabel.com\/cz\/product\/dvoudilne-plavky-ulani\/#primaryimage"},"image":{"@id":"https:\/\/belovedlabel.com\/cz\/product\/dvoudilne-plavky-ulani\/#primaryimage"},"thumbnailUrl":"https:\/\/belovedlabel.com\/cz\/wp-content\/uploads\/2025\/04\/two-piece-twist-1.jpg","datePublished":"2025-04-26T11:19:01+00:00","dateModified":"2026-04-16T05:30:13+00:00","breadcrumb":{"@id":"https:\/\/belovedlabel.com\/cz\/product\/dvoudilne-plavky-ulani\/#breadcrumb"},"inLanguage":"cs","potentialAction":[{"@type":"ReadAction","target":["https:\/\/belovedlabel.com\/cz\/product\/dvoudilne-plavky-ulani\/"]}]},{"@type":"ImageObject","inLanguage":"cs","@id":"https:\/\/belovedlabel.com\/cz\/product\/dvoudilne-plavky-ulani\/#primaryimage","url":"https:\/\/belovedlabel.com\/cz\/wp-content\/uploads\/2025\/04\/two-piece-twist-1.jpg","contentUrl":"https:\/\/belovedlabel.com\/cz\/wp-content\/uploads\/2025\/04\/two-piece-twist-1.jpg","width":900,"height":1350},{"@type":"BreadcrumbList","@id":"https:\/\/belovedlabel.com\/cz\/product\/dvoudilne-plavky-ulani\/#breadcrumb","itemListElement":[{"@type":"ListItem","position":1,"name":"Po\u010detna","item":"https:\/\/belovedlabel.com\/cz\/"},{"@type":"ListItem","position":2,"name":"Shop","item":"https:\/\/belovedlabel.com\/cz\/shop\/"},{"@type":"ListItem","position":3,"name":"Dvoud\u00edln\u00e9 plavky ULANI"}]},{"@type":"WebSite","@id":"https:\/\/belovedlabel.com\/cz\/#website","url":"https:\/\/belovedlabel.com\/cz\/","name":"Beloved Lingerie","description":"Your beloved store!","publisher":{"@id":"https:\/\/belovedlabel.com\/cz\/#organization"},"potentialAction":[{"@type":"SearchAction","target":{"@type":"EntryPoint","urlTemplate":"https:\/\/belovedlabel.com\/cz\/?s={search_term_string}"},"query-input":{"@type":"PropertyValueSpecification","valueRequired":true,"valueName":"search_term_string"}}],"inLanguage":"cs"},{"@type":"Organization","@id":"https:\/\/belovedlabel.com\/cz\/#organization","name":"Beloved Lingerie","url":"https:\/\/belovedlabel.com\/cz\/","logo":{"@type":"ImageObject","inLanguage":"cs","@id":"https:\/\/belovedlabel.com\/cz\/#\/schema\/logo\/image\/","url":"https:\/\/belovedlabel.com\/cz\/wp-content\/uploads\/2025\/03\/beloved-logo.png","contentUrl":"https:\/\/belovedlabel.com\/cz\/wp-content\/uploads\/2025\/03\/beloved-logo.png","width":1400,"height":544,"caption":"Beloved Lingerie"},"image":{"@id":"https:\/\/belovedlabel.com\/cz\/#\/schema\/logo\/image\/"},"sameAs":["https:\/\/www.facebook.com\/belovedlingerie","https:\/\/www.instagram.com\/yourbelovedlingerie\/","https:\/\/www.tiktok.com\/@belovedfashion"]}]}},"_links":{"self":[{"href":"https:\/\/belovedlabel.com\/cz\/wp-json\/wp\/v2\/product\/4962","targetHints":{"allow":["GET"]}}],"collection":[{"href":"https:\/\/belovedlabel.com\/cz\/wp-json\/wp\/v2\/product"}],"about":[{"href":"https:\/\/belovedlabel.com\/cz\/wp-json\/wp\/v2\/types\/product"}],"replies":[{"embeddable":true,"href":"https:\/\/belovedlabel.com\/cz\/wp-json\/wp\/v2\/comments?post=4962"}],"wp:featuredmedia":[{"embeddable":true,"href":"https:\/\/belovedlabel.com\/cz\/wp-json\/wp\/v2\/media\/4963"}],"wp:attachment":[{"href":"https:\/\/belovedlabel.com\/cz\/wp-json\/wp\/v2\/media?parent=4962"}],"wp:term":[{"taxonomy":"product_brand","embeddable":true,"href":"https:\/\/belovedlabel.com\/cz\/wp-json\/wp\/v2\/product_brand?post=4962"},{"taxonomy":"product_cat","embeddable":true,"href":"https:\/\/belovedlabel.com\/cz\/wp-json\/wp\/v2\/product_cat?post=4962"},{"taxonomy":"product_tag","embeddable":true,"href":"https:\/\/belovedlabel.com\/cz\/wp-json\/wp\/v2\/product_tag?post=4962"}],"curies":[{"name":"wp","href":"https:\/\/api.w.org\/{rel}","templated":true}]}}