{"id":4227,"date":"2025-04-26T13:02:57","date_gmt":"2025-04-26T11:02:57","guid":{"rendered":"https:\/\/belovedlabel.com\/cz\/product\/tridelne-kopalke-gloriosa-crne\/"},"modified":"2025-09-22T14:05:56","modified_gmt":"2025-09-22T12:05:56","slug":"tridilne-plavky-gloriosa-cerne","status":"publish","type":"product","link":"https:\/\/belovedlabel.com\/cz\/product\/tridilne-plavky-gloriosa-cerne\/","title":{"rendered":"T\u0159\u00edd\u00edln\u00e9 plavky GLORIOSA \u010dern\u00e9"},"content":{"rendered":"<ul>\n<li>Atraktivn\u00ed t\u0159\u00edd\u00edln\u00e9 plavky se sukn\u00ed.<\/li>\n<li>Vyztu\u017een\u00e9 ko\u0161\u00ed\u010dky.<\/li>\n<li>Univerz\u00e1ln\u00ed velikost, vhodn\u00e9 pro XS a\u017e M.<\/li>\n<li>Slo\u017een\u00ed: 87% polyamid, 13% elastan.<\/li>\n<\/ul>\n","protected":false},"excerpt":{"rendered":"<p>Atraktivn\u00ed t\u0159\u00edd\u00edln\u00e9 plavky se sukn\u00ed. Vyztu\u017een\u00e9 ko\u0161\u00ed\u010dky. Univerz\u00e1ln\u00ed velikost, vhodn\u00e9 pro XS a\u017e M. Slo\u017een\u00ed: 87% polyamid, 13% elastan.<\/p>\n","protected":false},"featured_media":4228,"comment_status":"closed","ping_status":"closed","template":"","meta":{"_acf_changed":false},"product_brand":[],"product_cat":[139,151],"product_tag":[],"class_list":{"0":"post-4227","1":"product","2":"type-product","3":"status-publish","4":"has-post-thumbnail","6":"product_cat-plavky","7":"product_cat-tridilne-plavky","8":"pa_barva-cerna","9":"pa_velikost-uni","11":"first","12":"instock","13":"taxable","14":"shipping-taxable","15":"purchasable","16":"product-type-variable"},"acf":[],"yoast_head":"<!-- This site is optimized with the Yoast SEO plugin v25.6 - https:\/\/yoast.com\/wordpress\/plugins\/seo\/ -->\n<title>T\u0159\u00edd\u00edln\u00e9 plavky GLORIOSA \u010dern\u00e9 - Beloved Label<\/title>\n<meta name=\"robots\" content=\"index, follow, max-snippet:-1, max-image-preview:large, max-video-preview:-1\" \/>\n<link rel=\"canonical\" href=\"https:\/\/belovedlabel.com\/cz\/product\/tridilne-plavky-gloriosa-cerne\/\" \/>\n<meta property=\"og:locale\" content=\"cs_CZ\" \/>\n<meta property=\"og:type\" content=\"article\" \/>\n<meta property=\"og:title\" content=\"T\u0159\u00edd\u00edln\u00e9 plavky GLORIOSA \u010dern\u00e9 - Beloved Label\" \/>\n<meta property=\"og:description\" content=\"Atraktivn\u00ed t\u0159\u00edd\u00edln\u00e9 plavky se sukn\u00ed. Vyztu\u017een\u00e9 ko\u0161\u00ed\u010dky. Univerz\u00e1ln\u00ed velikost, vhodn\u00e9 pro XS a\u017e M. Slo\u017een\u00ed: 87% polyamid, 13% elastan.\" \/>\n<meta property=\"og:url\" content=\"https:\/\/belovedlabel.com\/cz\/product\/tridilne-plavky-gloriosa-cerne\/\" \/>\n<meta property=\"og:site_name\" content=\"Beloved Label\" \/>\n<meta property=\"article:publisher\" content=\"https:\/\/www.facebook.com\/belovedlingerie\" \/>\n<meta property=\"article:modified_time\" content=\"2025-09-22T12:05:56+00:00\" \/>\n<meta property=\"og:image\" content=\"https:\/\/belovedlabel.com\/cz\/wp-content\/uploads\/2025\/04\/46CE1577-0FFE-4286-B43E-58B6BC32EC65.jpeg\" \/>\n\t<meta property=\"og:image:width\" content=\"1200\" \/>\n\t<meta property=\"og:image:height\" content=\"1600\" \/>\n\t<meta property=\"og:image:type\" content=\"image\/jpeg\" \/>\n<meta name=\"twitter:card\" content=\"summary_large_image\" \/>\n<script type=\"application\/ld+json\" class=\"yoast-schema-graph\">{\"@context\":\"https:\/\/schema.org\",\"@graph\":[{\"@type\":\"WebPage\",\"@id\":\"https:\/\/belovedlabel.com\/cz\/product\/tridilne-plavky-gloriosa-cerne\/\",\"url\":\"https:\/\/belovedlabel.com\/cz\/product\/tridilne-plavky-gloriosa-cerne\/\",\"name\":\"T\u0159\u00edd\u00edln\u00e9 plavky GLORIOSA \u010dern\u00e9 - Beloved Label\",\"isPartOf\":{\"@id\":\"https:\/\/belovedlabel.com\/cz\/#website\"},\"primaryImageOfPage\":{\"@id\":\"https:\/\/belovedlabel.com\/cz\/product\/tridilne-plavky-gloriosa-cerne\/#primaryimage\"},\"image\":{\"@id\":\"https:\/\/belovedlabel.com\/cz\/product\/tridilne-plavky-gloriosa-cerne\/#primaryimage\"},\"thumbnailUrl\":\"https:\/\/belovedlabel.com\/cz\/wp-content\/uploads\/2025\/04\/46CE1577-0FFE-4286-B43E-58B6BC32EC65.jpeg\",\"datePublished\":\"2025-04-26T11:02:57+00:00\",\"dateModified\":\"2025-09-22T12:05:56+00:00\",\"breadcrumb\":{\"@id\":\"https:\/\/belovedlabel.com\/cz\/product\/tridilne-plavky-gloriosa-cerne\/#breadcrumb\"},\"inLanguage\":\"cs\",\"potentialAction\":[{\"@type\":\"ReadAction\",\"target\":[\"https:\/\/belovedlabel.com\/cz\/product\/tridilne-plavky-gloriosa-cerne\/\"]}]},{\"@type\":\"ImageObject\",\"inLanguage\":\"cs\",\"@id\":\"https:\/\/belovedlabel.com\/cz\/product\/tridilne-plavky-gloriosa-cerne\/#primaryimage\",\"url\":\"https:\/\/belovedlabel.com\/cz\/wp-content\/uploads\/2025\/04\/46CE1577-0FFE-4286-B43E-58B6BC32EC65.jpeg\",\"contentUrl\":\"https:\/\/belovedlabel.com\/cz\/wp-content\/uploads\/2025\/04\/46CE1577-0FFE-4286-B43E-58B6BC32EC65.jpeg\",\"width\":1200,\"height\":1600},{\"@type\":\"BreadcrumbList\",\"@id\":\"https:\/\/belovedlabel.com\/cz\/product\/tridilne-plavky-gloriosa-cerne\/#breadcrumb\",\"itemListElement\":[{\"@type\":\"ListItem\",\"position\":1,\"name\":\"Po\u010detna\",\"item\":\"https:\/\/belovedlabel.com\/cz\/\"},{\"@type\":\"ListItem\",\"position\":2,\"name\":\"Shop\",\"item\":\"https:\/\/belovedlabel.com\/cz\/shop\/\"},{\"@type\":\"ListItem\",\"position\":3,\"name\":\"T\u0159\u00edd\u00edln\u00e9 plavky GLORIOSA \u010dern\u00e9\"}]},{\"@type\":\"WebSite\",\"@id\":\"https:\/\/belovedlabel.com\/cz\/#website\",\"url\":\"https:\/\/belovedlabel.com\/cz\/\",\"name\":\"Beloved Lingerie\",\"description\":\"Your beloved store!\",\"publisher\":{\"@id\":\"https:\/\/belovedlabel.com\/cz\/#organization\"},\"potentialAction\":[{\"@type\":\"SearchAction\",\"target\":{\"@type\":\"EntryPoint\",\"urlTemplate\":\"https:\/\/belovedlabel.com\/cz\/?s={search_term_string}\"},\"query-input\":{\"@type\":\"PropertyValueSpecification\",\"valueRequired\":true,\"valueName\":\"search_term_string\"}}],\"inLanguage\":\"cs\"},{\"@type\":\"Organization\",\"@id\":\"https:\/\/belovedlabel.com\/cz\/#organization\",\"name\":\"Beloved Lingerie\",\"url\":\"https:\/\/belovedlabel.com\/cz\/\",\"logo\":{\"@type\":\"ImageObject\",\"inLanguage\":\"cs\",\"@id\":\"https:\/\/belovedlabel.com\/cz\/#\/schema\/logo\/image\/\",\"url\":\"https:\/\/belovedlabel.com\/cz\/wp-content\/uploads\/2025\/03\/beloved-logo.png\",\"contentUrl\":\"https:\/\/belovedlabel.com\/cz\/wp-content\/uploads\/2025\/03\/beloved-logo.png\",\"width\":1400,\"height\":544,\"caption\":\"Beloved Lingerie\"},\"image\":{\"@id\":\"https:\/\/belovedlabel.com\/cz\/#\/schema\/logo\/image\/\"},\"sameAs\":[\"https:\/\/www.facebook.com\/belovedlingerie\",\"https:\/\/www.instagram.com\/yourbelovedlingerie\/\",\"https:\/\/www.tiktok.com\/@belovedfashion\"]}]}<\/script>\n<!-- \/ Yoast SEO plugin. -->","yoast_head_json":{"title":"T\u0159\u00edd\u00edln\u00e9 plavky GLORIOSA \u010dern\u00e9 - Beloved Label","robots":{"index":"index","follow":"follow","max-snippet":"max-snippet:-1","max-image-preview":"max-image-preview:large","max-video-preview":"max-video-preview:-1"},"canonical":"https:\/\/belovedlabel.com\/cz\/product\/tridilne-plavky-gloriosa-cerne\/","og_locale":"cs_CZ","og_type":"article","og_title":"T\u0159\u00edd\u00edln\u00e9 plavky GLORIOSA \u010dern\u00e9 - Beloved Label","og_description":"Atraktivn\u00ed t\u0159\u00edd\u00edln\u00e9 plavky se sukn\u00ed. Vyztu\u017een\u00e9 ko\u0161\u00ed\u010dky. Univerz\u00e1ln\u00ed velikost, vhodn\u00e9 pro XS a\u017e M. Slo\u017een\u00ed: 87% polyamid, 13% elastan.","og_url":"https:\/\/belovedlabel.com\/cz\/product\/tridilne-plavky-gloriosa-cerne\/","og_site_name":"Beloved Label","article_publisher":"https:\/\/www.facebook.com\/belovedlingerie","article_modified_time":"2025-09-22T12:05:56+00:00","og_image":[{"width":1200,"height":1600,"url":"https:\/\/belovedlabel.com\/cz\/wp-content\/uploads\/2025\/04\/46CE1577-0FFE-4286-B43E-58B6BC32EC65.jpeg","type":"image\/jpeg"}],"twitter_card":"summary_large_image","schema":{"@context":"https:\/\/schema.org","@graph":[{"@type":"WebPage","@id":"https:\/\/belovedlabel.com\/cz\/product\/tridilne-plavky-gloriosa-cerne\/","url":"https:\/\/belovedlabel.com\/cz\/product\/tridilne-plavky-gloriosa-cerne\/","name":"T\u0159\u00edd\u00edln\u00e9 plavky GLORIOSA \u010dern\u00e9 - Beloved Label","isPartOf":{"@id":"https:\/\/belovedlabel.com\/cz\/#website"},"primaryImageOfPage":{"@id":"https:\/\/belovedlabel.com\/cz\/product\/tridilne-plavky-gloriosa-cerne\/#primaryimage"},"image":{"@id":"https:\/\/belovedlabel.com\/cz\/product\/tridilne-plavky-gloriosa-cerne\/#primaryimage"},"thumbnailUrl":"https:\/\/belovedlabel.com\/cz\/wp-content\/uploads\/2025\/04\/46CE1577-0FFE-4286-B43E-58B6BC32EC65.jpeg","datePublished":"2025-04-26T11:02:57+00:00","dateModified":"2025-09-22T12:05:56+00:00","breadcrumb":{"@id":"https:\/\/belovedlabel.com\/cz\/product\/tridilne-plavky-gloriosa-cerne\/#breadcrumb"},"inLanguage":"cs","potentialAction":[{"@type":"ReadAction","target":["https:\/\/belovedlabel.com\/cz\/product\/tridilne-plavky-gloriosa-cerne\/"]}]},{"@type":"ImageObject","inLanguage":"cs","@id":"https:\/\/belovedlabel.com\/cz\/product\/tridilne-plavky-gloriosa-cerne\/#primaryimage","url":"https:\/\/belovedlabel.com\/cz\/wp-content\/uploads\/2025\/04\/46CE1577-0FFE-4286-B43E-58B6BC32EC65.jpeg","contentUrl":"https:\/\/belovedlabel.com\/cz\/wp-content\/uploads\/2025\/04\/46CE1577-0FFE-4286-B43E-58B6BC32EC65.jpeg","width":1200,"height":1600},{"@type":"BreadcrumbList","@id":"https:\/\/belovedlabel.com\/cz\/product\/tridilne-plavky-gloriosa-cerne\/#breadcrumb","itemListElement":[{"@type":"ListItem","position":1,"name":"Po\u010detna","item":"https:\/\/belovedlabel.com\/cz\/"},{"@type":"ListItem","position":2,"name":"Shop","item":"https:\/\/belovedlabel.com\/cz\/shop\/"},{"@type":"ListItem","position":3,"name":"T\u0159\u00edd\u00edln\u00e9 plavky GLORIOSA \u010dern\u00e9"}]},{"@type":"WebSite","@id":"https:\/\/belovedlabel.com\/cz\/#website","url":"https:\/\/belovedlabel.com\/cz\/","name":"Beloved Lingerie","description":"Your beloved store!","publisher":{"@id":"https:\/\/belovedlabel.com\/cz\/#organization"},"potentialAction":[{"@type":"SearchAction","target":{"@type":"EntryPoint","urlTemplate":"https:\/\/belovedlabel.com\/cz\/?s={search_term_string}"},"query-input":{"@type":"PropertyValueSpecification","valueRequired":true,"valueName":"search_term_string"}}],"inLanguage":"cs"},{"@type":"Organization","@id":"https:\/\/belovedlabel.com\/cz\/#organization","name":"Beloved Lingerie","url":"https:\/\/belovedlabel.com\/cz\/","logo":{"@type":"ImageObject","inLanguage":"cs","@id":"https:\/\/belovedlabel.com\/cz\/#\/schema\/logo\/image\/","url":"https:\/\/belovedlabel.com\/cz\/wp-content\/uploads\/2025\/03\/beloved-logo.png","contentUrl":"https:\/\/belovedlabel.com\/cz\/wp-content\/uploads\/2025\/03\/beloved-logo.png","width":1400,"height":544,"caption":"Beloved Lingerie"},"image":{"@id":"https:\/\/belovedlabel.com\/cz\/#\/schema\/logo\/image\/"},"sameAs":["https:\/\/www.facebook.com\/belovedlingerie","https:\/\/www.instagram.com\/yourbelovedlingerie\/","https:\/\/www.tiktok.com\/@belovedfashion"]}]}},"_links":{"self":[{"href":"https:\/\/belovedlabel.com\/cz\/wp-json\/wp\/v2\/product\/4227","targetHints":{"allow":["GET"]}}],"collection":[{"href":"https:\/\/belovedlabel.com\/cz\/wp-json\/wp\/v2\/product"}],"about":[{"href":"https:\/\/belovedlabel.com\/cz\/wp-json\/wp\/v2\/types\/product"}],"replies":[{"embeddable":true,"href":"https:\/\/belovedlabel.com\/cz\/wp-json\/wp\/v2\/comments?post=4227"}],"wp:featuredmedia":[{"embeddable":true,"href":"https:\/\/belovedlabel.com\/cz\/wp-json\/wp\/v2\/media\/4228"}],"wp:attachment":[{"href":"https:\/\/belovedlabel.com\/cz\/wp-json\/wp\/v2\/media?parent=4227"}],"wp:term":[{"taxonomy":"product_brand","embeddable":true,"href":"https:\/\/belovedlabel.com\/cz\/wp-json\/wp\/v2\/product_brand?post=4227"},{"taxonomy":"product_cat","embeddable":true,"href":"https:\/\/belovedlabel.com\/cz\/wp-json\/wp\/v2\/product_cat?post=4227"},{"taxonomy":"product_tag","embeddable":true,"href":"https:\/\/belovedlabel.com\/cz\/wp-json\/wp\/v2\/product_tag?post=4227"}],"curies":[{"name":"wp","href":"https:\/\/api.w.org\/{rel}","templated":true}]}}