{"id":2822,"date":"2025-04-26T12:37:58","date_gmt":"2025-04-26T10:37:58","guid":{"rendered":"https:\/\/belovedlabel.com\/cz\/product\/dvodelne-kopalke-pina-colada\/"},"modified":"2025-10-24T12:43:37","modified_gmt":"2025-10-24T10:43:37","slug":"dvoudilne-plavky-pina-colada","status":"publish","type":"product","link":"https:\/\/belovedlabel.com\/cz\/product\/dvoudilne-plavky-pina-colada\/","title":{"rendered":"Dvoud\u00edln\u00e9 plavky PI\u00d1A COLADA"},"content":{"rendered":"<ul>\n<li>Barevn\u00e9 dvoud\u00edln\u00e9 plavky s ma\u0161l\u00ed.<\/li>\n<li>Vyztu\u017een\u00e9 ko\u0161\u00ed\u010dky.<\/li>\n<li>Nastaviteln\u00e9 ram\u00ednka.<\/li>\n<li>Regulace zavazov\u00e1n\u00edm.<\/li>\n<li>Slo\u017een\u00ed: 80% nylon, 20% spandex.<\/li>\n<\/ul>\n","protected":false},"excerpt":{"rendered":"<p>Barevn\u00e9 dvoud\u00edln\u00e9 plavky s ma\u0161l\u00ed. Vyztu\u017een\u00e9 ko\u0161\u00ed\u010dky. Nastaviteln\u00e9 ram\u00ednka. Regulace zavazov\u00e1n\u00edm. Slo\u017een\u00ed: 80% nylon, 20% spandex.<\/p>\n","protected":false},"featured_media":2823,"comment_status":"closed","ping_status":"closed","template":"","meta":{"_acf_changed":false},"product_brand":[],"product_cat":[140,139],"product_tag":[],"class_list":{"0":"post-2822","1":"product","2":"type-product","3":"status-publish","4":"has-post-thumbnail","6":"product_cat-dvoudilne-plavky","7":"product_cat-plavky","8":"pa_barva-bila","9":"pa_barva-vicebarevna","10":"pa_velikost-s","11":"pa_velikost-m","12":"pa_velikost-l","13":"pa_velikost-xl","15":"first","16":"instock","17":"taxable","18":"shipping-taxable","19":"purchasable","20":"product-type-variable"},"acf":[],"yoast_head":"<!-- This site is optimized with the Yoast SEO plugin v25.6 - https:\/\/yoast.com\/wordpress\/plugins\/seo\/ -->\n<title>Dvoud\u00edln\u00e9 plavky PI\u00d1A COLADA - Beloved Label<\/title>\n<meta name=\"robots\" content=\"index, follow, max-snippet:-1, max-image-preview:large, max-video-preview:-1\" \/>\n<link rel=\"canonical\" href=\"https:\/\/belovedlabel.com\/cz\/product\/dvoudilne-plavky-pina-colada\/\" \/>\n<meta property=\"og:locale\" content=\"cs_CZ\" \/>\n<meta property=\"og:type\" content=\"article\" \/>\n<meta property=\"og:title\" content=\"Dvoud\u00edln\u00e9 plavky PI\u00d1A COLADA - Beloved Label\" \/>\n<meta property=\"og:description\" content=\"Barevn\u00e9 dvoud\u00edln\u00e9 plavky s ma\u0161l\u00ed. Vyztu\u017een\u00e9 ko\u0161\u00ed\u010dky. Nastaviteln\u00e9 ram\u00ednka. Regulace zavazov\u00e1n\u00edm. Slo\u017een\u00ed: 80% nylon, 20% spandex.\" \/>\n<meta property=\"og:url\" content=\"https:\/\/belovedlabel.com\/cz\/product\/dvoudilne-plavky-pina-colada\/\" \/>\n<meta property=\"og:site_name\" content=\"Beloved Label\" \/>\n<meta property=\"article:publisher\" content=\"https:\/\/www.facebook.com\/belovedlingerie\" \/>\n<meta property=\"article:modified_time\" content=\"2025-10-24T10:43:37+00:00\" \/>\n<meta property=\"og:image\" content=\"https:\/\/belovedlabel.com\/cz\/wp-content\/uploads\/2025\/04\/BA003370-0.jpg\" \/>\n\t<meta property=\"og:image:width\" content=\"899\" \/>\n\t<meta property=\"og:image:height\" content=\"1350\" \/>\n\t<meta property=\"og:image:type\" content=\"image\/jpeg\" \/>\n<meta name=\"twitter:card\" content=\"summary_large_image\" \/>\n<script type=\"application\/ld+json\" class=\"yoast-schema-graph\">{\"@context\":\"https:\/\/schema.org\",\"@graph\":[{\"@type\":\"WebPage\",\"@id\":\"https:\/\/belovedlabel.com\/cz\/product\/dvoudilne-plavky-pina-colada\/\",\"url\":\"https:\/\/belovedlabel.com\/cz\/product\/dvoudilne-plavky-pina-colada\/\",\"name\":\"Dvoud\u00edln\u00e9 plavky PI\u00d1A COLADA - Beloved Label\",\"isPartOf\":{\"@id\":\"https:\/\/belovedlabel.com\/cz\/#website\"},\"primaryImageOfPage\":{\"@id\":\"https:\/\/belovedlabel.com\/cz\/product\/dvoudilne-plavky-pina-colada\/#primaryimage\"},\"image\":{\"@id\":\"https:\/\/belovedlabel.com\/cz\/product\/dvoudilne-plavky-pina-colada\/#primaryimage\"},\"thumbnailUrl\":\"https:\/\/belovedlabel.com\/cz\/wp-content\/uploads\/2025\/04\/BA003370-0.jpg\",\"datePublished\":\"2025-04-26T10:37:58+00:00\",\"dateModified\":\"2025-10-24T10:43:37+00:00\",\"breadcrumb\":{\"@id\":\"https:\/\/belovedlabel.com\/cz\/product\/dvoudilne-plavky-pina-colada\/#breadcrumb\"},\"inLanguage\":\"cs\",\"potentialAction\":[{\"@type\":\"ReadAction\",\"target\":[\"https:\/\/belovedlabel.com\/cz\/product\/dvoudilne-plavky-pina-colada\/\"]}]},{\"@type\":\"ImageObject\",\"inLanguage\":\"cs\",\"@id\":\"https:\/\/belovedlabel.com\/cz\/product\/dvoudilne-plavky-pina-colada\/#primaryimage\",\"url\":\"https:\/\/belovedlabel.com\/cz\/wp-content\/uploads\/2025\/04\/BA003370-0.jpg\",\"contentUrl\":\"https:\/\/belovedlabel.com\/cz\/wp-content\/uploads\/2025\/04\/BA003370-0.jpg\",\"width\":899,\"height\":1350},{\"@type\":\"BreadcrumbList\",\"@id\":\"https:\/\/belovedlabel.com\/cz\/product\/dvoudilne-plavky-pina-colada\/#breadcrumb\",\"itemListElement\":[{\"@type\":\"ListItem\",\"position\":1,\"name\":\"Po\u010detna\",\"item\":\"https:\/\/belovedlabel.com\/cz\/\"},{\"@type\":\"ListItem\",\"position\":2,\"name\":\"Shop\",\"item\":\"https:\/\/belovedlabel.com\/cz\/shop\/\"},{\"@type\":\"ListItem\",\"position\":3,\"name\":\"Dvoud\u00edln\u00e9 plavky PI\u00d1A COLADA\"}]},{\"@type\":\"WebSite\",\"@id\":\"https:\/\/belovedlabel.com\/cz\/#website\",\"url\":\"https:\/\/belovedlabel.com\/cz\/\",\"name\":\"Beloved Lingerie\",\"description\":\"Your beloved store!\",\"publisher\":{\"@id\":\"https:\/\/belovedlabel.com\/cz\/#organization\"},\"potentialAction\":[{\"@type\":\"SearchAction\",\"target\":{\"@type\":\"EntryPoint\",\"urlTemplate\":\"https:\/\/belovedlabel.com\/cz\/?s={search_term_string}\"},\"query-input\":{\"@type\":\"PropertyValueSpecification\",\"valueRequired\":true,\"valueName\":\"search_term_string\"}}],\"inLanguage\":\"cs\"},{\"@type\":\"Organization\",\"@id\":\"https:\/\/belovedlabel.com\/cz\/#organization\",\"name\":\"Beloved Lingerie\",\"url\":\"https:\/\/belovedlabel.com\/cz\/\",\"logo\":{\"@type\":\"ImageObject\",\"inLanguage\":\"cs\",\"@id\":\"https:\/\/belovedlabel.com\/cz\/#\/schema\/logo\/image\/\",\"url\":\"https:\/\/belovedlabel.com\/cz\/wp-content\/uploads\/2025\/03\/beloved-logo.png\",\"contentUrl\":\"https:\/\/belovedlabel.com\/cz\/wp-content\/uploads\/2025\/03\/beloved-logo.png\",\"width\":1400,\"height\":544,\"caption\":\"Beloved Lingerie\"},\"image\":{\"@id\":\"https:\/\/belovedlabel.com\/cz\/#\/schema\/logo\/image\/\"},\"sameAs\":[\"https:\/\/www.facebook.com\/belovedlingerie\",\"https:\/\/www.instagram.com\/yourbelovedlingerie\/\",\"https:\/\/www.tiktok.com\/@belovedfashion\"]}]}<\/script>\n<!-- \/ Yoast SEO plugin. -->","yoast_head_json":{"title":"Dvoud\u00edln\u00e9 plavky PI\u00d1A COLADA - Beloved Label","robots":{"index":"index","follow":"follow","max-snippet":"max-snippet:-1","max-image-preview":"max-image-preview:large","max-video-preview":"max-video-preview:-1"},"canonical":"https:\/\/belovedlabel.com\/cz\/product\/dvoudilne-plavky-pina-colada\/","og_locale":"cs_CZ","og_type":"article","og_title":"Dvoud\u00edln\u00e9 plavky PI\u00d1A COLADA - Beloved Label","og_description":"Barevn\u00e9 dvoud\u00edln\u00e9 plavky s ma\u0161l\u00ed. Vyztu\u017een\u00e9 ko\u0161\u00ed\u010dky. Nastaviteln\u00e9 ram\u00ednka. Regulace zavazov\u00e1n\u00edm. Slo\u017een\u00ed: 80% nylon, 20% spandex.","og_url":"https:\/\/belovedlabel.com\/cz\/product\/dvoudilne-plavky-pina-colada\/","og_site_name":"Beloved Label","article_publisher":"https:\/\/www.facebook.com\/belovedlingerie","article_modified_time":"2025-10-24T10:43:37+00:00","og_image":[{"width":899,"height":1350,"url":"https:\/\/belovedlabel.com\/cz\/wp-content\/uploads\/2025\/04\/BA003370-0.jpg","type":"image\/jpeg"}],"twitter_card":"summary_large_image","schema":{"@context":"https:\/\/schema.org","@graph":[{"@type":"WebPage","@id":"https:\/\/belovedlabel.com\/cz\/product\/dvoudilne-plavky-pina-colada\/","url":"https:\/\/belovedlabel.com\/cz\/product\/dvoudilne-plavky-pina-colada\/","name":"Dvoud\u00edln\u00e9 plavky PI\u00d1A COLADA - Beloved Label","isPartOf":{"@id":"https:\/\/belovedlabel.com\/cz\/#website"},"primaryImageOfPage":{"@id":"https:\/\/belovedlabel.com\/cz\/product\/dvoudilne-plavky-pina-colada\/#primaryimage"},"image":{"@id":"https:\/\/belovedlabel.com\/cz\/product\/dvoudilne-plavky-pina-colada\/#primaryimage"},"thumbnailUrl":"https:\/\/belovedlabel.com\/cz\/wp-content\/uploads\/2025\/04\/BA003370-0.jpg","datePublished":"2025-04-26T10:37:58+00:00","dateModified":"2025-10-24T10:43:37+00:00","breadcrumb":{"@id":"https:\/\/belovedlabel.com\/cz\/product\/dvoudilne-plavky-pina-colada\/#breadcrumb"},"inLanguage":"cs","potentialAction":[{"@type":"ReadAction","target":["https:\/\/belovedlabel.com\/cz\/product\/dvoudilne-plavky-pina-colada\/"]}]},{"@type":"ImageObject","inLanguage":"cs","@id":"https:\/\/belovedlabel.com\/cz\/product\/dvoudilne-plavky-pina-colada\/#primaryimage","url":"https:\/\/belovedlabel.com\/cz\/wp-content\/uploads\/2025\/04\/BA003370-0.jpg","contentUrl":"https:\/\/belovedlabel.com\/cz\/wp-content\/uploads\/2025\/04\/BA003370-0.jpg","width":899,"height":1350},{"@type":"BreadcrumbList","@id":"https:\/\/belovedlabel.com\/cz\/product\/dvoudilne-plavky-pina-colada\/#breadcrumb","itemListElement":[{"@type":"ListItem","position":1,"name":"Po\u010detna","item":"https:\/\/belovedlabel.com\/cz\/"},{"@type":"ListItem","position":2,"name":"Shop","item":"https:\/\/belovedlabel.com\/cz\/shop\/"},{"@type":"ListItem","position":3,"name":"Dvoud\u00edln\u00e9 plavky PI\u00d1A COLADA"}]},{"@type":"WebSite","@id":"https:\/\/belovedlabel.com\/cz\/#website","url":"https:\/\/belovedlabel.com\/cz\/","name":"Beloved Lingerie","description":"Your beloved store!","publisher":{"@id":"https:\/\/belovedlabel.com\/cz\/#organization"},"potentialAction":[{"@type":"SearchAction","target":{"@type":"EntryPoint","urlTemplate":"https:\/\/belovedlabel.com\/cz\/?s={search_term_string}"},"query-input":{"@type":"PropertyValueSpecification","valueRequired":true,"valueName":"search_term_string"}}],"inLanguage":"cs"},{"@type":"Organization","@id":"https:\/\/belovedlabel.com\/cz\/#organization","name":"Beloved Lingerie","url":"https:\/\/belovedlabel.com\/cz\/","logo":{"@type":"ImageObject","inLanguage":"cs","@id":"https:\/\/belovedlabel.com\/cz\/#\/schema\/logo\/image\/","url":"https:\/\/belovedlabel.com\/cz\/wp-content\/uploads\/2025\/03\/beloved-logo.png","contentUrl":"https:\/\/belovedlabel.com\/cz\/wp-content\/uploads\/2025\/03\/beloved-logo.png","width":1400,"height":544,"caption":"Beloved Lingerie"},"image":{"@id":"https:\/\/belovedlabel.com\/cz\/#\/schema\/logo\/image\/"},"sameAs":["https:\/\/www.facebook.com\/belovedlingerie","https:\/\/www.instagram.com\/yourbelovedlingerie\/","https:\/\/www.tiktok.com\/@belovedfashion"]}]}},"_links":{"self":[{"href":"https:\/\/belovedlabel.com\/cz\/wp-json\/wp\/v2\/product\/2822","targetHints":{"allow":["GET"]}}],"collection":[{"href":"https:\/\/belovedlabel.com\/cz\/wp-json\/wp\/v2\/product"}],"about":[{"href":"https:\/\/belovedlabel.com\/cz\/wp-json\/wp\/v2\/types\/product"}],"replies":[{"embeddable":true,"href":"https:\/\/belovedlabel.com\/cz\/wp-json\/wp\/v2\/comments?post=2822"}],"wp:featuredmedia":[{"embeddable":true,"href":"https:\/\/belovedlabel.com\/cz\/wp-json\/wp\/v2\/media\/2823"}],"wp:attachment":[{"href":"https:\/\/belovedlabel.com\/cz\/wp-json\/wp\/v2\/media?parent=2822"}],"wp:term":[{"taxonomy":"product_brand","embeddable":true,"href":"https:\/\/belovedlabel.com\/cz\/wp-json\/wp\/v2\/product_brand?post=2822"},{"taxonomy":"product_cat","embeddable":true,"href":"https:\/\/belovedlabel.com\/cz\/wp-json\/wp\/v2\/product_cat?post=2822"},{"taxonomy":"product_tag","embeddable":true,"href":"https:\/\/belovedlabel.com\/cz\/wp-json\/wp\/v2\/product_tag?post=2822"}],"curies":[{"name":"wp","href":"https:\/\/api.w.org\/{rel}","templated":true}]}}