{"id":1924,"date":"2024-09-17T07:30:52","date_gmt":"2024-09-17T07:30:52","guid":{"rendered":"https:\/\/belovedlabel.com\/cz\/product\/shapewear-gacice-peach-bez\/"},"modified":"2026-04-13T20:16:29","modified_gmt":"2026-04-13T18:16:29","slug":"shapewear-kalhotky-peach-bezove","status":"publish","type":"product","link":"https:\/\/belovedlabel.com\/cz\/product\/shapewear-kalhotky-peach-bezove\/","title":{"rendered":"Shapewear kalhotky PEACH b\u00e9\u017eov\u00e9"},"content":{"rendered":"<ul>\n<li class=\"uspikona\">Mimo\u0159\u00e1dn\u011b m\u011bkk\u00fd materi\u00e1l, p\u0159\u00edjemn\u00fd na dotek<\/li>\n<li class=\"uspikona\">Mimo\u0159\u00e1dn\u011b pru\u017en\u00fd a velmi odoln\u00fd materi\u00e1l<\/li>\n<li class=\"uspikona\">Vysok\u00fd pas<\/li>\n<li class=\"uspikona\">Tvaruje b\u0159icho a pas.<\/li>\n<li>Barva: b\u00e9\u017eov\u00e1.<\/li>\n<li>Typ kalhotek: brazilky.<\/li>\n<li class=\"uspikona\">C\u00edlen\u00e1 komprese pro \u0161t\u00edhlou \u017eenskou siluetu.<\/li>\n<li>Modelka nos\u00ed konfek\u010dn\u00ed velikost S.<\/li>\n<li>Barvy spodn\u00edho pr\u00e1dla na obr\u00e1zc\u00edch se mohou m\u00edrn\u011b li\u0161it od skute\u010dn\u00fdch barev, kv\u016fli nastaven\u00ed telefonu nebo po\u010d\u00edta\u010de.<\/li>\n<li>Slo\u017een\u00ed: 90% polyester, 10% elastan.<\/li>\n<\/ul>\n","protected":false},"excerpt":{"rendered":"<p>Mimo\u0159\u00e1dn\u011b m\u011bkk\u00fd materi\u00e1l, p\u0159\u00edjemn\u00fd na dotek Mimo\u0159\u00e1dn\u011b pru\u017en\u00fd a velmi odoln\u00fd materi\u00e1l Vysok\u00fd pas Tvaruje b\u0159icho a pas. Barva: b\u00e9\u017eov\u00e1. Typ kalhotek: brazilky. C\u00edlen\u00e1 komprese pro \u0161t\u00edhlou \u017eenskou siluetu. Modelka nos\u00ed konfek\u010dn\u00ed velikost S. Barvy spodn\u00edho pr\u00e1dla na obr\u00e1zc\u00edch se mohou m\u00edrn\u011b li\u0161it od skute\u010dn\u00fdch barev, kv\u016fli nastaven\u00ed telefonu nebo po\u010d\u00edta\u010de. Slo\u017een\u00ed: 90% polyester, 10% [&#8230;]\n","protected":false},"featured_media":1925,"comment_status":"closed","ping_status":"closed","template":"","meta":{"_acf_changed":false},"product_brand":[],"product_cat":[66,70],"product_tag":[],"class_list":{"0":"post-1924","1":"product","2":"type-product","3":"status-publish","4":"has-post-thumbnail","6":"product_cat-pradlo-na-tvarovani-postavy","7":"product_cat-do-6xl","8":"pa_barva-bezova","9":"pa_velikost-s","10":"pa_velikost-m","11":"pa_velikost-l","12":"pa_velikost-xl","13":"pa_velikost-xxl","14":"pa_velikost-3xl","15":"pa_velikost-4xl","16":"pa_velikost-5xl","17":"pa_velikost-6xl","19":"first","20":"instock","21":"taxable","22":"shipping-taxable","23":"purchasable","24":"product-type-variable"},"acf":[],"yoast_head":"<!-- This site is optimized with the Yoast SEO plugin v25.6 - https:\/\/yoast.com\/wordpress\/plugins\/seo\/ -->\n<title>Shapewear kalhotky PEACH b\u00e9\u017eov\u00e9 - Beloved Label<\/title>\n<meta name=\"robots\" content=\"index, follow, max-snippet:-1, max-image-preview:large, max-video-preview:-1\" \/>\n<link rel=\"canonical\" href=\"https:\/\/belovedlabel.com\/cz\/product\/shapewear-kalhotky-peach-bezove\/\" \/>\n<meta property=\"og:locale\" content=\"cs_CZ\" \/>\n<meta property=\"og:type\" content=\"article\" \/>\n<meta property=\"og:title\" content=\"Shapewear kalhotky PEACH b\u00e9\u017eov\u00e9 - Beloved Label\" \/>\n<meta property=\"og:description\" content=\"Mimo\u0159\u00e1dn\u011b m\u011bkk\u00fd materi\u00e1l, p\u0159\u00edjemn\u00fd na dotek Mimo\u0159\u00e1dn\u011b pru\u017en\u00fd a velmi odoln\u00fd materi\u00e1l Vysok\u00fd pas Tvaruje b\u0159icho a pas. Barva: b\u00e9\u017eov\u00e1. Typ kalhotek: brazilky. C\u00edlen\u00e1 komprese pro \u0161t\u00edhlou \u017eenskou siluetu. Modelka nos\u00ed konfek\u010dn\u00ed velikost S. Barvy spodn\u00edho pr\u00e1dla na obr\u00e1zc\u00edch se mohou m\u00edrn\u011b li\u0161it od skute\u010dn\u00fdch barev, kv\u016fli nastaven\u00ed telefonu nebo po\u010d\u00edta\u010de. Slo\u017een\u00ed: 90% polyester, 10% [...]\" \/>\n<meta property=\"og:url\" content=\"https:\/\/belovedlabel.com\/cz\/product\/shapewear-kalhotky-peach-bezove\/\" \/>\n<meta property=\"og:site_name\" content=\"Beloved Label\" \/>\n<meta property=\"article:publisher\" content=\"https:\/\/www.facebook.com\/belovedlingerie\" \/>\n<meta property=\"article:modified_time\" content=\"2026-04-13T18:16:29+00:00\" \/>\n<meta property=\"og:image\" content=\"https:\/\/belovedlabel.com\/cz\/wp-content\/uploads\/2025\/03\/Shapewear-hlacke-PEACH-7.jpg\" \/>\n\t<meta property=\"og:image:width\" content=\"900\" \/>\n\t<meta property=\"og:image:height\" content=\"1349\" \/>\n\t<meta property=\"og:image:type\" content=\"image\/jpeg\" \/>\n<meta name=\"twitter:card\" content=\"summary_large_image\" \/>\n<meta name=\"twitter:label1\" content=\"Odhadovan\u00e1 doba \u010dten\u00ed\" \/>\n\t<meta name=\"twitter:data1\" content=\"1 minuta\" \/>\n<script type=\"application\/ld+json\" class=\"yoast-schema-graph\">{\"@context\":\"https:\/\/schema.org\",\"@graph\":[{\"@type\":\"WebPage\",\"@id\":\"https:\/\/belovedlabel.com\/cz\/product\/shapewear-kalhotky-peach-bezove\/\",\"url\":\"https:\/\/belovedlabel.com\/cz\/product\/shapewear-kalhotky-peach-bezove\/\",\"name\":\"Shapewear kalhotky PEACH b\u00e9\u017eov\u00e9 - Beloved Label\",\"isPartOf\":{\"@id\":\"https:\/\/belovedlabel.com\/cz\/#website\"},\"primaryImageOfPage\":{\"@id\":\"https:\/\/belovedlabel.com\/cz\/product\/shapewear-kalhotky-peach-bezove\/#primaryimage\"},\"image\":{\"@id\":\"https:\/\/belovedlabel.com\/cz\/product\/shapewear-kalhotky-peach-bezove\/#primaryimage\"},\"thumbnailUrl\":\"https:\/\/belovedlabel.com\/cz\/wp-content\/uploads\/2025\/03\/Shapewear-hlacke-PEACH-7.jpg\",\"datePublished\":\"2024-09-17T07:30:52+00:00\",\"dateModified\":\"2026-04-13T18:16:29+00:00\",\"breadcrumb\":{\"@id\":\"https:\/\/belovedlabel.com\/cz\/product\/shapewear-kalhotky-peach-bezove\/#breadcrumb\"},\"inLanguage\":\"cs\",\"potentialAction\":[{\"@type\":\"ReadAction\",\"target\":[\"https:\/\/belovedlabel.com\/cz\/product\/shapewear-kalhotky-peach-bezove\/\"]}]},{\"@type\":\"ImageObject\",\"inLanguage\":\"cs\",\"@id\":\"https:\/\/belovedlabel.com\/cz\/product\/shapewear-kalhotky-peach-bezove\/#primaryimage\",\"url\":\"https:\/\/belovedlabel.com\/cz\/wp-content\/uploads\/2025\/03\/Shapewear-hlacke-PEACH-7.jpg\",\"contentUrl\":\"https:\/\/belovedlabel.com\/cz\/wp-content\/uploads\/2025\/03\/Shapewear-hlacke-PEACH-7.jpg\",\"width\":900,\"height\":1349},{\"@type\":\"BreadcrumbList\",\"@id\":\"https:\/\/belovedlabel.com\/cz\/product\/shapewear-kalhotky-peach-bezove\/#breadcrumb\",\"itemListElement\":[{\"@type\":\"ListItem\",\"position\":1,\"name\":\"Po\u010detna\",\"item\":\"https:\/\/belovedlabel.com\/cz\/\"},{\"@type\":\"ListItem\",\"position\":2,\"name\":\"Shop\",\"item\":\"https:\/\/belovedlabel.com\/cz\/shop\/\"},{\"@type\":\"ListItem\",\"position\":3,\"name\":\"Shapewear kalhotky PEACH b\u00e9\u017eov\u00e9\"}]},{\"@type\":\"WebSite\",\"@id\":\"https:\/\/belovedlabel.com\/cz\/#website\",\"url\":\"https:\/\/belovedlabel.com\/cz\/\",\"name\":\"Beloved Lingerie\",\"description\":\"Your beloved store!\",\"publisher\":{\"@id\":\"https:\/\/belovedlabel.com\/cz\/#organization\"},\"potentialAction\":[{\"@type\":\"SearchAction\",\"target\":{\"@type\":\"EntryPoint\",\"urlTemplate\":\"https:\/\/belovedlabel.com\/cz\/?s={search_term_string}\"},\"query-input\":{\"@type\":\"PropertyValueSpecification\",\"valueRequired\":true,\"valueName\":\"search_term_string\"}}],\"inLanguage\":\"cs\"},{\"@type\":\"Organization\",\"@id\":\"https:\/\/belovedlabel.com\/cz\/#organization\",\"name\":\"Beloved Lingerie\",\"url\":\"https:\/\/belovedlabel.com\/cz\/\",\"logo\":{\"@type\":\"ImageObject\",\"inLanguage\":\"cs\",\"@id\":\"https:\/\/belovedlabel.com\/cz\/#\/schema\/logo\/image\/\",\"url\":\"https:\/\/belovedlabel.com\/cz\/wp-content\/uploads\/2025\/03\/beloved-logo.png\",\"contentUrl\":\"https:\/\/belovedlabel.com\/cz\/wp-content\/uploads\/2025\/03\/beloved-logo.png\",\"width\":1400,\"height\":544,\"caption\":\"Beloved Lingerie\"},\"image\":{\"@id\":\"https:\/\/belovedlabel.com\/cz\/#\/schema\/logo\/image\/\"},\"sameAs\":[\"https:\/\/www.facebook.com\/belovedlingerie\",\"https:\/\/www.instagram.com\/yourbelovedlingerie\/\",\"https:\/\/www.tiktok.com\/@belovedfashion\"]}]}<\/script>\n<!-- \/ Yoast SEO plugin. -->","yoast_head_json":{"title":"Shapewear kalhotky PEACH b\u00e9\u017eov\u00e9 - Beloved Label","robots":{"index":"index","follow":"follow","max-snippet":"max-snippet:-1","max-image-preview":"max-image-preview:large","max-video-preview":"max-video-preview:-1"},"canonical":"https:\/\/belovedlabel.com\/cz\/product\/shapewear-kalhotky-peach-bezove\/","og_locale":"cs_CZ","og_type":"article","og_title":"Shapewear kalhotky PEACH b\u00e9\u017eov\u00e9 - Beloved Label","og_description":"Mimo\u0159\u00e1dn\u011b m\u011bkk\u00fd materi\u00e1l, p\u0159\u00edjemn\u00fd na dotek Mimo\u0159\u00e1dn\u011b pru\u017en\u00fd a velmi odoln\u00fd materi\u00e1l Vysok\u00fd pas Tvaruje b\u0159icho a pas. Barva: b\u00e9\u017eov\u00e1. Typ kalhotek: brazilky. C\u00edlen\u00e1 komprese pro \u0161t\u00edhlou \u017eenskou siluetu. Modelka nos\u00ed konfek\u010dn\u00ed velikost S. Barvy spodn\u00edho pr\u00e1dla na obr\u00e1zc\u00edch se mohou m\u00edrn\u011b li\u0161it od skute\u010dn\u00fdch barev, kv\u016fli nastaven\u00ed telefonu nebo po\u010d\u00edta\u010de. Slo\u017een\u00ed: 90% polyester, 10% [...]","og_url":"https:\/\/belovedlabel.com\/cz\/product\/shapewear-kalhotky-peach-bezove\/","og_site_name":"Beloved Label","article_publisher":"https:\/\/www.facebook.com\/belovedlingerie","article_modified_time":"2026-04-13T18:16:29+00:00","og_image":[{"width":900,"height":1349,"url":"https:\/\/belovedlabel.com\/cz\/wp-content\/uploads\/2025\/03\/Shapewear-hlacke-PEACH-7.jpg","type":"image\/jpeg"}],"twitter_card":"summary_large_image","twitter_misc":{"Odhadovan\u00e1 doba \u010dten\u00ed":"1 minuta"},"schema":{"@context":"https:\/\/schema.org","@graph":[{"@type":"WebPage","@id":"https:\/\/belovedlabel.com\/cz\/product\/shapewear-kalhotky-peach-bezove\/","url":"https:\/\/belovedlabel.com\/cz\/product\/shapewear-kalhotky-peach-bezove\/","name":"Shapewear kalhotky PEACH b\u00e9\u017eov\u00e9 - Beloved Label","isPartOf":{"@id":"https:\/\/belovedlabel.com\/cz\/#website"},"primaryImageOfPage":{"@id":"https:\/\/belovedlabel.com\/cz\/product\/shapewear-kalhotky-peach-bezove\/#primaryimage"},"image":{"@id":"https:\/\/belovedlabel.com\/cz\/product\/shapewear-kalhotky-peach-bezove\/#primaryimage"},"thumbnailUrl":"https:\/\/belovedlabel.com\/cz\/wp-content\/uploads\/2025\/03\/Shapewear-hlacke-PEACH-7.jpg","datePublished":"2024-09-17T07:30:52+00:00","dateModified":"2026-04-13T18:16:29+00:00","breadcrumb":{"@id":"https:\/\/belovedlabel.com\/cz\/product\/shapewear-kalhotky-peach-bezove\/#breadcrumb"},"inLanguage":"cs","potentialAction":[{"@type":"ReadAction","target":["https:\/\/belovedlabel.com\/cz\/product\/shapewear-kalhotky-peach-bezove\/"]}]},{"@type":"ImageObject","inLanguage":"cs","@id":"https:\/\/belovedlabel.com\/cz\/product\/shapewear-kalhotky-peach-bezove\/#primaryimage","url":"https:\/\/belovedlabel.com\/cz\/wp-content\/uploads\/2025\/03\/Shapewear-hlacke-PEACH-7.jpg","contentUrl":"https:\/\/belovedlabel.com\/cz\/wp-content\/uploads\/2025\/03\/Shapewear-hlacke-PEACH-7.jpg","width":900,"height":1349},{"@type":"BreadcrumbList","@id":"https:\/\/belovedlabel.com\/cz\/product\/shapewear-kalhotky-peach-bezove\/#breadcrumb","itemListElement":[{"@type":"ListItem","position":1,"name":"Po\u010detna","item":"https:\/\/belovedlabel.com\/cz\/"},{"@type":"ListItem","position":2,"name":"Shop","item":"https:\/\/belovedlabel.com\/cz\/shop\/"},{"@type":"ListItem","position":3,"name":"Shapewear kalhotky PEACH b\u00e9\u017eov\u00e9"}]},{"@type":"WebSite","@id":"https:\/\/belovedlabel.com\/cz\/#website","url":"https:\/\/belovedlabel.com\/cz\/","name":"Beloved Lingerie","description":"Your beloved store!","publisher":{"@id":"https:\/\/belovedlabel.com\/cz\/#organization"},"potentialAction":[{"@type":"SearchAction","target":{"@type":"EntryPoint","urlTemplate":"https:\/\/belovedlabel.com\/cz\/?s={search_term_string}"},"query-input":{"@type":"PropertyValueSpecification","valueRequired":true,"valueName":"search_term_string"}}],"inLanguage":"cs"},{"@type":"Organization","@id":"https:\/\/belovedlabel.com\/cz\/#organization","name":"Beloved Lingerie","url":"https:\/\/belovedlabel.com\/cz\/","logo":{"@type":"ImageObject","inLanguage":"cs","@id":"https:\/\/belovedlabel.com\/cz\/#\/schema\/logo\/image\/","url":"https:\/\/belovedlabel.com\/cz\/wp-content\/uploads\/2025\/03\/beloved-logo.png","contentUrl":"https:\/\/belovedlabel.com\/cz\/wp-content\/uploads\/2025\/03\/beloved-logo.png","width":1400,"height":544,"caption":"Beloved Lingerie"},"image":{"@id":"https:\/\/belovedlabel.com\/cz\/#\/schema\/logo\/image\/"},"sameAs":["https:\/\/www.facebook.com\/belovedlingerie","https:\/\/www.instagram.com\/yourbelovedlingerie\/","https:\/\/www.tiktok.com\/@belovedfashion"]}]}},"_links":{"self":[{"href":"https:\/\/belovedlabel.com\/cz\/wp-json\/wp\/v2\/product\/1924","targetHints":{"allow":["GET"]}}],"collection":[{"href":"https:\/\/belovedlabel.com\/cz\/wp-json\/wp\/v2\/product"}],"about":[{"href":"https:\/\/belovedlabel.com\/cz\/wp-json\/wp\/v2\/types\/product"}],"replies":[{"embeddable":true,"href":"https:\/\/belovedlabel.com\/cz\/wp-json\/wp\/v2\/comments?post=1924"}],"wp:featuredmedia":[{"embeddable":true,"href":"https:\/\/belovedlabel.com\/cz\/wp-json\/wp\/v2\/media\/1925"}],"wp:attachment":[{"href":"https:\/\/belovedlabel.com\/cz\/wp-json\/wp\/v2\/media?parent=1924"}],"wp:term":[{"taxonomy":"product_brand","embeddable":true,"href":"https:\/\/belovedlabel.com\/cz\/wp-json\/wp\/v2\/product_brand?post=1924"},{"taxonomy":"product_cat","embeddable":true,"href":"https:\/\/belovedlabel.com\/cz\/wp-json\/wp\/v2\/product_cat?post=1924"},{"taxonomy":"product_tag","embeddable":true,"href":"https:\/\/belovedlabel.com\/cz\/wp-json\/wp\/v2\/product_tag?post=1924"}],"curies":[{"name":"wp","href":"https:\/\/api.w.org\/{rel}","templated":true}]}}