{"id":154,"date":"2023-02-28T07:07:05","date_gmt":"2023-02-28T07:07:05","guid":{"rendered":"https:\/\/belovedlabel.com\/cz\/product\/komplet-spodnjega-perila-aurora\/"},"modified":"2026-04-13T20:14:50","modified_gmt":"2026-04-13T18:14:50","slug":"sada-spodniho-pradla-aurora","status":"publish","type":"product","link":"https:\/\/belovedlabel.com\/cz\/product\/sada-spodniho-pradla-aurora\/","title":{"rendered":"Sada spodn\u00edho pr\u00e1dla AURORA"},"content":{"rendered":"<p><strong>Komplet spodn\u00edho pr\u00e1dla AURORA<\/strong><\/p>\n<ul>\n<li><a href=\"https:\/\/belovedlabel.com\/cz\/product-category\/svudne-spodni-pradlo\/tridilne-soupravy\/\">T\u0159\u00edd\u00edln\u00fd komplet<\/a> zahrnuje: podprsenku, kalhotky a podvazkov\u00fd p\u00e1s.<\/li>\n<li>Lehk\u00e1 podprsenka s kosticemi.<\/li>\n<li>Bez vycp\u00e1vek.<\/li>\n<li>Jemn\u00e1, \u017eensk\u00e1 a sv\u016fdn\u00e1 krajka.<\/li>\n<li>Ozdobn\u00e9 ma\u0161le.<\/li>\n<li>Nastaviteln\u00e9 ram\u00ednka.<\/li>\n<li>Nastaviteln\u00e1 podprsenka a podvazkov\u00fd p\u00e1s.<\/li>\n<li>Nastaviteln\u00e9 p\u00e1sky podvazkov\u00e9ho p\u00e1su.<\/li>\n<li>Typ kalhotek: tanga.<\/li>\n<li>\u010c\u00e1ste\u010dn\u011b pr\u016fhledn\u00e9.<\/li>\n<li>Doporu\u010dujeme kombinovat s <a href=\"https:\/\/belovedlabel.com\/cz\/shop\/\">samodr\u017e\u00edc\u00edmi pun\u010dochami<\/a>.<\/li>\n<li>Barva: lila.<\/li>\n<li>Elena nos\u00ed velikost S.<\/li>\n<li>Barvy spodn\u00edho pr\u00e1dla na obr\u00e1zc\u00edch se mohou m\u00edrn\u011b li\u0161it od skute\u010dn\u00fdch barev kv\u016fli nastaven\u00ed va\u0161eho mobiln\u00edho telefonu nebo po\u010d\u00edta\u010de.<\/li>\n<li>Slo\u017een\u00ed: 95 % polyester, 5 % elastan.<\/li>\n<\/ul>\n","protected":false},"excerpt":{"rendered":"<p>Komplet spodn\u00edho pr\u00e1dla AURORA T\u0159\u00edd\u00edln\u00fd komplet zahrnuje: podprsenku, kalhotky a podvazkov\u00fd p\u00e1s. Lehk\u00e1 podprsenka s kosticemi. Bez vycp\u00e1vek. Jemn\u00e1, \u017eensk\u00e1 a sv\u016fdn\u00e1 krajka. Ozdobn\u00e9 ma\u0161le. Nastaviteln\u00e9 ram\u00ednka. Nastaviteln\u00e1 podprsenka a podvazkov\u00fd p\u00e1s. Nastaviteln\u00e9 p\u00e1sky podvazkov\u00e9ho p\u00e1su. Typ kalhotek: tanga. \u010c\u00e1ste\u010dn\u011b pr\u016fhledn\u00e9. Doporu\u010dujeme kombinovat s samodr\u017e\u00edc\u00edmi pun\u010dochami. Barva: lila. Elena nos\u00ed velikost S. Barvy spodn\u00edho pr\u00e1dla [&#8230;]\n","protected":false},"featured_media":155,"comment_status":"closed","ping_status":"open","template":"","meta":{"_acf_changed":false},"product_brand":[],"product_cat":[26,23,24],"product_tag":[],"class_list":{"0":"post-154","1":"product","2":"type-product","3":"status-publish","4":"has-post-thumbnail","6":"product_cat-bestsellers","7":"product_cat-svudne-spodni-pradlo","8":"product_cat-tridilne-soupravy","9":"pa_velikost-s","10":"pa_velikost-m","11":"pa_velikost-l","13":"first","14":"instock","15":"taxable","16":"shipping-taxable","17":"purchasable","18":"product-type-variable"},"acf":[],"yoast_head":"<!-- This site is optimized with the Yoast SEO plugin v25.6 - https:\/\/yoast.com\/wordpress\/plugins\/seo\/ -->\n<title>Sada spodn\u00edho pr\u00e1dla AURORA - Beloved Label<\/title>\n<meta name=\"robots\" content=\"index, follow, max-snippet:-1, max-image-preview:large, max-video-preview:-1\" \/>\n<link rel=\"canonical\" href=\"https:\/\/belovedlabel.com\/cz\/product\/sada-spodniho-pradla-aurora\/\" \/>\n<meta property=\"og:locale\" content=\"cs_CZ\" \/>\n<meta property=\"og:type\" content=\"article\" \/>\n<meta property=\"og:title\" content=\"Sada spodn\u00edho pr\u00e1dla AURORA - Beloved Label\" \/>\n<meta property=\"og:description\" content=\"Komplet spodn\u00edho pr\u00e1dla AURORA T\u0159\u00edd\u00edln\u00fd komplet zahrnuje: podprsenku, kalhotky a podvazkov\u00fd p\u00e1s. Lehk\u00e1 podprsenka s kosticemi. Bez vycp\u00e1vek. Jemn\u00e1, \u017eensk\u00e1 a sv\u016fdn\u00e1 krajka. Ozdobn\u00e9 ma\u0161le. Nastaviteln\u00e9 ram\u00ednka. Nastaviteln\u00e1 podprsenka a podvazkov\u00fd p\u00e1s. Nastaviteln\u00e9 p\u00e1sky podvazkov\u00e9ho p\u00e1su. Typ kalhotek: tanga. \u010c\u00e1ste\u010dn\u011b pr\u016fhledn\u00e9. Doporu\u010dujeme kombinovat s samodr\u017e\u00edc\u00edmi pun\u010dochami. Barva: lila. Elena nos\u00ed velikost S. Barvy spodn\u00edho pr\u00e1dla [...]\" \/>\n<meta property=\"og:url\" content=\"https:\/\/belovedlabel.com\/cz\/product\/sada-spodniho-pradla-aurora\/\" \/>\n<meta property=\"og:site_name\" content=\"Beloved Label\" \/>\n<meta property=\"article:publisher\" content=\"https:\/\/www.facebook.com\/belovedlingerie\" \/>\n<meta property=\"article:modified_time\" content=\"2026-04-13T18:14:50+00:00\" \/>\n<meta property=\"og:image\" content=\"https:\/\/belovedlabel.com\/cz\/wp-content\/uploads\/2025\/03\/DSC09538.jpg\" \/>\n\t<meta property=\"og:image:width\" content=\"1365\" \/>\n\t<meta property=\"og:image:height\" content=\"2048\" \/>\n\t<meta property=\"og:image:type\" content=\"image\/jpeg\" \/>\n<meta name=\"twitter:card\" content=\"summary_large_image\" \/>\n<meta name=\"twitter:label1\" content=\"Odhadovan\u00e1 doba \u010dten\u00ed\" \/>\n\t<meta name=\"twitter:data1\" content=\"1 minuta\" \/>\n<script type=\"application\/ld+json\" class=\"yoast-schema-graph\">{\"@context\":\"https:\/\/schema.org\",\"@graph\":[{\"@type\":\"WebPage\",\"@id\":\"https:\/\/belovedlabel.com\/cz\/product\/sada-spodniho-pradla-aurora\/\",\"url\":\"https:\/\/belovedlabel.com\/cz\/product\/sada-spodniho-pradla-aurora\/\",\"name\":\"Sada spodn\u00edho pr\u00e1dla AURORA - Beloved Label\",\"isPartOf\":{\"@id\":\"https:\/\/belovedlabel.com\/cz\/#website\"},\"primaryImageOfPage\":{\"@id\":\"https:\/\/belovedlabel.com\/cz\/product\/sada-spodniho-pradla-aurora\/#primaryimage\"},\"image\":{\"@id\":\"https:\/\/belovedlabel.com\/cz\/product\/sada-spodniho-pradla-aurora\/#primaryimage\"},\"thumbnailUrl\":\"https:\/\/belovedlabel.com\/cz\/wp-content\/uploads\/2025\/03\/DSC09538.jpg\",\"datePublished\":\"2023-02-28T07:07:05+00:00\",\"dateModified\":\"2026-04-13T18:14:50+00:00\",\"breadcrumb\":{\"@id\":\"https:\/\/belovedlabel.com\/cz\/product\/sada-spodniho-pradla-aurora\/#breadcrumb\"},\"inLanguage\":\"cs\",\"potentialAction\":[{\"@type\":\"ReadAction\",\"target\":[\"https:\/\/belovedlabel.com\/cz\/product\/sada-spodniho-pradla-aurora\/\"]}]},{\"@type\":\"ImageObject\",\"inLanguage\":\"cs\",\"@id\":\"https:\/\/belovedlabel.com\/cz\/product\/sada-spodniho-pradla-aurora\/#primaryimage\",\"url\":\"https:\/\/belovedlabel.com\/cz\/wp-content\/uploads\/2025\/03\/DSC09538.jpg\",\"contentUrl\":\"https:\/\/belovedlabel.com\/cz\/wp-content\/uploads\/2025\/03\/DSC09538.jpg\",\"width\":1365,\"height\":2048},{\"@type\":\"BreadcrumbList\",\"@id\":\"https:\/\/belovedlabel.com\/cz\/product\/sada-spodniho-pradla-aurora\/#breadcrumb\",\"itemListElement\":[{\"@type\":\"ListItem\",\"position\":1,\"name\":\"Po\u010detna\",\"item\":\"https:\/\/belovedlabel.com\/cz\/\"},{\"@type\":\"ListItem\",\"position\":2,\"name\":\"Shop\",\"item\":\"https:\/\/belovedlabel.com\/cz\/shop\/\"},{\"@type\":\"ListItem\",\"position\":3,\"name\":\"Sada spodn\u00edho pr\u00e1dla AURORA\"}]},{\"@type\":\"WebSite\",\"@id\":\"https:\/\/belovedlabel.com\/cz\/#website\",\"url\":\"https:\/\/belovedlabel.com\/cz\/\",\"name\":\"Beloved Lingerie\",\"description\":\"Your beloved store!\",\"publisher\":{\"@id\":\"https:\/\/belovedlabel.com\/cz\/#organization\"},\"potentialAction\":[{\"@type\":\"SearchAction\",\"target\":{\"@type\":\"EntryPoint\",\"urlTemplate\":\"https:\/\/belovedlabel.com\/cz\/?s={search_term_string}\"},\"query-input\":{\"@type\":\"PropertyValueSpecification\",\"valueRequired\":true,\"valueName\":\"search_term_string\"}}],\"inLanguage\":\"cs\"},{\"@type\":\"Organization\",\"@id\":\"https:\/\/belovedlabel.com\/cz\/#organization\",\"name\":\"Beloved Lingerie\",\"url\":\"https:\/\/belovedlabel.com\/cz\/\",\"logo\":{\"@type\":\"ImageObject\",\"inLanguage\":\"cs\",\"@id\":\"https:\/\/belovedlabel.com\/cz\/#\/schema\/logo\/image\/\",\"url\":\"https:\/\/belovedlabel.com\/cz\/wp-content\/uploads\/2025\/03\/beloved-logo.png\",\"contentUrl\":\"https:\/\/belovedlabel.com\/cz\/wp-content\/uploads\/2025\/03\/beloved-logo.png\",\"width\":1400,\"height\":544,\"caption\":\"Beloved Lingerie\"},\"image\":{\"@id\":\"https:\/\/belovedlabel.com\/cz\/#\/schema\/logo\/image\/\"},\"sameAs\":[\"https:\/\/www.facebook.com\/belovedlingerie\",\"https:\/\/www.instagram.com\/yourbelovedlingerie\/\",\"https:\/\/www.tiktok.com\/@belovedfashion\"]}]}<\/script>\n<!-- \/ Yoast SEO plugin. -->","yoast_head_json":{"title":"Sada spodn\u00edho pr\u00e1dla AURORA - Beloved Label","robots":{"index":"index","follow":"follow","max-snippet":"max-snippet:-1","max-image-preview":"max-image-preview:large","max-video-preview":"max-video-preview:-1"},"canonical":"https:\/\/belovedlabel.com\/cz\/product\/sada-spodniho-pradla-aurora\/","og_locale":"cs_CZ","og_type":"article","og_title":"Sada spodn\u00edho pr\u00e1dla AURORA - Beloved Label","og_description":"Komplet spodn\u00edho pr\u00e1dla AURORA T\u0159\u00edd\u00edln\u00fd komplet zahrnuje: podprsenku, kalhotky a podvazkov\u00fd p\u00e1s. Lehk\u00e1 podprsenka s kosticemi. Bez vycp\u00e1vek. Jemn\u00e1, \u017eensk\u00e1 a sv\u016fdn\u00e1 krajka. Ozdobn\u00e9 ma\u0161le. Nastaviteln\u00e9 ram\u00ednka. Nastaviteln\u00e1 podprsenka a podvazkov\u00fd p\u00e1s. Nastaviteln\u00e9 p\u00e1sky podvazkov\u00e9ho p\u00e1su. Typ kalhotek: tanga. \u010c\u00e1ste\u010dn\u011b pr\u016fhledn\u00e9. Doporu\u010dujeme kombinovat s samodr\u017e\u00edc\u00edmi pun\u010dochami. Barva: lila. Elena nos\u00ed velikost S. Barvy spodn\u00edho pr\u00e1dla [...]","og_url":"https:\/\/belovedlabel.com\/cz\/product\/sada-spodniho-pradla-aurora\/","og_site_name":"Beloved Label","article_publisher":"https:\/\/www.facebook.com\/belovedlingerie","article_modified_time":"2026-04-13T18:14:50+00:00","og_image":[{"width":1365,"height":2048,"url":"https:\/\/belovedlabel.com\/cz\/wp-content\/uploads\/2025\/03\/DSC09538.jpg","type":"image\/jpeg"}],"twitter_card":"summary_large_image","twitter_misc":{"Odhadovan\u00e1 doba \u010dten\u00ed":"1 minuta"},"schema":{"@context":"https:\/\/schema.org","@graph":[{"@type":"WebPage","@id":"https:\/\/belovedlabel.com\/cz\/product\/sada-spodniho-pradla-aurora\/","url":"https:\/\/belovedlabel.com\/cz\/product\/sada-spodniho-pradla-aurora\/","name":"Sada spodn\u00edho pr\u00e1dla AURORA - Beloved Label","isPartOf":{"@id":"https:\/\/belovedlabel.com\/cz\/#website"},"primaryImageOfPage":{"@id":"https:\/\/belovedlabel.com\/cz\/product\/sada-spodniho-pradla-aurora\/#primaryimage"},"image":{"@id":"https:\/\/belovedlabel.com\/cz\/product\/sada-spodniho-pradla-aurora\/#primaryimage"},"thumbnailUrl":"https:\/\/belovedlabel.com\/cz\/wp-content\/uploads\/2025\/03\/DSC09538.jpg","datePublished":"2023-02-28T07:07:05+00:00","dateModified":"2026-04-13T18:14:50+00:00","breadcrumb":{"@id":"https:\/\/belovedlabel.com\/cz\/product\/sada-spodniho-pradla-aurora\/#breadcrumb"},"inLanguage":"cs","potentialAction":[{"@type":"ReadAction","target":["https:\/\/belovedlabel.com\/cz\/product\/sada-spodniho-pradla-aurora\/"]}]},{"@type":"ImageObject","inLanguage":"cs","@id":"https:\/\/belovedlabel.com\/cz\/product\/sada-spodniho-pradla-aurora\/#primaryimage","url":"https:\/\/belovedlabel.com\/cz\/wp-content\/uploads\/2025\/03\/DSC09538.jpg","contentUrl":"https:\/\/belovedlabel.com\/cz\/wp-content\/uploads\/2025\/03\/DSC09538.jpg","width":1365,"height":2048},{"@type":"BreadcrumbList","@id":"https:\/\/belovedlabel.com\/cz\/product\/sada-spodniho-pradla-aurora\/#breadcrumb","itemListElement":[{"@type":"ListItem","position":1,"name":"Po\u010detna","item":"https:\/\/belovedlabel.com\/cz\/"},{"@type":"ListItem","position":2,"name":"Shop","item":"https:\/\/belovedlabel.com\/cz\/shop\/"},{"@type":"ListItem","position":3,"name":"Sada spodn\u00edho pr\u00e1dla AURORA"}]},{"@type":"WebSite","@id":"https:\/\/belovedlabel.com\/cz\/#website","url":"https:\/\/belovedlabel.com\/cz\/","name":"Beloved Lingerie","description":"Your beloved store!","publisher":{"@id":"https:\/\/belovedlabel.com\/cz\/#organization"},"potentialAction":[{"@type":"SearchAction","target":{"@type":"EntryPoint","urlTemplate":"https:\/\/belovedlabel.com\/cz\/?s={search_term_string}"},"query-input":{"@type":"PropertyValueSpecification","valueRequired":true,"valueName":"search_term_string"}}],"inLanguage":"cs"},{"@type":"Organization","@id":"https:\/\/belovedlabel.com\/cz\/#organization","name":"Beloved Lingerie","url":"https:\/\/belovedlabel.com\/cz\/","logo":{"@type":"ImageObject","inLanguage":"cs","@id":"https:\/\/belovedlabel.com\/cz\/#\/schema\/logo\/image\/","url":"https:\/\/belovedlabel.com\/cz\/wp-content\/uploads\/2025\/03\/beloved-logo.png","contentUrl":"https:\/\/belovedlabel.com\/cz\/wp-content\/uploads\/2025\/03\/beloved-logo.png","width":1400,"height":544,"caption":"Beloved Lingerie"},"image":{"@id":"https:\/\/belovedlabel.com\/cz\/#\/schema\/logo\/image\/"},"sameAs":["https:\/\/www.facebook.com\/belovedlingerie","https:\/\/www.instagram.com\/yourbelovedlingerie\/","https:\/\/www.tiktok.com\/@belovedfashion"]}]}},"_links":{"self":[{"href":"https:\/\/belovedlabel.com\/cz\/wp-json\/wp\/v2\/product\/154","targetHints":{"allow":["GET"]}}],"collection":[{"href":"https:\/\/belovedlabel.com\/cz\/wp-json\/wp\/v2\/product"}],"about":[{"href":"https:\/\/belovedlabel.com\/cz\/wp-json\/wp\/v2\/types\/product"}],"replies":[{"embeddable":true,"href":"https:\/\/belovedlabel.com\/cz\/wp-json\/wp\/v2\/comments?post=154"}],"wp:featuredmedia":[{"embeddable":true,"href":"https:\/\/belovedlabel.com\/cz\/wp-json\/wp\/v2\/media\/155"}],"wp:attachment":[{"href":"https:\/\/belovedlabel.com\/cz\/wp-json\/wp\/v2\/media?parent=154"}],"wp:term":[{"taxonomy":"product_brand","embeddable":true,"href":"https:\/\/belovedlabel.com\/cz\/wp-json\/wp\/v2\/product_brand?post=154"},{"taxonomy":"product_cat","embeddable":true,"href":"https:\/\/belovedlabel.com\/cz\/wp-json\/wp\/v2\/product_cat?post=154"},{"taxonomy":"product_tag","embeddable":true,"href":"https:\/\/belovedlabel.com\/cz\/wp-json\/wp\/v2\/product_tag?post=154"}],"curies":[{"name":"wp","href":"https:\/\/api.w.org\/{rel}","templated":true}]}}