{"id":2014,"date":"2025-03-19T10:47:13","date_gmt":"2025-03-19T10:47:13","guid":{"rendered":"https:\/\/belovedlabel.com\/cz\/?page_id=2014"},"modified":"2025-08-08T00:57:04","modified_gmt":"2025-08-07T22:57:04","slug":"zasady-ochrany-osobnich-udaju","status":"publish","type":"page","link":"https:\/\/belovedlabel.com\/cz\/zasady-ochrany-osobnich-udaju\/","title":{"rendered":"Z\u00e1sady ochrany osobn\u00edch \u00fadaj\u016f"},"content":{"rendered":"\n<p><strong>1. Obecn\u00e9 ustanoven\u00ed<\/strong><\/p>\n<p>Spole\u010dnost se zavazuje chr\u00e1nit d\u016fv\u011brnost osobn\u00edch \u00fadaj\u016f a soukrom\u00ed u\u017eivatel\u016f internetov\u00e9ho obchodu Beloved.si v souladu se z\u00e1konem o ochran\u011b osobn\u00edch \u00fadaj\u016f (ZVOP-2). Spole\u010dnost shroma\u017e\u010fuje osobn\u00ed \u00fadaje pouze tehdy, kdy\u017e je u\u017eivatel dobrovoln\u011b poskytne a podep\u00ed\u0161e prohl\u00e1\u0161en\u00ed, kter\u00fdm souhlas\u00ed se shroma\u017e\u010fov\u00e1n\u00edm, ukl\u00e1d\u00e1n\u00edm a zpracov\u00e1n\u00edm osobn\u00edch \u00fadaj\u016f v souladu se z\u00e1konem. Spole\u010dnost se zavazuje uchov\u00e1vat a pou\u017e\u00edvat shrom\u00e1\u017ed\u011bn\u00e9 \u00fadaje pouze po dobu nezbytn\u011b nutnou k dosa\u017een\u00ed \u00fa\u010delu, pro kter\u00fd byly shrom\u00e1\u017ed\u011bny. Spole\u010dnost neposkytne osobn\u00ed \u00fadaje u\u017eivatel\u016f \u017e\u00e1dn\u00e9 jin\u00e9 fyzick\u00e9 ani pr\u00e1vnick\u00e9 osob\u011b.<\/p>\n<p><strong>2. Pou\u017eit\u00ed osobn\u00edch \u00fadaj\u016f<\/strong><\/p>\n<p>Pro \u00fa\u010dely poskytov\u00e1n\u00ed nab\u00edzen\u00fdch slu\u017eeb spole\u010dnost shroma\u017e\u010fuje, spravuje, zpracov\u00e1v\u00e1 a ukl\u00e1d\u00e1 n\u00e1sleduj\u00edc\u00ed u\u017eivatelsk\u00e9 \u00fadaje:<\/p>\n<ul>\n<li>jm\u00e9no a p\u0159\u00edjmen\u00ed;<\/li>\n<li>dodac\u00ed adresy;<\/li>\n<li>firma nebo n\u00e1zev pr\u00e1vnick\u00e9 osoby (pokud je u\u017eivatel pr\u00e1vnickou osobou);<\/li>\n<li>da\u0148ov\u00e9 identifika\u010dn\u00ed \u010d\u00edslo pr\u00e1vnick\u00e9 osoby (pokud je u\u017eivatel pr\u00e1vnickou osobou);<\/li>\n<li>e-mailov\u00e1 adresa (u\u017eivatelsk\u00e9 jm\u00e9no);<\/li>\n<li>heslo v za\u0161ifrovan\u00e9 podob\u011b;<\/li>\n<li>kontaktn\u00ed telefonn\u00ed \u010d\u00edslo;<\/li>\n<li>zem\u011b bydli\u0161t\u011b;<\/li>\n<li>dal\u0161\u00ed \u00fadaje, kter\u00e9 u\u017eivatel dobrovoln\u011b zad\u00e1 do formul\u00e1\u0159\u016f v internetov\u00e9m obchod\u011b;<\/li>\n<li>dal\u0161\u00ed \u00fadaje, kter\u00e9 u\u017eivatel dobrovoln\u011b p\u0159id\u00e1 n\u00e1sledn\u011b do sv\u00e9ho profilu.<\/li>\n<\/ul>\n<p>Spole\u010dnost nenese odpov\u011bdnost za p\u0159esnost, \u00faplnost a aktu\u00e1lnost \u00fadaj\u016f zadan\u00fdch u\u017eivateli.<\/p>\n<p>Spole\u010dnost p\u0159id\u011bl\u00ed ka\u017ed\u00e9mu u\u017eivateli na za\u010d\u00e1tku ka\u017ed\u00e9ho pou\u017eit\u00ed internetov\u00e9ho obchodu soubor cookie pro identifikaci, sledov\u00e1n\u00ed n\u00e1kupn\u00edho ko\u0161\u00edku a sledovatelnost (tzv. \u201ecookie\u201c), kter\u00fd je ulo\u017een v pam\u011bti serveru pouze po dobu n\u00e1v\u0161t\u011bvy internetov\u00e9ho obchodu a je smaz\u00e1n po jedn\u00e9 hodin\u011b ne\u010dinnosti. Spole\u010dnost m\u016f\u017ee tak\u00e9 ukl\u00e1dat n\u011bkter\u00e9 trval\u00e9 soubory cookie na osobn\u00ed po\u010d\u00edta\u010d u\u017eivatele, jako je identifika\u010dn\u00ed \u010d\u00edslo u\u017eivatele v za\u0161ifrovan\u00e9 podob\u011b pro rozpozn\u00e1n\u00ed p\u0159i p\u0159\u00ed\u0161t\u00ed n\u00e1v\u0161t\u011bv\u011b internetov\u00e9ho obchodu nebo hodnocen\u00ed produkt\u016f, kter\u00e9 u\u017eivateli pom\u00e1haj\u00ed zjistit, kter\u00e9 polo\u017eky ji\u017e ohodnotil, a nep\u0159\u00edmo tak\u00e9 soubory cookie z extern\u00ed slu\u017eby Google Analytics, kter\u00e9 slou\u017e\u00ed k anal\u00fdze n\u00e1v\u0161t\u011bvnosti webov\u00fdch str\u00e1nek. Spole\u010dnost m\u016f\u017ee tato data v anonymizovan\u00e9 souhrnn\u00e9 podob\u011b pou\u017e\u00edt pro \u00fa\u010dely statistick\u00e9 anal\u00fdzy. Za \u00fa\u010delem zaji\u0161t\u011bn\u00ed online bezpe\u010dnosti spole\u010dnost tak\u00e9 shroma\u017e\u010fuje IP adresy, ze kter\u00fdch u\u017eivatel\u00e9 p\u0159istupuj\u00ed do internetov\u00e9ho obchodu.<\/p>\n<p><strong>3. \u00da\u010del pou\u017eit\u00ed<\/strong><\/p>\n<p>Osobn\u00ed \u00fadaje z\u00edskan\u00e9 prost\u0159ednictv\u00edm webov\u00fdch str\u00e1nek <a href=\"https:\/\/www.beloved.si\/\">www.beloved.si<\/a> za \u00fa\u010delem proveden\u00ed online n\u00e1kupu se pou\u017e\u00edvaj\u00ed v\u00fdhradn\u011b pro \u00fa\u010dely proveden\u00ed a doru\u010den\u00ed objedn\u00e1vky.<\/p>\n<p>Souhlasem s ukl\u00e1d\u00e1n\u00edm, zpracov\u00e1n\u00edm a p\u0159enosem osobn\u00edch \u00fadaj\u016f \u00fa\u010dast\u00ed v sout\u011b\u017e\u00edch o ceny nebo p\u0159ihl\u00e1\u0161en\u00edm k odb\u011bru newsletteru prost\u0159ednictv\u00edm e-mailu u\u017eivatel umo\u017e\u0148uje spole\u010dnosti Beloved d.o.o. zpracov\u00e1vat a uchov\u00e1vat p\u0159en\u00e1\u0161en\u00e9 osobn\u00ed \u00fadaje v souladu se ZVOP-2. Ud\u011blen\u00edm souhlasu u\u017eivatel umo\u017e\u0148uje spole\u010dnosti Beloved d.o.o., jako spr\u00e1vci shroma\u017e\u010fovan\u00fdch osobn\u00edch \u00fadaj\u016f, zpracov\u00e1vat shrom\u00e1\u017ed\u011bn\u00e9 osobn\u00ed \u00fadaje pro \u00fa\u010dely vzorkov\u00e1n\u00ed, pr\u016fzkum\u016f a statistick\u00e9ho zpracov\u00e1n\u00ed dat, pro ur\u010den\u00ed vyu\u017eit\u00ed slu\u017eeb, pro \u00fapravu nab\u00eddky a segmentace, pro pr\u016fzkum trhu, pro informov\u00e1n\u00ed o nab\u00eddce, novink\u00e1ch a v\u00fdhod\u00e1ch, pro zas\u00edl\u00e1n\u00ed novinek prost\u0159ednictv\u00edm e-mailu, telefonn\u00edho \u010d\u00edsla a dal\u0161\u00edch reklamn\u00edch materi\u00e1l\u016f, pro informov\u00e1n\u00ed u\u017eivatel\u016f o slu\u017eb\u00e1ch internetov\u00e9ho obchodu Beloved.si a spole\u010dnosti Beloved d.o.o. a pro dal\u0161\u00ed formy pou\u017eit\u00ed p\u0159ed\u00e1van\u00fdch \u00fadaj\u016f, s nimi\u017e u\u017eivatel webov\u00fdch str\u00e1nek v\u00fdslovn\u011b souhlas\u00ed. Shrom\u00e1\u017ed\u011bn\u00e9 \u00fadaje nebudou p\u0159ed\u00e1v\u00e1ny t\u0159et\u00edm stran\u00e1m.<\/p>\n<p>Spole\u010dnost Beloved d.o.o. m\u016f\u017ee uveden\u00e9 \u00fadaje zpracov\u00e1vat pro vlastn\u00ed pot\u0159ebu a\u017e do odvol\u00e1n\u00ed souhlasu s \u017e\u00e1dost\u00ed o odstran\u011bn\u00ed osobn\u00edch \u00fadaj\u016f z datab\u00e1ze, jinak v\u0161ak pouze po dobu nezbytn\u011b nutnou k dosa\u017een\u00ed \u00fa\u010delu, pro kter\u00fd byly \u00fadaje shrom\u00e1\u017ed\u011bny, tj. 10 let pro registrovan\u00e9 u\u017eivatele webov\u00fdch str\u00e1nek <a href=\"https:\/\/www.beloved.si\/\">www.beloved.si<\/a>, 10 m\u011bs\u00edc\u016f pro \u00fa\u010dastn\u00edky her o ceny, 10 let pro v\u00fdherce her o ceny a do doby, ne\u017e se odb\u011bratel odhl\u00e1s\u00ed z odb\u011bru newsletteru nebo dokud spr\u00e1vce neukon\u010d\u00ed svou \u010dinnost na trhu. B\u011bhem doby spr\u00e1vy osobn\u00edch \u00fadaj\u016f m\u00e1 jednotlivec mo\u017enost na vy\u017e\u00e1d\u00e1n\u00ed prohl\u00ed\u017eet a aktualizovat \u00fadaje v datab\u00e1zi.<\/p>\n<p><strong>4. U\u017eivatel\u00e9 \u00fadaj\u016f<\/strong><\/p>\n<p>Ve\u0161ker\u00e9 \u00fadaje shrom\u00e1\u017ed\u011bn\u00e9 na z\u00e1klad\u011b v\u00fd\u0161e uveden\u00e9ho pr\u00e1vn\u00edho z\u00e1kladu budou pou\u017eity v souladu s \u00fa\u010delem, pro kter\u00fd byly shrom\u00e1\u017ed\u011bny, a nebudou bez va\u0161eho souhlasu p\u0159ed\u00e1ny t\u0159et\u00edm stran\u00e1m.<\/p>\n<p>V r\u00e1mci z\u00e1konn\u00e9 jurisdikce jsou va\u0161e osobn\u00ed \u00fadaje zp\u0159\u00edstupn\u011bny n\u00e1sleduj\u00edc\u00edm u\u017eivatel\u016fm \u00fadaj\u016f:<\/p>\n<ul>\n<li>poskytovatel\u00e9 po\u0161tovn\u00edch slu\u017eeb, poskytovatel\u00e9 p\u0159epravn\u00edch slu\u017eeb, poskytovatel\u00e9 slu\u017eeb skartace soubor\u016f a datov\u00fdch nosi\u010d\u016f;<\/li>\n<li>poskytovatel\u00e9 slu\u017eeb informa\u010dn\u00edch technologi\u00ed v r\u00e1mci servisu a \u00fadr\u017eby softwaru;<\/li>\n<li>spr\u00e1vce a mana\u017eer webov\u00fdch str\u00e1nek.<\/li>\n<\/ul>\n<p>Spole\u010dnost se zavazuje, \u017ee nebude va\u0161e osobn\u00ed \u00fadaje p\u0159ed\u00e1vat ani p\u0159ev\u00e1d\u011bt do t\u0159et\u00ed zem\u011b nebo mezin\u00e1rodn\u00ed organizaci.<\/p>\n<p><strong>5. Implementace z\u00e1sad ochrany osobn\u00edch \u00fadaj\u016f<\/strong><\/p>\n<p>V\u0161echny osoby zam\u011bstnan\u00e9 spole\u010dnost\u00ed na pln\u00fd nebo \u010d\u00e1ste\u010dn\u00fd \u00favazek, kter\u00e9 maj\u00ed p\u0159\u00edstup k osobn\u00edm a dal\u0161\u00edm \u00fadaj\u016fm u\u017eivatel\u016f, si jsou v\u011bdomy povinnosti chr\u00e1nit osobn\u00ed a dal\u0161\u00ed \u00fadaje a jsou povinny dodr\u017eovat tato ustanoven\u00ed o ochran\u011b d\u016fv\u011brnosti osobn\u00edch \u00fadaj\u016f a soukrom\u00ed u\u017eivatel\u016f internetov\u00e9ho obchodu. Povinnost chr\u00e1nit osobn\u00ed a dal\u0161\u00ed \u00fadaje plat\u00ed neomezen\u011b dlouho, a to i po ukon\u010den\u00ed vztahu se spole\u010dnost\u00ed.<\/p>\n<p>Registrovan\u00ed u\u017eivatel\u00e9 mohou internetov\u00fd obchod kdykoli p\u0159estat pou\u017e\u00edvat a mohou zru\u0161it svou registraci. D\u011blaj\u00ed tak tak, \u017ee o zru\u0161en\u00ed registrace informuj\u00ed spole\u010dnost p\u00edsemn\u00fdm prohl\u00e1\u0161en\u00edm. P\u0159ed pod\u00e1n\u00edm prohl\u00e1\u0161en\u00ed o zru\u0161en\u00ed registrace mus\u00ed u\u017eivatel vyrovnat v\u0161echny zb\u00fdvaj\u00edc\u00ed z\u00e1vazky v\u016f\u010di spole\u010dnosti z n\u00e1kup\u016f uskute\u010dn\u011bn\u00fdch v internetov\u00e9m obchod\u011b Beloved.si. Spole\u010dnost bude chr\u00e1nit d\u016fv\u011brnost osobn\u00edch \u00fadaj\u016f a soukrom\u00ed u\u017eivatel\u016f internetov\u00e9ho obchodu v r\u00e1mci t\u011bchto z\u00e1sad ochrany osobn\u00edch \u00fadaj\u016f i v p\u0159\u00edpad\u011b zru\u0161en\u00ed registrace.<\/p>\n<p><strong>6. Dal\u0161\u00ed vysv\u011btlen\u00ed<\/strong><\/p>\n<p>Jak\u00e9koli dotazy t\u00fdkaj\u00edc\u00ed se d\u016fv\u011brnosti va\u0161ich \u00fadaj\u016f, zp\u016fsobu shroma\u017e\u010fov\u00e1n\u00ed a zpracov\u00e1n\u00ed \u00fadaj\u016f nebo va\u0161e \u017e\u00e1dosti o uplatn\u011bn\u00ed pr\u00e1v t\u00fdkaj\u00edc\u00edch se va\u0161ich \u00fadaj\u016f m\u016f\u017eete zaslat na na\u0161i e-mailovou adresu <a href=\"mailto:info@beloved.si\">info@beloved.si<\/a>.<\/p>\n\n\n","protected":false},"excerpt":{"rendered":"","protected":false},"author":1,"featured_media":0,"parent":0,"menu_order":0,"comment_status":"closed","ping_status":"closed","template":"","meta":{"_acf_changed":false,"footnotes":""},"class_list":["post-2014","page","type-page","status-publish","hentry"],"acf":[],"yoast_head":"<!-- This site is optimized with the Yoast SEO plugin v25.6 - https:\/\/yoast.com\/wordpress\/plugins\/seo\/ -->\n<title>Z\u00e1sady ochrany osobn\u00edch \u00fadaj\u016f - Beloved Label<\/title>\n<meta name=\"robots\" content=\"index, follow, max-snippet:-1, max-image-preview:large, max-video-preview:-1\" \/>\n<link rel=\"canonical\" href=\"https:\/\/belovedlabel.com\/cz\/zasady-ochrany-osobnich-udaju\/\" \/>\n<meta property=\"og:locale\" content=\"cs_CZ\" \/>\n<meta property=\"og:type\" content=\"article\" \/>\n<meta property=\"og:title\" content=\"Z\u00e1sady ochrany osobn\u00edch \u00fadaj\u016f - Beloved Label\" \/>\n<meta property=\"og:url\" content=\"https:\/\/belovedlabel.com\/cz\/zasady-ochrany-osobnich-udaju\/\" \/>\n<meta property=\"og:site_name\" content=\"Beloved Label\" \/>\n<meta property=\"article:publisher\" content=\"https:\/\/www.facebook.com\/belovedlingerie\" \/>\n<meta property=\"article:modified_time\" content=\"2025-08-07T22:57:04+00:00\" \/>\n<meta property=\"og:image\" content=\"https:\/\/belovedlabel.com\/cz\/wp-content\/uploads\/2025\/03\/logo-beloved-lingerie.png\" \/>\n\t<meta property=\"og:image:width\" content=\"264\" \/>\n\t<meta property=\"og:image:height\" content=\"110\" \/>\n\t<meta property=\"og:image:type\" content=\"image\/png\" \/>\n<meta name=\"twitter:card\" content=\"summary_large_image\" \/>\n<meta name=\"twitter:label1\" content=\"Odhadovan\u00e1 doba \u010dten\u00ed\" \/>\n\t<meta name=\"twitter:data1\" content=\"5 minut\" \/>\n<script type=\"application\/ld+json\" class=\"yoast-schema-graph\">{\"@context\":\"https:\/\/schema.org\",\"@graph\":[{\"@type\":\"WebPage\",\"@id\":\"https:\/\/belovedlabel.com\/cz\/zasady-ochrany-osobnich-udaju\/\",\"url\":\"https:\/\/belovedlabel.com\/cz\/zasady-ochrany-osobnich-udaju\/\",\"name\":\"Z\u00e1sady ochrany osobn\u00edch \u00fadaj\u016f - Beloved Label\",\"isPartOf\":{\"@id\":\"https:\/\/belovedlabel.com\/cz\/#website\"},\"datePublished\":\"2025-03-19T10:47:13+00:00\",\"dateModified\":\"2025-08-07T22:57:04+00:00\",\"breadcrumb\":{\"@id\":\"https:\/\/belovedlabel.com\/cz\/zasady-ochrany-osobnich-udaju\/#breadcrumb\"},\"inLanguage\":\"cs\",\"potentialAction\":[{\"@type\":\"ReadAction\",\"target\":[\"https:\/\/belovedlabel.com\/cz\/zasady-ochrany-osobnich-udaju\/\"]}]},{\"@type\":\"BreadcrumbList\",\"@id\":\"https:\/\/belovedlabel.com\/cz\/zasady-ochrany-osobnich-udaju\/#breadcrumb\",\"itemListElement\":[{\"@type\":\"ListItem\",\"position\":1,\"name\":\"Po\u010detna\",\"item\":\"https:\/\/belovedlabel.com\/cz\/\"},{\"@type\":\"ListItem\",\"position\":2,\"name\":\"Z\u00e1sady ochrany osobn\u00edch \u00fadaj\u016f\"}]},{\"@type\":\"WebSite\",\"@id\":\"https:\/\/belovedlabel.com\/cz\/#website\",\"url\":\"https:\/\/belovedlabel.com\/cz\/\",\"name\":\"Beloved Lingerie\",\"description\":\"Your beloved store!\",\"publisher\":{\"@id\":\"https:\/\/belovedlabel.com\/cz\/#organization\"},\"potentialAction\":[{\"@type\":\"SearchAction\",\"target\":{\"@type\":\"EntryPoint\",\"urlTemplate\":\"https:\/\/belovedlabel.com\/cz\/?s={search_term_string}\"},\"query-input\":{\"@type\":\"PropertyValueSpecification\",\"valueRequired\":true,\"valueName\":\"search_term_string\"}}],\"inLanguage\":\"cs\"},{\"@type\":\"Organization\",\"@id\":\"https:\/\/belovedlabel.com\/cz\/#organization\",\"name\":\"Beloved Lingerie\",\"url\":\"https:\/\/belovedlabel.com\/cz\/\",\"logo\":{\"@type\":\"ImageObject\",\"inLanguage\":\"cs\",\"@id\":\"https:\/\/belovedlabel.com\/cz\/#\/schema\/logo\/image\/\",\"url\":\"https:\/\/belovedlabel.com\/cz\/wp-content\/uploads\/2025\/03\/beloved-logo.png\",\"contentUrl\":\"https:\/\/belovedlabel.com\/cz\/wp-content\/uploads\/2025\/03\/beloved-logo.png\",\"width\":1400,\"height\":544,\"caption\":\"Beloved Lingerie\"},\"image\":{\"@id\":\"https:\/\/belovedlabel.com\/cz\/#\/schema\/logo\/image\/\"},\"sameAs\":[\"https:\/\/www.facebook.com\/belovedlingerie\",\"https:\/\/www.instagram.com\/yourbelovedlingerie\/\",\"https:\/\/www.tiktok.com\/@belovedfashion\"]}]}<\/script>\n<!-- \/ Yoast SEO plugin. -->","yoast_head_json":{"title":"Z\u00e1sady ochrany osobn\u00edch \u00fadaj\u016f - Beloved Label","robots":{"index":"index","follow":"follow","max-snippet":"max-snippet:-1","max-image-preview":"max-image-preview:large","max-video-preview":"max-video-preview:-1"},"canonical":"https:\/\/belovedlabel.com\/cz\/zasady-ochrany-osobnich-udaju\/","og_locale":"cs_CZ","og_type":"article","og_title":"Z\u00e1sady ochrany osobn\u00edch \u00fadaj\u016f - Beloved Label","og_url":"https:\/\/belovedlabel.com\/cz\/zasady-ochrany-osobnich-udaju\/","og_site_name":"Beloved Label","article_publisher":"https:\/\/www.facebook.com\/belovedlingerie","article_modified_time":"2025-08-07T22:57:04+00:00","og_image":[{"width":264,"height":110,"url":"https:\/\/belovedlabel.com\/cz\/wp-content\/uploads\/2025\/03\/logo-beloved-lingerie.png","type":"image\/png"}],"twitter_card":"summary_large_image","twitter_misc":{"Odhadovan\u00e1 doba \u010dten\u00ed":"5 minut"},"schema":{"@context":"https:\/\/schema.org","@graph":[{"@type":"WebPage","@id":"https:\/\/belovedlabel.com\/cz\/zasady-ochrany-osobnich-udaju\/","url":"https:\/\/belovedlabel.com\/cz\/zasady-ochrany-osobnich-udaju\/","name":"Z\u00e1sady ochrany osobn\u00edch \u00fadaj\u016f - Beloved Label","isPartOf":{"@id":"https:\/\/belovedlabel.com\/cz\/#website"},"datePublished":"2025-03-19T10:47:13+00:00","dateModified":"2025-08-07T22:57:04+00:00","breadcrumb":{"@id":"https:\/\/belovedlabel.com\/cz\/zasady-ochrany-osobnich-udaju\/#breadcrumb"},"inLanguage":"cs","potentialAction":[{"@type":"ReadAction","target":["https:\/\/belovedlabel.com\/cz\/zasady-ochrany-osobnich-udaju\/"]}]},{"@type":"BreadcrumbList","@id":"https:\/\/belovedlabel.com\/cz\/zasady-ochrany-osobnich-udaju\/#breadcrumb","itemListElement":[{"@type":"ListItem","position":1,"name":"Po\u010detna","item":"https:\/\/belovedlabel.com\/cz\/"},{"@type":"ListItem","position":2,"name":"Z\u00e1sady ochrany osobn\u00edch \u00fadaj\u016f"}]},{"@type":"WebSite","@id":"https:\/\/belovedlabel.com\/cz\/#website","url":"https:\/\/belovedlabel.com\/cz\/","name":"Beloved Lingerie","description":"Your beloved store!","publisher":{"@id":"https:\/\/belovedlabel.com\/cz\/#organization"},"potentialAction":[{"@type":"SearchAction","target":{"@type":"EntryPoint","urlTemplate":"https:\/\/belovedlabel.com\/cz\/?s={search_term_string}"},"query-input":{"@type":"PropertyValueSpecification","valueRequired":true,"valueName":"search_term_string"}}],"inLanguage":"cs"},{"@type":"Organization","@id":"https:\/\/belovedlabel.com\/cz\/#organization","name":"Beloved Lingerie","url":"https:\/\/belovedlabel.com\/cz\/","logo":{"@type":"ImageObject","inLanguage":"cs","@id":"https:\/\/belovedlabel.com\/cz\/#\/schema\/logo\/image\/","url":"https:\/\/belovedlabel.com\/cz\/wp-content\/uploads\/2025\/03\/beloved-logo.png","contentUrl":"https:\/\/belovedlabel.com\/cz\/wp-content\/uploads\/2025\/03\/beloved-logo.png","width":1400,"height":544,"caption":"Beloved Lingerie"},"image":{"@id":"https:\/\/belovedlabel.com\/cz\/#\/schema\/logo\/image\/"},"sameAs":["https:\/\/www.facebook.com\/belovedlingerie","https:\/\/www.instagram.com\/yourbelovedlingerie\/","https:\/\/www.tiktok.com\/@belovedfashion"]}]}},"_links":{"self":[{"href":"https:\/\/belovedlabel.com\/cz\/wp-json\/wp\/v2\/pages\/2014","targetHints":{"allow":["GET"]}}],"collection":[{"href":"https:\/\/belovedlabel.com\/cz\/wp-json\/wp\/v2\/pages"}],"about":[{"href":"https:\/\/belovedlabel.com\/cz\/wp-json\/wp\/v2\/types\/page"}],"author":[{"embeddable":true,"href":"https:\/\/belovedlabel.com\/cz\/wp-json\/wp\/v2\/users\/1"}],"replies":[{"embeddable":true,"href":"https:\/\/belovedlabel.com\/cz\/wp-json\/wp\/v2\/comments?post=2014"}],"version-history":[{"count":2,"href":"https:\/\/belovedlabel.com\/cz\/wp-json\/wp\/v2\/pages\/2014\/revisions"}],"predecessor-version":[{"id":5382,"href":"https:\/\/belovedlabel.com\/cz\/wp-json\/wp\/v2\/pages\/2014\/revisions\/5382"}],"wp:attachment":[{"href":"https:\/\/belovedlabel.com\/cz\/wp-json\/wp\/v2\/media?parent=2014"}],"curies":[{"name":"wp","href":"https:\/\/api.w.org\/{rel}","templated":true}]}}