{"id":2010,"date":"2025-03-19T10:41:49","date_gmt":"2025-03-19T10:41:49","guid":{"rendered":"https:\/\/belovedlabel.com\/cz\/?page_id=2010"},"modified":"2025-08-08T01:01:11","modified_gmt":"2025-08-07T23:01:11","slug":"platba-a-doruceni","status":"publish","type":"page","link":"https:\/\/belovedlabel.com\/cz\/platba-a-doruceni\/","title":{"rendered":"Platba a doru\u010den\u00ed"},"content":{"rendered":"\n<h3><strong>1. Doprava<\/strong><\/h3>\n<p>Cena dopravy pro neomezen\u00fd po\u010det polo\u017eek v r\u00e1mci \u010cesk\u00e9 republiky je 3,50\u20ac.<\/p>\n<p>Doprava je zdarma pro v\u0161echny objedn\u00e1vky nad 50\u20ac<\/p>\n<p>Cena dopravy plat\u00ed v\u00fdhradn\u011b v r\u00e1mci \u010cesk\u00e9 republiky.<\/p>\n<p>Spole\u010dnost Beloved d.o.o. se zavazuje dodat objednan\u00e9 produkty do 3\u20135 pracovn\u00edch dn\u016f v r\u00e1mci \u010cesk\u00e9 republiky. Doru\u010den\u00ed se prov\u00e1d\u00ed v souladu s podm\u00ednkami pou\u017e\u00edv\u00e1n\u00ed kur\u00fdrn\u00ed slu\u017eby a je pova\u017eov\u00e1no za dokon\u010den\u00e9 p\u0159ed\u00e1n\u00edm bal\u00edku kur\u00fdrn\u00ed spole\u010dnosti.<\/p>\n<p>Doru\u010den\u00ed prov\u00e1d\u00ed kur\u00fdrn\u00ed slu\u017eba GLS.<\/p>\n<p>V p\u0159\u00edpad\u011b ne\u00fasp\u011b\u0161n\u00e9ho pokusu o doru\u010den\u00ed obdr\u017e\u00ed p\u0159\u00edjemce ozn\u00e1men\u00ed a m\u016f\u017ee si vybrat jednu z 5 mo\u017enost\u00ed pro nov\u00fd pokus o doru\u010den\u00ed:<\/p>\n<ul>\n<li>doru\u010den\u00ed na novou adresu,<\/li>\n<li>doru\u010den\u00ed v jin\u00fd \u010das,<\/li>\n<li>osobn\u00ed vyzvednut\u00ed ze skladu GLS,<\/li>\n<li>odm\u00edtnut\u00ed bal\u00edku,<\/li>\n<li>souhlas s ponech\u00e1n\u00edm bal\u00edku na dohodnut\u00e9m m\u00edst\u011b nebo doru\u010den\u00ed do prodejny Paketomat \/ partnersk\u00e9 prodejny (PaketSHOP).<\/li>\n<\/ul>\n<h3><strong>2. Platebn\u00ed metody<\/strong><\/h3>\n<p>Nab\u00edz\u00edme n\u011bkolik platebn\u00edch metod:<\/p>\n<ul>\n<li>platba p\u0159i doru\u010den\u00ed<\/li>\n<li>platba p\u0159es PayPal<\/li>\n<li>kreditn\u00ed karty<\/li>\n<\/ul>\n\n","protected":false},"excerpt":{"rendered":"","protected":false},"author":1,"featured_media":0,"parent":0,"menu_order":0,"comment_status":"closed","ping_status":"closed","template":"","meta":{"_acf_changed":false,"footnotes":""},"class_list":["post-2010","page","type-page","status-publish","hentry"],"acf":[],"yoast_head":"<!-- This site is optimized with the Yoast SEO plugin v25.6 - https:\/\/yoast.com\/wordpress\/plugins\/seo\/ -->\n<title>Platba a doru\u010den\u00ed - Beloved Label<\/title>\n<meta name=\"robots\" content=\"index, follow, max-snippet:-1, max-image-preview:large, max-video-preview:-1\" \/>\n<link rel=\"canonical\" href=\"https:\/\/belovedlabel.com\/cz\/platba-a-doruceni\/\" \/>\n<meta property=\"og:locale\" content=\"cs_CZ\" \/>\n<meta property=\"og:type\" content=\"article\" \/>\n<meta property=\"og:title\" content=\"Platba a doru\u010den\u00ed - Beloved Label\" \/>\n<meta property=\"og:url\" content=\"https:\/\/belovedlabel.com\/cz\/platba-a-doruceni\/\" \/>\n<meta property=\"og:site_name\" content=\"Beloved Label\" \/>\n<meta property=\"article:publisher\" content=\"https:\/\/www.facebook.com\/belovedlingerie\" \/>\n<meta property=\"article:modified_time\" content=\"2025-08-07T23:01:11+00:00\" \/>\n<meta property=\"og:image\" content=\"https:\/\/belovedlabel.com\/cz\/wp-content\/uploads\/2025\/03\/logo-beloved-lingerie.png\" \/>\n\t<meta property=\"og:image:width\" content=\"264\" \/>\n\t<meta property=\"og:image:height\" content=\"110\" \/>\n\t<meta property=\"og:image:type\" content=\"image\/png\" \/>\n<meta name=\"twitter:card\" content=\"summary_large_image\" \/>\n<meta name=\"twitter:label1\" content=\"Odhadovan\u00e1 doba \u010dten\u00ed\" \/>\n\t<meta name=\"twitter:data1\" content=\"1 minuta\" \/>\n<script type=\"application\/ld+json\" class=\"yoast-schema-graph\">{\"@context\":\"https:\/\/schema.org\",\"@graph\":[{\"@type\":\"WebPage\",\"@id\":\"https:\/\/belovedlabel.com\/cz\/platba-a-doruceni\/\",\"url\":\"https:\/\/belovedlabel.com\/cz\/platba-a-doruceni\/\",\"name\":\"Platba a doru\u010den\u00ed - Beloved Label\",\"isPartOf\":{\"@id\":\"https:\/\/belovedlabel.com\/cz\/#website\"},\"datePublished\":\"2025-03-19T10:41:49+00:00\",\"dateModified\":\"2025-08-07T23:01:11+00:00\",\"breadcrumb\":{\"@id\":\"https:\/\/belovedlabel.com\/cz\/platba-a-doruceni\/#breadcrumb\"},\"inLanguage\":\"cs\",\"potentialAction\":[{\"@type\":\"ReadAction\",\"target\":[\"https:\/\/belovedlabel.com\/cz\/platba-a-doruceni\/\"]}]},{\"@type\":\"BreadcrumbList\",\"@id\":\"https:\/\/belovedlabel.com\/cz\/platba-a-doruceni\/#breadcrumb\",\"itemListElement\":[{\"@type\":\"ListItem\",\"position\":1,\"name\":\"Po\u010detna\",\"item\":\"https:\/\/belovedlabel.com\/cz\/\"},{\"@type\":\"ListItem\",\"position\":2,\"name\":\"Platba a doru\u010den\u00ed\"}]},{\"@type\":\"WebSite\",\"@id\":\"https:\/\/belovedlabel.com\/cz\/#website\",\"url\":\"https:\/\/belovedlabel.com\/cz\/\",\"name\":\"Beloved Lingerie\",\"description\":\"Your beloved store!\",\"publisher\":{\"@id\":\"https:\/\/belovedlabel.com\/cz\/#organization\"},\"potentialAction\":[{\"@type\":\"SearchAction\",\"target\":{\"@type\":\"EntryPoint\",\"urlTemplate\":\"https:\/\/belovedlabel.com\/cz\/?s={search_term_string}\"},\"query-input\":{\"@type\":\"PropertyValueSpecification\",\"valueRequired\":true,\"valueName\":\"search_term_string\"}}],\"inLanguage\":\"cs\"},{\"@type\":\"Organization\",\"@id\":\"https:\/\/belovedlabel.com\/cz\/#organization\",\"name\":\"Beloved Lingerie\",\"url\":\"https:\/\/belovedlabel.com\/cz\/\",\"logo\":{\"@type\":\"ImageObject\",\"inLanguage\":\"cs\",\"@id\":\"https:\/\/belovedlabel.com\/cz\/#\/schema\/logo\/image\/\",\"url\":\"https:\/\/belovedlabel.com\/cz\/wp-content\/uploads\/2025\/03\/beloved-logo.png\",\"contentUrl\":\"https:\/\/belovedlabel.com\/cz\/wp-content\/uploads\/2025\/03\/beloved-logo.png\",\"width\":1400,\"height\":544,\"caption\":\"Beloved Lingerie\"},\"image\":{\"@id\":\"https:\/\/belovedlabel.com\/cz\/#\/schema\/logo\/image\/\"},\"sameAs\":[\"https:\/\/www.facebook.com\/belovedlingerie\",\"https:\/\/www.instagram.com\/yourbelovedlingerie\/\",\"https:\/\/www.tiktok.com\/@belovedfashion\"]}]}<\/script>\n<!-- \/ Yoast SEO plugin. -->","yoast_head_json":{"title":"Platba a doru\u010den\u00ed - Beloved Label","robots":{"index":"index","follow":"follow","max-snippet":"max-snippet:-1","max-image-preview":"max-image-preview:large","max-video-preview":"max-video-preview:-1"},"canonical":"https:\/\/belovedlabel.com\/cz\/platba-a-doruceni\/","og_locale":"cs_CZ","og_type":"article","og_title":"Platba a doru\u010den\u00ed - Beloved Label","og_url":"https:\/\/belovedlabel.com\/cz\/platba-a-doruceni\/","og_site_name":"Beloved Label","article_publisher":"https:\/\/www.facebook.com\/belovedlingerie","article_modified_time":"2025-08-07T23:01:11+00:00","og_image":[{"width":264,"height":110,"url":"https:\/\/belovedlabel.com\/cz\/wp-content\/uploads\/2025\/03\/logo-beloved-lingerie.png","type":"image\/png"}],"twitter_card":"summary_large_image","twitter_misc":{"Odhadovan\u00e1 doba \u010dten\u00ed":"1 minuta"},"schema":{"@context":"https:\/\/schema.org","@graph":[{"@type":"WebPage","@id":"https:\/\/belovedlabel.com\/cz\/platba-a-doruceni\/","url":"https:\/\/belovedlabel.com\/cz\/platba-a-doruceni\/","name":"Platba a doru\u010den\u00ed - Beloved Label","isPartOf":{"@id":"https:\/\/belovedlabel.com\/cz\/#website"},"datePublished":"2025-03-19T10:41:49+00:00","dateModified":"2025-08-07T23:01:11+00:00","breadcrumb":{"@id":"https:\/\/belovedlabel.com\/cz\/platba-a-doruceni\/#breadcrumb"},"inLanguage":"cs","potentialAction":[{"@type":"ReadAction","target":["https:\/\/belovedlabel.com\/cz\/platba-a-doruceni\/"]}]},{"@type":"BreadcrumbList","@id":"https:\/\/belovedlabel.com\/cz\/platba-a-doruceni\/#breadcrumb","itemListElement":[{"@type":"ListItem","position":1,"name":"Po\u010detna","item":"https:\/\/belovedlabel.com\/cz\/"},{"@type":"ListItem","position":2,"name":"Platba a doru\u010den\u00ed"}]},{"@type":"WebSite","@id":"https:\/\/belovedlabel.com\/cz\/#website","url":"https:\/\/belovedlabel.com\/cz\/","name":"Beloved Lingerie","description":"Your beloved store!","publisher":{"@id":"https:\/\/belovedlabel.com\/cz\/#organization"},"potentialAction":[{"@type":"SearchAction","target":{"@type":"EntryPoint","urlTemplate":"https:\/\/belovedlabel.com\/cz\/?s={search_term_string}"},"query-input":{"@type":"PropertyValueSpecification","valueRequired":true,"valueName":"search_term_string"}}],"inLanguage":"cs"},{"@type":"Organization","@id":"https:\/\/belovedlabel.com\/cz\/#organization","name":"Beloved Lingerie","url":"https:\/\/belovedlabel.com\/cz\/","logo":{"@type":"ImageObject","inLanguage":"cs","@id":"https:\/\/belovedlabel.com\/cz\/#\/schema\/logo\/image\/","url":"https:\/\/belovedlabel.com\/cz\/wp-content\/uploads\/2025\/03\/beloved-logo.png","contentUrl":"https:\/\/belovedlabel.com\/cz\/wp-content\/uploads\/2025\/03\/beloved-logo.png","width":1400,"height":544,"caption":"Beloved Lingerie"},"image":{"@id":"https:\/\/belovedlabel.com\/cz\/#\/schema\/logo\/image\/"},"sameAs":["https:\/\/www.facebook.com\/belovedlingerie","https:\/\/www.instagram.com\/yourbelovedlingerie\/","https:\/\/www.tiktok.com\/@belovedfashion"]}]}},"_links":{"self":[{"href":"https:\/\/belovedlabel.com\/cz\/wp-json\/wp\/v2\/pages\/2010","targetHints":{"allow":["GET"]}}],"collection":[{"href":"https:\/\/belovedlabel.com\/cz\/wp-json\/wp\/v2\/pages"}],"about":[{"href":"https:\/\/belovedlabel.com\/cz\/wp-json\/wp\/v2\/types\/page"}],"author":[{"embeddable":true,"href":"https:\/\/belovedlabel.com\/cz\/wp-json\/wp\/v2\/users\/1"}],"replies":[{"embeddable":true,"href":"https:\/\/belovedlabel.com\/cz\/wp-json\/wp\/v2\/comments?post=2010"}],"version-history":[{"count":4,"href":"https:\/\/belovedlabel.com\/cz\/wp-json\/wp\/v2\/pages\/2010\/revisions"}],"predecessor-version":[{"id":5383,"href":"https:\/\/belovedlabel.com\/cz\/wp-json\/wp\/v2\/pages\/2010\/revisions\/5383"}],"wp:attachment":[{"href":"https:\/\/belovedlabel.com\/cz\/wp-json\/wp\/v2\/media?parent=2010"}],"curies":[{"name":"wp","href":"https:\/\/api.w.org\/{rel}","templated":true}]}}